{"id":18382,"date":"2020-08-18T13:39:16","date_gmt":"2020-08-18T20:39:16","guid":{"rendered":"https:\/\/www.latmultilingual.com\/?page_id=18382"},"modified":"2022-03-07T15:56:16","modified_gmt":"2022-03-07T23:56:16","slug":"anglais-canadien","status":"publish","type":"page","link":"https:\/\/staging.latmultilingual.com\/fr\/anglais-canadien\/","title":{"rendered":"Diversit\u00e9 canadienne"},"content":{"rendered":"<div class=\"fusion-fullwidth fullwidth-box fusion-builder-row-1 grey-section nonhundred-percent-fullwidth non-hundred-percent-height-scrolling\" style=\"background-color: rgba(255,255,255,0);background-position: center center;background-repeat: no-repeat;padding-top:30px;padding-right:0px;padding-bottom:20px;padding-left:0px;margin-bottom: 0px;margin-top: 0px;border-width: 0px 0px 0px 0px;border-color:#eae9e9;border-style:solid;\" ><div class=\"fusion-builder-row fusion-row\"><div class=\"fusion-layout-column fusion_builder_column fusion-builder-column-0 fusion_builder_column_2_3 2_3 fusion-two-third fusion-column-first\" style=\"width:66.666666666667%;width:calc(66.666666666667% - ( ( 4% ) * 0.66666666666667 ) );margin-right: 4%;margin-top:0px;margin-bottom:0px;\"><div class=\"fusion-column-wrapper fusion-flex-column-wrapper-legacy\" style=\"background-position:left top;background-repeat:no-repeat;-webkit-background-size:cover;-moz-background-size:cover;-o-background-size:cover;background-size:cover;padding: 0px 0px 0px 0px;\"><style type=\"text\/css\"><\/style><div class=\"fusion-title title fusion-title-1 fusion-sep-none fusion-title-text fusion-title-size-one\" style=\"margin-top:0px;margin-bottom:15px;\"><h1 class=\"title-heading-left\" style=\"margin:0;\"><h2>Rejoignez les diverses communaut\u00e9s du Canada en allant au-del\u00e0 des langues officielles<\/h2><\/h1><\/div><div class=\"fusion-text fusion-text-1\" style=\"transform:translate3d(0,0,0);\"><p style=\"text-align: left;\" align=\"justify\">Si vous pensez au march\u00e9 canadien, il est naturel que les deux langues officielles vous viennent \u00e0 l\u2019esprit\u00a0: le fran\u00e7ais et l\u2019anglais. Ce que vous ne savez peut-\u00eatre pas, c\u2019est qu\u2019un Canadien sur quatre parle une autre langue maternelle.<\/p>\n<p style=\"text-align: left;\" align=\"justify\">Les sept langues les plus parl\u00e9es du pays, apr\u00e8s l\u2019anglais et le fran\u00e7ais, sont le mandarin, le cantonais, le punjabi, l\u2019espagnol, le tagalog, l\u2019arabe et l\u2019italien. Toutefois, la r\u00e9partition de leurs locuteurs varie d\u2019une province \u00e0 l\u2019autre. L\u2019aide d\u2019un cabinet professionnel peut \u00eatre inestimable pour vous y retrouver.<\/p>\n<p style=\"text-align: left;\">Voici les services que nous offrons\u00a0:<\/p>\n<ul>\n<li style=\"text-align: left;\">\u00e9tudes de march\u00e9 et connaissances de votre march\u00e9 cible;<\/li>\n<li style=\"text-align: left;\">services de traduction et de transcr\u00e9ation pour adapter votre contenu marketing;<\/li>\n<li style=\"text-align: left;\">traductions de qualit\u00e9 exceptionnelles cr\u00e9\u00e9es par des traducteurs \u00e9tablis dans le march\u00e9 et soumises \u00e0 un processus de contr\u00f4le de la qualit\u00e9 rigoureux;<\/li>\n<li style=\"text-align: left;\">outils de gestion en ligne pour faire le suivi de vos demandes de traduction;<\/li>\n<li style=\"text-align: left;\">sp\u00e9cialistes linguistiques internes avec le savoir-faire pour rejoindre ces communaut\u00e9s.<\/li>\n<\/ul>\n<\/div><div class=\"fusion-aligncenter\"><style type=\"text\/css\">.fusion-button.button-1 {border-radius:2px;}<\/style><a class=\"fusion-button button-flat button-large button-default button-1 fusion-button-default-span fusion-button-default-type marketing-multiculturel\" target=\"_self\" href=\"#\"><span class=\"fusion-button-text\">Demander un devis<\/span><\/a><\/div><div class=\"fusion-clearfix\"><\/div><\/div><\/div><div class=\"fusion-layout-column fusion_builder_column fusion-builder-column-1 fusion_builder_column_1_3 1_3 fusion-one-third fusion-column-last\" style=\"width:33.333333333333%;width:calc(33.333333333333% - ( ( 4% ) * 0.33333333333333 ) );margin-top:0px;margin-bottom:0px;\"><div class=\"fusion-column-wrapper fusion-flex-column-wrapper-legacy\" style=\"background-position:left top;background-repeat:no-repeat;-webkit-background-size:cover;-moz-background-size:cover;-o-background-size:cover;background-size:cover;padding: 0px 0px 0px 0px;\"><div class=\"fusion-text fusion-text-2\" style=\"transform:translate3d(0,0,0);\"><blockquote>\n<p style=\"text-align: left;\" align=\"justify\">LAT est un partenaire exceptionnel et remarquablement efficace. Notre situation est en constante \u00e9volution, mais chaque fois, quoiqu\u2019il arrive, nous arrivons toujours \u00e0 livrer un produit impeccable gr\u00e2ce \u00e0 LAT.<\/p>\n<p style=\"text-align: left;\"><strong>Jean LeTarte<\/strong><br \/>\n<span class=\"medium-blue\">TC Transcontinental\u00a0<\/span><\/p>\n<\/blockquote>\n<p style=\"text-align: left;\">\u00a0<\/p>\n<blockquote>\n<p style=\"text-align: left;\" align=\"justify\">Mon exp\u00e9rience avec LAT a toujours \u00e9t\u00e9 excellente! L\u2019\u00e9quipe est fiable, professionnelle et d\u2019un abord agr\u00e9able, et elle nous fournit toujours des services qui correspondent parfaitement aux besoins de l\u2019industrie dans laquelle nous travaillons.<\/p>\n<p style=\"text-align: left;\"><strong>Sabina Farolan<\/strong><br \/>\n<span class=\"medium-blue\">Brightworks<\/span><\/p>\n<\/blockquote>\n<\/div><div class=\"fusion-clearfix\"><\/div><\/div><\/div><\/div><\/div><div class=\"fusion-fullwidth fullwidth-box fusion-builder-row-2 nonhundred-percent-fullwidth non-hundred-percent-height-scrolling\" style=\"background-color: rgba(255,255,255,0);background-position: center center;background-repeat: no-repeat;padding-top:30px;padding-right:0px;padding-bottom:20px;padding-left:0px;margin-bottom: 0px;margin-top: 0px;border-width: 0px 0px 0px 0px;border-color:#eae9e9;border-style:solid;\" ><div class=\"fusion-builder-row fusion-row\"><div class=\"fusion-layout-column fusion_builder_column fusion-builder-column-2 fusion_builder_column_1_1 1_1 fusion-one-full fusion-column-first fusion-column-last\" style=\"margin-top:0px;margin-bottom:0px;\"><div class=\"fusion-column-wrapper fusion-flex-column-wrapper-legacy\" style=\"background-position:left top;background-repeat:no-repeat;-webkit-background-size:cover;-moz-background-size:cover;-o-background-size:cover;background-size:cover;padding: 0px 0px 0px 0px;\"><style type=\"text\/css\"><\/style><div class=\"fusion-title title fusion-title-2 fusion-sep-none fusion-title-center fusion-title-text fusion-title-size-two\" style=\"margin-top:0px;margin-bottom:15px;\"><h2 class=\"title-heading-center\" style=\"margin:0;\"><h2>R\u00e9alisations pour le march\u00e9 canadien<\/h2>\n<p>&nbsp;<\/p><\/h2><\/div><style type=\"text\/css\">.fusion-portfolio-wrapper#fusion-portfolio-1 .fusion-portfolio-content{  text-align: left; }<\/style><div class=\"fusion-recent-works fusion-portfolio-element fusion-portfolio fusion-portfolio-1 fusion-portfolio-grid fusion-portfolio-paging-load-more-button fusion-portfolio-three fusion-portfolio-unboxed fusion-portfolio-text fusion-portfolio-equal-heights\" data-id=\"-rw-1\" data-columns=\"three\"><style type=\"text\/css\">.fusion-portfolio-1 .fusion-portfolio-wrapper .fusion-col-spacing{padding:10px;}<\/style><div class=\"fusion-portfolio-wrapper\" id=\"fusion-portfolio-1\" data-picturesize=\"auto\" data-pages=\"1\" style=\"margin:-10px;\"><article id=\"portfolio-1-post-13133\" class=\"fusion-portfolio-post emballage-et-etiquetage-bilingues marche-francophone-au-canada fusion-col-spacing post-13133\"><div class=\"fusion-portfolio-content-wrapper\" style=\"border:none;\"><span class=\"vcard rich-snippet-hidden\"><span class=\"fn\"><a href=\"https:\/\/staging.latmultilingual.com\/fr\/blog\/author\/kin-lo\/\" title=\"Articles par Kin Lo\" rel=\"author\">Kin Lo<\/a><\/span><\/span><span class=\"updated rich-snippet-hidden\">2020-10-26T11:40:30-07:00<\/span>\n\n<div  class=\"fusion-image-wrapper\" aria-haspopup=\"true\">\n\t\n\t\n\t\t\t\t\t<a href=\"https:\/\/staging.latmultilingual.com\/fr\/blog\/case-studies\/mccormick\/\" aria-label=\"McCormick\">\n\t\t\t\n\t\t\t\t\t<img width=\"1878\" height=\"1183\" src=\"https:\/\/staging.latmultilingual.com\/wp-content\/uploads\/2016\/06\/McCormick_BillyBee_700X441-2.jpg\" class=\"attachment-full size-full lazyload wp-post-image\" alt=\"\" loading=\"lazy\" srcset=\"data:image\/svg+xml,%3Csvg%20xmlns%3D%27http%3A%2F%2Fwww.w3.org%2F2000%2Fsvg%27%20width%3D%271878%27%20height%3D%271183%27%20viewBox%3D%270%200%201878%201183%27%3E%3Crect%20width%3D%271878%27%20height%3D%2731183%27%20fill-opacity%3D%220%22%2F%3E%3C%2Fsvg%3E\" data-orig-src=\"https:\/\/staging.latmultilingual.com\/wp-content\/uploads\/2016\/06\/McCormick_BillyBee_700X441-2.jpg\" data-srcset=\"https:\/\/staging.latmultilingual.com\/wp-content\/uploads\/2016\/06\/McCormick_BillyBee_700X441-2-200x126.jpg 200w, https:\/\/staging.latmultilingual.com\/wp-content\/uploads\/2016\/06\/McCormick_BillyBee_700X441-2-400x252.jpg 400w, https:\/\/staging.latmultilingual.com\/wp-content\/uploads\/2016\/06\/McCormick_BillyBee_700X441-2-600x378.jpg 600w, https:\/\/staging.latmultilingual.com\/wp-content\/uploads\/2016\/06\/McCormick_BillyBee_700X441-2-800x504.jpg 800w, https:\/\/staging.latmultilingual.com\/wp-content\/uploads\/2016\/06\/McCormick_BillyBee_700X441-2-1200x756.jpg 1200w, https:\/\/staging.latmultilingual.com\/wp-content\/uploads\/2016\/06\/McCormick_BillyBee_700X441-2.jpg 1878w\" data-sizes=\"auto\" \/>\n\t\n\n\t\t<\/a>\n\n\t\n<\/div>\n<div class=\"fusion-portfolio-content\"><h2 class=\"entry-title fusion-post-title\"><a href=\"https:\/\/staging.latmultilingual.com\/fr\/blog\/case-studies\/mccormick\/\">McCormick<\/a><\/h2><div class=\"fusion-post-content\"><p>Bien que les produits McCormick soient vendus aux quatre coins du monde, ils ont voulu s\u2019assurer d\u2019une pr\u00e9sence canadienne compl\u00e8tement adapt\u00e9e au march\u00e9 local. <\/p><\/div><\/div><\/div><\/article><article id=\"portfolio-1-post-13065\" class=\"fusion-portfolio-post emballage-et-etiquetage-bilingues marche-francophone-au-canada traduction-et-localisation fusion-col-spacing post-13065\"><div class=\"fusion-portfolio-content-wrapper\" style=\"border:none;\"><span class=\"vcard rich-snippet-hidden\"><span class=\"fn\"><a href=\"https:\/\/staging.latmultilingual.com\/fr\/blog\/author\/kin-lo\/\" title=\"Articles par Kin Lo\" rel=\"author\">Kin Lo<\/a><\/span><\/span><span class=\"updated rich-snippet-hidden\">2020-10-26T11:42:01-07:00<\/span>\n\n<div  class=\"fusion-image-wrapper\" aria-haspopup=\"true\">\n\t\n\t\n\t\t\t\t\t<a href=\"https:\/\/staging.latmultilingual.com\/fr\/blog\/case-studies\/kao\/\" aria-label=\"KAO\">\n\t\t\t\n\t\t\t\t\t<img width=\"768\" height=\"570\" src=\"https:\/\/staging.latmultilingual.com\/wp-content\/uploads\/2016\/05\/johnfrieda.jpg\" class=\"attachment-full size-full lazyload wp-post-image\" alt=\"\" loading=\"lazy\" srcset=\"data:image\/svg+xml,%3Csvg%20xmlns%3D%27http%3A%2F%2Fwww.w3.org%2F2000%2Fsvg%27%20width%3D%27768%27%20height%3D%27570%27%20viewBox%3D%270%200%20768%20570%27%3E%3Crect%20width%3D%27768%27%20height%3D%273570%27%20fill-opacity%3D%220%22%2F%3E%3C%2Fsvg%3E\" data-orig-src=\"https:\/\/staging.latmultilingual.com\/wp-content\/uploads\/2016\/05\/johnfrieda.jpg\" data-srcset=\"https:\/\/staging.latmultilingual.com\/wp-content\/uploads\/2016\/05\/johnfrieda-200x148.jpg 200w, https:\/\/staging.latmultilingual.com\/wp-content\/uploads\/2016\/05\/johnfrieda-400x297.jpg 400w, https:\/\/staging.latmultilingual.com\/wp-content\/uploads\/2016\/05\/johnfrieda-600x445.jpg 600w, https:\/\/staging.latmultilingual.com\/wp-content\/uploads\/2016\/05\/johnfrieda.jpg 768w\" data-sizes=\"auto\" \/>\n\t\n\n\t\t<\/a>\n\n\t\n<\/div>\n<div class=\"fusion-portfolio-content\"><h2 class=\"entry-title fusion-post-title\"><a href=\"https:\/\/staging.latmultilingual.com\/fr\/blog\/case-studies\/kao\/\">KAO<\/a><\/h2><div class=\"fusion-post-content\"><p>KAO est une entreprise japonaise qui g\u00e8re des marques populaires telles que Jergens, John Frieda et Bior\u00e9. En raison de sa port\u00e9e mondiale, KAO a besoin de contenus localis\u00e9s pour promouvoir avec succ\u00e8s son large \u00e9ventail de produits aupr\u00e8s de publics tr\u00e8s diversifi\u00e9s.<\/p><\/div><\/div><\/div><\/article><article id=\"portfolio-1-post-5610\" class=\"fusion-portfolio-post canada traduction-et-localisation fusion-col-spacing post-5610\"><div class=\"fusion-portfolio-content-wrapper\" style=\"border:none;\"><span class=\"vcard rich-snippet-hidden\"><span class=\"fn\"><a href=\"https:\/\/staging.latmultilingual.com\/fr\/blog\/author\/kin-lo\/\" title=\"Articles par Kin Lo\" rel=\"author\">Kin Lo<\/a><\/span><\/span><span class=\"updated rich-snippet-hidden\">2020-11-02T15:49:26-08:00<\/span>\n\n<div  class=\"fusion-image-wrapper\" aria-haspopup=\"true\">\n\t\n\t\n\t\t\t\t\t<a href=\"https:\/\/staging.latmultilingual.com\/fr\/blog\/case-studies\/jeux-olympiques-de-2010-vancouver\/\" aria-label=\"Jeux olympiques de 2010 \u00e0 Vancouver\">\n\t\t\t\n\t\t\t\t\t<img width=\"540\" height=\"272\" src=\"https:\/\/staging.latmultilingual.com\/wp-content\/uploads\/2013\/05\/vancouver-2010-winter-olympics.jpg\" class=\"attachment-full size-full lazyload wp-post-image\" alt=\"Vancouver 2010 Olympics Translation\" loading=\"lazy\" srcset=\"data:image\/svg+xml,%3Csvg%20xmlns%3D%27http%3A%2F%2Fwww.w3.org%2F2000%2Fsvg%27%20width%3D%27540%27%20height%3D%27272%27%20viewBox%3D%270%200%20540%20272%27%3E%3Crect%20width%3D%27540%27%20height%3D%273272%27%20fill-opacity%3D%220%22%2F%3E%3C%2Fsvg%3E\" data-orig-src=\"https:\/\/staging.latmultilingual.com\/wp-content\/uploads\/2013\/05\/vancouver-2010-winter-olympics.jpg\" data-srcset=\"https:\/\/staging.latmultilingual.com\/wp-content\/uploads\/2013\/05\/vancouver-2010-winter-olympics-200x101.jpg 200w, https:\/\/staging.latmultilingual.com\/wp-content\/uploads\/2013\/05\/vancouver-2010-winter-olympics-400x201.jpg 400w, https:\/\/staging.latmultilingual.com\/wp-content\/uploads\/2013\/05\/vancouver-2010-winter-olympics.jpg 540w\" data-sizes=\"auto\" \/>\n\t\n\n\t\t<\/a>\n\n\t\n<\/div>\n<div class=\"fusion-portfolio-content\"><h2 class=\"entry-title fusion-post-title\"><a href=\"https:\/\/staging.latmultilingual.com\/fr\/blog\/case-studies\/jeux-olympiques-de-2010-vancouver\/\">Jeux olympiques de 2010 \u00e0 Vancouver<\/a><\/h2><div class=\"fusion-post-content\"><p>Apr\u00e8s avoir offert gracieusement nos services de traduction \u00e0 l\u2019\u00e9quipe de candidature de Vancouver aux Jeux olympiques de 2010, nous sommes devenus traducteurs officiels du COVAN jusqu\u2019au d\u00e9but des Jeux.<\/p><\/div><\/div><\/div><\/article><\/div><\/div><div class=\"fusion-clearfix\"><\/div><\/div><\/div><\/div><\/div><div class=\"fusion-fullwidth fullwidth-box fusion-builder-row-3 nonhundred-percent-fullwidth non-hundred-percent-height-scrolling\" style=\"background-color: rgba(255,255,255,0);background-position: center center;background-repeat: no-repeat;padding-top:30px;padding-right:0px;padding-bottom:20px;padding-left:0px;margin-bottom: 0px;margin-top: 0px;border-width: 0px 0px 0px 0px;border-color:#eae9e9;border-style:solid;\" ><div class=\"fusion-builder-row fusion-row\"><div class=\"fusion-layout-column fusion_builder_column fusion-builder-column-3 fusion_builder_column_1_1 1_1 fusion-one-full fusion-column-first fusion-column-last\" style=\"margin-top:0px;margin-bottom:0px;\"><div class=\"fusion-column-wrapper fusion-flex-column-wrapper-legacy\" style=\"background-position:left top;background-repeat:no-repeat;-webkit-background-size:cover;-moz-background-size:cover;-o-background-size:cover;background-size:cover;padding: 0px 0px 0px 0px;\"><div class=\"fusion-text fusion-text-3\" style=\"transform:translate3d(0,0,0);\"><\/div><div class=\"fusion-clearfix\"><\/div><\/div><\/div><\/div><\/div>\n","protected":false},"excerpt":{"rendered":"","protected":false},"author":62,"featured_media":0,"parent":0,"menu_order":0,"comment_status":"open","ping_status":"closed","template":"100-width.php","meta":[],"acf":[],"yoast_head":"<!-- This site is optimized with the Yoast SEO plugin v19.13 - https:\/\/yoast.com\/wordpress\/plugins\/seo\/ -->\n<title>Diversit\u00e9 canadienne | LAT<\/title>\n<meta name=\"description\" content=\"Rejoignez les diverses communaut\u00e9s du Canada en allant au-del\u00e0 des langues officielles.\" \/>\n<meta name=\"robots\" content=\"index, follow, max-snippet:-1, max-image-preview:large, max-video-preview:-1\" \/>\n<link rel=\"canonical\" href=\"https:\/\/staging.latmultilingual.com\/fr\/anglais-canadien\/\" \/>\n<meta property=\"og:locale\" content=\"fr_FR\" \/>\n<meta property=\"og:type\" content=\"article\" \/>\n<meta property=\"og:title\" content=\"Diversit\u00e9 canadienne | LAT\" \/>\n<meta property=\"og:description\" content=\"Rejoignez les diverses communaut\u00e9s du Canada en allant au-del\u00e0 des langues officielles.\" \/>\n<meta property=\"og:url\" content=\"https:\/\/staging.latmultilingual.com\/fr\/anglais-canadien\/\" \/>\n<meta property=\"og:site_name\" content=\"LAT Multilingue Traduction et Marketing\" \/>\n<meta property=\"article:publisher\" content=\"https:\/\/www.facebook.com\/LATMultilingual\/\" \/>\n<meta property=\"article:modified_time\" content=\"2022-03-07T23:56:16+00:00\" \/>\n<meta name=\"twitter:card\" content=\"summary_large_image\" \/>\n<meta name=\"twitter:site\" content=\"@LATMultilingual\" \/>\n<meta name=\"twitter:label1\" content=\"Dur\u00e9e de lecture estim\u00e9e\" \/>\n\t<meta name=\"twitter:data1\" content=\"10 minutes\" \/>\n<script type=\"application\/ld+json\" class=\"yoast-schema-graph\">{\"@context\":\"https:\/\/schema.org\",\"@graph\":[{\"@type\":\"WebPage\",\"@id\":\"https:\/\/staging.latmultilingual.com\/fr\/anglais-canadien\/\",\"url\":\"https:\/\/staging.latmultilingual.com\/fr\/anglais-canadien\/\",\"name\":\"Diversit\u00e9 canadienne | LAT\",\"isPartOf\":{\"@id\":\"https:\/\/staging.latmultilingual.com\/#website\"},\"datePublished\":\"2020-08-18T20:39:16+00:00\",\"dateModified\":\"2022-03-07T23:56:16+00:00\",\"description\":\"Rejoignez les diverses communaut\u00e9s du Canada en allant au-del\u00e0 des langues officielles.\",\"breadcrumb\":{\"@id\":\"https:\/\/staging.latmultilingual.com\/fr\/anglais-canadien\/#breadcrumb\"},\"inLanguage\":\"fr-FR\",\"potentialAction\":[{\"@type\":\"ReadAction\",\"target\":[\"https:\/\/staging.latmultilingual.com\/fr\/anglais-canadien\/\"]}]},{\"@type\":\"BreadcrumbList\",\"@id\":\"https:\/\/staging.latmultilingual.com\/fr\/anglais-canadien\/#breadcrumb\",\"itemListElement\":[{\"@type\":\"ListItem\",\"position\":1,\"name\":\"Home\",\"item\":\"https:\/\/staging.latmultilingual.com\/fr\/\"},{\"@type\":\"ListItem\",\"position\":2,\"name\":\"Diversit\u00e9 canadienne\"}]},{\"@type\":\"WebSite\",\"@id\":\"https:\/\/staging.latmultilingual.com\/#website\",\"url\":\"https:\/\/staging.latmultilingual.com\/\",\"name\":\"LAT Multilingue Traduction et Marketing\",\"description\":\"Reach New Markets with Quality Translation and Cultural Marketing Services\",\"potentialAction\":[{\"@type\":\"SearchAction\",\"target\":{\"@type\":\"EntryPoint\",\"urlTemplate\":\"https:\/\/staging.latmultilingual.com\/?s={search_term_string}\"},\"query-input\":\"required name=search_term_string\"}],\"inLanguage\":\"fr-FR\"}]}<\/script>\n<!-- \/ Yoast SEO plugin. -->","yoast_head_json":{"title":"Diversit\u00e9 canadienne | LAT","description":"Rejoignez les diverses communaut\u00e9s du Canada en allant au-del\u00e0 des langues officielles.","robots":{"index":"index","follow":"follow","max-snippet":"max-snippet:-1","max-image-preview":"max-image-preview:large","max-video-preview":"max-video-preview:-1"},"canonical":"https:\/\/staging.latmultilingual.com\/fr\/anglais-canadien\/","og_locale":"fr_FR","og_type":"article","og_title":"Diversit\u00e9 canadienne | LAT","og_description":"Rejoignez les diverses communaut\u00e9s du Canada en allant au-del\u00e0 des langues officielles.","og_url":"https:\/\/staging.latmultilingual.com\/fr\/anglais-canadien\/","og_site_name":"LAT Multilingue Traduction et Marketing","article_publisher":"https:\/\/www.facebook.com\/LATMultilingual\/","article_modified_time":"2022-03-07T23:56:16+00:00","twitter_card":"summary_large_image","twitter_site":"@LATMultilingual","twitter_misc":{"Dur\u00e9e de lecture estim\u00e9e":"10 minutes"},"schema":{"@context":"https:\/\/schema.org","@graph":[{"@type":"WebPage","@id":"https:\/\/staging.latmultilingual.com\/fr\/anglais-canadien\/","url":"https:\/\/staging.latmultilingual.com\/fr\/anglais-canadien\/","name":"Diversit\u00e9 canadienne | LAT","isPartOf":{"@id":"https:\/\/staging.latmultilingual.com\/#website"},"datePublished":"2020-08-18T20:39:16+00:00","dateModified":"2022-03-07T23:56:16+00:00","description":"Rejoignez les diverses communaut\u00e9s du Canada en allant au-del\u00e0 des langues officielles.","breadcrumb":{"@id":"https:\/\/staging.latmultilingual.com\/fr\/anglais-canadien\/#breadcrumb"},"inLanguage":"fr-FR","potentialAction":[{"@type":"ReadAction","target":["https:\/\/staging.latmultilingual.com\/fr\/anglais-canadien\/"]}]},{"@type":"BreadcrumbList","@id":"https:\/\/staging.latmultilingual.com\/fr\/anglais-canadien\/#breadcrumb","itemListElement":[{"@type":"ListItem","position":1,"name":"Home","item":"https:\/\/staging.latmultilingual.com\/fr\/"},{"@type":"ListItem","position":2,"name":"Diversit\u00e9 canadienne"}]},{"@type":"WebSite","@id":"https:\/\/staging.latmultilingual.com\/#website","url":"https:\/\/staging.latmultilingual.com\/","name":"LAT Multilingue Traduction et Marketing","description":"Reach New Markets with Quality Translation and Cultural Marketing Services","potentialAction":[{"@type":"SearchAction","target":{"@type":"EntryPoint","urlTemplate":"https:\/\/staging.latmultilingual.com\/?s={search_term_string}"},"query-input":"required name=search_term_string"}],"inLanguage":"fr-FR"}]}},"_links":{"self":[{"href":"https:\/\/staging.latmultilingual.com\/fr\/wp-json\/wp\/v2\/pages\/18382"}],"collection":[{"href":"https:\/\/staging.latmultilingual.com\/fr\/wp-json\/wp\/v2\/pages"}],"about":[{"href":"https:\/\/staging.latmultilingual.com\/fr\/wp-json\/wp\/v2\/types\/page"}],"author":[{"embeddable":true,"href":"https:\/\/staging.latmultilingual.com\/fr\/wp-json\/wp\/v2\/users\/62"}],"replies":[{"embeddable":true,"href":"https:\/\/staging.latmultilingual.com\/fr\/wp-json\/wp\/v2\/comments?post=18382"}],"version-history":[{"count":22,"href":"https:\/\/staging.latmultilingual.com\/fr\/wp-json\/wp\/v2\/pages\/18382\/revisions"}],"predecessor-version":[{"id":22419,"href":"https:\/\/staging.latmultilingual.com\/fr\/wp-json\/wp\/v2\/pages\/18382\/revisions\/22419"}],"wp:attachment":[{"href":"https:\/\/staging.latmultilingual.com\/fr\/wp-json\/wp\/v2\/media?parent=18382"}],"curies":[{"name":"wp","href":"https:\/\/api.w.org\/{rel}","templated":true}]}}