{"id":19311,"date":"2020-11-10T13:22:19","date_gmt":"2020-11-10T21:22:19","guid":{"rendered":"https:\/\/www.latmultilingual.com\/?page_id=19311"},"modified":"2022-03-11T12:19:06","modified_gmt":"2022-03-11T20:19:06","slug":"dragon-dor","status":"publish","type":"page","link":"https:\/\/staging.latmultilingual.com\/fr\/formation-culturelle\/dragon-dor\/","title":{"rendered":"Programme dragon D&rsquo;or"},"content":{"rendered":"<div class=\"fusion-fullwidth fullwidth-box fusion-builder-row-1 grey-section nonhundred-percent-fullwidth non-hundred-percent-height-scrolling\" style=\"background-color: rgba(255,255,255,0);background-position: center center;background-repeat: no-repeat;padding-top:30px;padding-right:0px;padding-bottom:20px;padding-left:0px;margin-bottom: 0px;margin-top: 0px;border-width: 0px 0px 0px 0px;border-color:#eae9e9;border-style:solid;\" ><div class=\"fusion-builder-row fusion-row\"><div class=\"fusion-layout-column fusion_builder_column fusion-builder-column-0 fusion_builder_column_2_3 2_3 fusion-two-third fusion-column-first\" style=\"width:66.666666666667%;width:calc(66.666666666667% - ( ( 4% ) * 0.66666666666667 ) );margin-right: 4%;margin-top:0px;margin-bottom:0px;\"><div class=\"fusion-column-wrapper fusion-flex-column-wrapper-legacy\" style=\"background-position:left top;background-repeat:no-repeat;-webkit-background-size:cover;-moz-background-size:cover;-o-background-size:cover;background-size:cover;padding: 0px 0px 0px 0px;\"><style type=\"text\/css\"><\/style><div class=\"fusion-title title fusion-title-1 fusion-sep-none fusion-title-text fusion-title-size-one\" style=\"margin-top:0px;margin-bottom:15px;\"><h1 class=\"title-heading-left\" style=\"margin:0;\">Soyez pr\u00eats \u00e0 accueillir vos invit\u00e9s chinois en faisant preuve de sensibilit\u00e9 culturelle.<\/h1><\/div><div class=\"fusion-text fusion-text-1\" style=\"transform:translate3d(0,0,0);\"><p align=\"justify\">Vous souhaitez capter l\u2019attention de la client\u00e8le chinoise, mais vous ne savez pas par o\u00f9 commencer? Notre programme exhaustif de marketing et de certification Dragon d\u2019or a \u00e9t\u00e9 con\u00e7u pour vous transmettre les connaissances et les outils n\u00e9cessaires, de A \u00e0 Z, pour rejoindre les clients chinois, qu\u2019ils soient au Canada ou \u00e0 l\u2019\u00e9tranger. Vous pourrez ainsi les REJOINDRE, les ATTIRER et les ACCUEILLIR comme il faut.<\/p>\n<p align=\"justify\">Pour ce faire, trois modules obligatoires sont au programme :<\/p>\n<ol>\n<li>La culture chinoise;<\/li>\n<li>Bien servir vos clients chinois;<\/li>\n<li>Tendances num\u00e9riques et mobiles en Chine.<\/li>\n<\/ol>\n<p align=\"justify\">Votre \u00e9quipe suivra aussi un module con\u00e7u sp\u00e9cialement pour votre industrie ou votre secteur.<\/p>\n<p align=\"justify\">Chaque module dure environ une heure et est pr\u00e9sent\u00e9 en ligne ou en personne par un membre de notre \u00e9quipe chinoise. L\u2019\u00e9quipe restera \u00e9galement \u00e0 votre disposition pour r\u00e9pondre \u00e0 toutes vos questions et pour vous offrir de pr\u00e9cieux conseils<\/p>\n<p align=\"justify\">Lorsque vous aurez termin\u00e9 le programme, nous pr\u00e9senterons votre entreprise sur trois plateformes num\u00e9riques chinoises populaires, dont TravelCanada.cn, ainsi que nos comptes WeChat et Weibo d\u00e9di\u00e9s. C\u2019est une excellente fa\u00e7on de faire part \u00e0 vos clients chinois de votre engagement \u00e0 leur offrir un service exceptionnel.<\/p>\n<\/div><div class=\"fusion-aligncenter\"><style type=\"text\/css\">.fusion-button.button-1 {border-radius:2px;}<\/style><a class=\"fusion-button button-flat button-large button-default button-1 fusion-button-default-span fusion-button-default-type marketing-multiculturel\" target=\"_self\" href=\"https:\/\/www.latmultilingual.com\/contact-us-2\/\"><span class=\"fusion-button-text\">Commencez!<\/span><\/a><\/div><div class=\"fusion-clearfix\"><\/div><\/div><\/div><div class=\"fusion-layout-column fusion_builder_column fusion-builder-column-1 fusion_builder_column_1_3 1_3 fusion-one-third fusion-column-last\" style=\"width:33.333333333333%;width:calc(33.333333333333% - ( ( 4% ) * 0.33333333333333 ) );margin-top:0px;margin-bottom:0px;\"><div class=\"fusion-column-wrapper fusion-flex-column-wrapper-legacy\" style=\"background-position:left top;background-repeat:no-repeat;-webkit-background-size:cover;-moz-background-size:cover;-o-background-size:cover;background-size:cover;padding: 0px 0px 0px 0px;\"><div class=\"fusion-text fusion-text-2\" style=\"transform:translate3d(0,0,0);\"><blockquote>\n<p align=\"justify\"><span style=\"background-color: inherit; font-style: inherit; letter-spacing: inherit;\">J\u2019ai beaucoup aim\u00e9 le cours, qui m\u2019a paru tr\u00e8s complet et int\u00e9ressant. L\u2019information \u00e9tait transmise de fa\u00e7on claire et concise et dans un ordre logique. Le cours \u00e9tait dynamique et fournissait des renseignements pertinents pour l\u2019industrie ainsi que de l\u2019information de base qu\u2019il est important de conna\u00eetre lorsqu\u2019on interagit avec une si belle culture. La pr\u00e9sentatrice \u00e9tait r\u00e9ellement une experte sur le sujet. La pr\u00e9sentatrice <\/span><span style=\"background-color: inherit; font-style: inherit; letter-spacing: inherit;\">\u00e9tait r\u00e9ellement une experte sur le sujet. Elle a fait un travail remarquable pour nous guider de mani\u00e8re cibl\u00e9e et ponctuelle.<\/span><\/p>\n<p><strong>Participant au programme<\/strong><br \/>\n<span class=\"medium-blue\">Hampton Inn and Suites by Hilton <br \/>\nFredericton, Nouveau-Brunswick<\/span><\/p>\n<\/blockquote>\n<p>&nbsp;<\/p>\n<blockquote>\n<p align=\"justify\">Le cours \u00e9tait concret et la formatrice nous a donn\u00e9 d\u2019excellents conseils pour mieux rejoindre le march\u00e9 chinois et r\u00e9pondre aux attentes des clients chinois en adaptant nos services. La formatrice ma\u00eetrise vraiment le sujet.<\/p>\n<p><strong>Participant au programme<br \/>\n<\/strong><span class=\"medium-blue\">Minist\u00e8re du Tourisme du Nouveau-Brunswick<br \/>\n<\/span><\/p>\n<\/blockquote>\n<\/div><div class=\"fusion-clearfix\"><\/div><\/div><\/div><\/div><\/div>\n","protected":false},"excerpt":{"rendered":"","protected":false},"author":61,"featured_media":0,"parent":20134,"menu_order":0,"comment_status":"open","ping_status":"open","template":"100-width.php","meta":[],"acf":[],"yoast_head":"<!-- This site is optimized with the Yoast SEO plugin v19.13 - https:\/\/yoast.com\/wordpress\/plugins\/seo\/ -->\n<title>Programme dragon D&#039;or - LAT Multilingue Traduction et Marketing<\/title>\n<meta name=\"description\" content=\"Soyez pr\u00eats \u00e0 accueillir vos invit\u00e9s chinois en faisant preuve de sensibilit\u00e9 culturelle. Take our Golden Dragon training and prepare for this important demographic.\" \/>\n<meta name=\"robots\" content=\"index, follow, max-snippet:-1, max-image-preview:large, max-video-preview:-1\" \/>\n<link rel=\"canonical\" href=\"https:\/\/staging.latmultilingual.com\/fr\/formation-culturelle\/dragon-dor\/\" \/>\n<meta property=\"og:locale\" content=\"fr_FR\" \/>\n<meta property=\"og:type\" content=\"article\" \/>\n<meta property=\"og:title\" content=\"Programme dragon D&#039;or - LAT Multilingue Traduction et Marketing\" \/>\n<meta property=\"og:description\" content=\"Soyez pr\u00eats \u00e0 accueillir vos invit\u00e9s chinois en faisant preuve de sensibilit\u00e9 culturelle. Take our Golden Dragon training and prepare for this important demographic.\" \/>\n<meta property=\"og:url\" content=\"https:\/\/staging.latmultilingual.com\/fr\/formation-culturelle\/dragon-dor\/\" \/>\n<meta property=\"og:site_name\" content=\"LAT Multilingue Traduction et Marketing\" \/>\n<meta property=\"article:publisher\" content=\"https:\/\/www.facebook.com\/LATMultilingual\/\" \/>\n<meta property=\"article:modified_time\" content=\"2022-03-11T20:19:06+00:00\" \/>\n<meta name=\"twitter:card\" content=\"summary_large_image\" \/>\n<meta name=\"twitter:site\" content=\"@LATMultilingual\" \/>\n<meta name=\"twitter:label1\" content=\"Dur\u00e9e de lecture estim\u00e9e\" \/>\n\t<meta name=\"twitter:data1\" content=\"4 minutes\" \/>\n<script type=\"application\/ld+json\" class=\"yoast-schema-graph\">{\"@context\":\"https:\/\/schema.org\",\"@graph\":[{\"@type\":\"WebPage\",\"@id\":\"https:\/\/staging.latmultilingual.com\/fr\/formation-culturelle\/dragon-dor\/\",\"url\":\"https:\/\/staging.latmultilingual.com\/fr\/formation-culturelle\/dragon-dor\/\",\"name\":\"Programme dragon D'or - LAT Multilingue Traduction et Marketing\",\"isPartOf\":{\"@id\":\"https:\/\/staging.latmultilingual.com\/#website\"},\"datePublished\":\"2020-11-10T21:22:19+00:00\",\"dateModified\":\"2022-03-11T20:19:06+00:00\",\"description\":\"Soyez pr\u00eats \u00e0 accueillir vos invit\u00e9s chinois en faisant preuve de sensibilit\u00e9 culturelle. Take our Golden Dragon training and prepare for this important demographic.\",\"breadcrumb\":{\"@id\":\"https:\/\/staging.latmultilingual.com\/fr\/formation-culturelle\/dragon-dor\/#breadcrumb\"},\"inLanguage\":\"fr-FR\",\"potentialAction\":[{\"@type\":\"ReadAction\",\"target\":[\"https:\/\/staging.latmultilingual.com\/fr\/formation-culturelle\/dragon-dor\/\"]}]},{\"@type\":\"BreadcrumbList\",\"@id\":\"https:\/\/staging.latmultilingual.com\/fr\/formation-culturelle\/dragon-dor\/#breadcrumb\",\"itemListElement\":[{\"@type\":\"ListItem\",\"position\":1,\"name\":\"Home\",\"item\":\"https:\/\/staging.latmultilingual.com\/fr\/\"},{\"@type\":\"ListItem\",\"position\":2,\"name\":\"Formation culturelle\",\"item\":\"https:\/\/staging.latmultilingual.com\/fr\/formation-culturelle\/\"},{\"@type\":\"ListItem\",\"position\":3,\"name\":\"Programme dragon D&#8217;or\"}]},{\"@type\":\"WebSite\",\"@id\":\"https:\/\/staging.latmultilingual.com\/#website\",\"url\":\"https:\/\/staging.latmultilingual.com\/\",\"name\":\"LAT Multilingue Traduction et Marketing\",\"description\":\"Reach New Markets with Quality Translation and Cultural Marketing Services\",\"potentialAction\":[{\"@type\":\"SearchAction\",\"target\":{\"@type\":\"EntryPoint\",\"urlTemplate\":\"https:\/\/staging.latmultilingual.com\/?s={search_term_string}\"},\"query-input\":\"required name=search_term_string\"}],\"inLanguage\":\"fr-FR\"}]}<\/script>\n<!-- \/ Yoast SEO plugin. -->","yoast_head_json":{"title":"Programme dragon D'or - LAT Multilingue Traduction et Marketing","description":"Soyez pr\u00eats \u00e0 accueillir vos invit\u00e9s chinois en faisant preuve de sensibilit\u00e9 culturelle. Take our Golden Dragon training and prepare for this important demographic.","robots":{"index":"index","follow":"follow","max-snippet":"max-snippet:-1","max-image-preview":"max-image-preview:large","max-video-preview":"max-video-preview:-1"},"canonical":"https:\/\/staging.latmultilingual.com\/fr\/formation-culturelle\/dragon-dor\/","og_locale":"fr_FR","og_type":"article","og_title":"Programme dragon D'or - LAT Multilingue Traduction et Marketing","og_description":"Soyez pr\u00eats \u00e0 accueillir vos invit\u00e9s chinois en faisant preuve de sensibilit\u00e9 culturelle. Take our Golden Dragon training and prepare for this important demographic.","og_url":"https:\/\/staging.latmultilingual.com\/fr\/formation-culturelle\/dragon-dor\/","og_site_name":"LAT Multilingue Traduction et Marketing","article_publisher":"https:\/\/www.facebook.com\/LATMultilingual\/","article_modified_time":"2022-03-11T20:19:06+00:00","twitter_card":"summary_large_image","twitter_site":"@LATMultilingual","twitter_misc":{"Dur\u00e9e de lecture estim\u00e9e":"4 minutes"},"schema":{"@context":"https:\/\/schema.org","@graph":[{"@type":"WebPage","@id":"https:\/\/staging.latmultilingual.com\/fr\/formation-culturelle\/dragon-dor\/","url":"https:\/\/staging.latmultilingual.com\/fr\/formation-culturelle\/dragon-dor\/","name":"Programme dragon D'or - LAT Multilingue Traduction et Marketing","isPartOf":{"@id":"https:\/\/staging.latmultilingual.com\/#website"},"datePublished":"2020-11-10T21:22:19+00:00","dateModified":"2022-03-11T20:19:06+00:00","description":"Soyez pr\u00eats \u00e0 accueillir vos invit\u00e9s chinois en faisant preuve de sensibilit\u00e9 culturelle. Take our Golden Dragon training and prepare for this important demographic.","breadcrumb":{"@id":"https:\/\/staging.latmultilingual.com\/fr\/formation-culturelle\/dragon-dor\/#breadcrumb"},"inLanguage":"fr-FR","potentialAction":[{"@type":"ReadAction","target":["https:\/\/staging.latmultilingual.com\/fr\/formation-culturelle\/dragon-dor\/"]}]},{"@type":"BreadcrumbList","@id":"https:\/\/staging.latmultilingual.com\/fr\/formation-culturelle\/dragon-dor\/#breadcrumb","itemListElement":[{"@type":"ListItem","position":1,"name":"Home","item":"https:\/\/staging.latmultilingual.com\/fr\/"},{"@type":"ListItem","position":2,"name":"Formation culturelle","item":"https:\/\/staging.latmultilingual.com\/fr\/formation-culturelle\/"},{"@type":"ListItem","position":3,"name":"Programme dragon D&#8217;or"}]},{"@type":"WebSite","@id":"https:\/\/staging.latmultilingual.com\/#website","url":"https:\/\/staging.latmultilingual.com\/","name":"LAT Multilingue Traduction et Marketing","description":"Reach New Markets with Quality Translation and Cultural Marketing Services","potentialAction":[{"@type":"SearchAction","target":{"@type":"EntryPoint","urlTemplate":"https:\/\/staging.latmultilingual.com\/?s={search_term_string}"},"query-input":"required name=search_term_string"}],"inLanguage":"fr-FR"}]}},"_links":{"self":[{"href":"https:\/\/staging.latmultilingual.com\/fr\/wp-json\/wp\/v2\/pages\/19311"}],"collection":[{"href":"https:\/\/staging.latmultilingual.com\/fr\/wp-json\/wp\/v2\/pages"}],"about":[{"href":"https:\/\/staging.latmultilingual.com\/fr\/wp-json\/wp\/v2\/types\/page"}],"author":[{"embeddable":true,"href":"https:\/\/staging.latmultilingual.com\/fr\/wp-json\/wp\/v2\/users\/61"}],"replies":[{"embeddable":true,"href":"https:\/\/staging.latmultilingual.com\/fr\/wp-json\/wp\/v2\/comments?post=19311"}],"version-history":[{"count":11,"href":"https:\/\/staging.latmultilingual.com\/fr\/wp-json\/wp\/v2\/pages\/19311\/revisions"}],"predecessor-version":[{"id":22597,"href":"https:\/\/staging.latmultilingual.com\/fr\/wp-json\/wp\/v2\/pages\/19311\/revisions\/22597"}],"up":[{"embeddable":true,"href":"https:\/\/staging.latmultilingual.com\/fr\/wp-json\/wp\/v2\/pages\/20134"}],"wp:attachment":[{"href":"https:\/\/staging.latmultilingual.com\/fr\/wp-json\/wp\/v2\/media?parent=19311"}],"curies":[{"name":"wp","href":"https:\/\/api.w.org\/{rel}","templated":true}]}}