{"id":20134,"date":"2020-10-07T14:22:11","date_gmt":"2020-10-07T21:22:11","guid":{"rendered":"https:\/\/www.latmultilingual.com\/?page_id=20134"},"modified":"2022-03-07T15:59:51","modified_gmt":"2022-03-07T23:59:51","slug":"formation-culturelle","status":"publish","type":"page","link":"https:\/\/staging.latmultilingual.com\/fr\/formation-culturelle\/","title":{"rendered":"Formation culturelle"},"content":{"rendered":"<div class=\"fusion-fullwidth fullwidth-box fusion-builder-row-1 grey-section nonhundred-percent-fullwidth non-hundred-percent-height-scrolling\" style=\"background-color: rgba(255,255,255,0);background-position: center center;background-repeat: no-repeat;padding-top:30px;padding-right:0px;padding-bottom:20px;padding-left:0px;margin-bottom: 0px;margin-top: 0px;border-width: 0px 0px 0px 0px;border-color:#eae9e9;border-style:solid;\" ><div class=\"fusion-builder-row fusion-row\"><div class=\"fusion-layout-column fusion_builder_column fusion-builder-column-0 fusion_builder_column_2_3 2_3 fusion-two-third fusion-column-first\" style=\"width:66.666666666667%;width:calc(66.666666666667% - ( ( 4% ) * 0.66666666666667 ) );margin-right: 4%;margin-top:0px;margin-bottom:0px;\"><div class=\"fusion-column-wrapper fusion-flex-column-wrapper-legacy\" style=\"background-position:left top;background-repeat:no-repeat;-webkit-background-size:cover;-moz-background-size:cover;-o-background-size:cover;background-size:cover;padding: 0px 0px 0px 0px;\"><style type=\"text\/css\"><\/style><div class=\"fusion-title title fusion-title-1 fusion-sep-none fusion-title-text fusion-title-size-one\" style=\"margin-top:0px;margin-bottom:15px;\"><h1 class=\"title-heading-left\" style=\"margin:0;\"><h2 style=\"text-align: left;\">Tissez des liens avec votre public en faisant preuve de sensibilit\u00e9 culturelle<\/h2><\/h1><\/div><div class=\"fusion-text fusion-text-1\" style=\"transform:translate3d(0,0,0);\"><p style=\"text-align: left;\" align=\"justify\">Dans un march\u00e9 diversifi\u00e9, il est essentiel de faire preuve de sensibilit\u00e9 culturelle pour pouvoir rejoindre une communaut\u00e9 en particulier.<\/p>\n<p style=\"text-align: left;\" align=\"justify\">Depuis des ann\u00e9es, nous offrons des programmes de formation cl\u00e9 en main aux entreprises, aux organismes et aux individus. Nous concevons \u00e9galement des formations culturelles sur mesure pour les aider \u00e0 comprendre les subtilit\u00e9s culturelles de certains groupes d\u00e9mographiques ou \u00e0 \u00e9laborer des strat\u00e9gies de communication efficaces.<\/p>\n<p style=\"text-align: left;\" align=\"justify\">Chez LAT, notre \u00e9quipe diversifi\u00e9e poss\u00e8de une vaste exp\u00e9rience en traduction et en marketing multilingue pour diff\u00e9rents march\u00e9s et plateformes. Nous pouvons vous aider \u00e0 mieux rejoindre vos clients. \u00a0<\/p>\n<p style=\"text-align: left;\" align=\"justify\">Voici les services que nous offrons\u00a0:<\/p>\n<ul>\n<li style=\"text-align: left;\">programmes de formation sur mesure, en personne ou en ligne, et sp\u00e9cialement con\u00e7us en fonction de votre industrie et vos objectifs.<\/li>\n<li style=\"text-align: left;\">forfaits de recherche et conseils pour vous aider \u00e0 mieux conna\u00eetre un segment de la population en particulier;<\/li>\n<li style=\"text-align: left;\">formations sur les plateformes de m\u00e9dias sociaux populaires, comme Facebook, WeChat, LinkedIn et bien d\u2019autres.\u00a0<\/li>\n<\/ul>\n<\/div><div class=\"fusion-aligncenter\"><style type=\"text\/css\">.fusion-button.button-1 {border-radius:2px;}<\/style><a class=\"fusion-button button-flat button-large button-default button-1 fusion-button-default-span fusion-button-default-type request-quote\" target=\"_self\" href=\"#\"><span class=\"fusion-button-text\">Demander un devis<\/span><\/a><\/div><div class=\"fusion-clearfix\"><\/div><\/div><\/div><div class=\"fusion-layout-column fusion_builder_column fusion-builder-column-1 fusion_builder_column_1_3 1_3 fusion-one-third fusion-column-last\" style=\"width:33.333333333333%;width:calc(33.333333333333% - ( ( 4% ) * 0.33333333333333 ) );margin-top:0px;margin-bottom:0px;\"><div class=\"fusion-column-wrapper fusion-flex-column-wrapper-legacy\" style=\"background-position:left top;background-repeat:no-repeat;-webkit-background-size:cover;-moz-background-size:cover;-o-background-size:cover;background-size:cover;padding: 0px 0px 0px 0px;\"><div class=\"fusion-text fusion-text-2\" style=\"transform:translate3d(0,0,0);\"><blockquote>\n<p style=\"text-align: left;\" align=\"justify\">Le cours \u00e9tait concret et la formatrice ma\u00eetrise vraiment le sujet. Elle nous a donn\u00e9 d\u2019excellents conseils pour mieux rejoindre le march\u00e9 chinois et r\u00e9pondre aux attentes des clients chinois en adaptant nos services.<\/p>\n<p style=\"text-align: left;\"><span class=\"medium-blue\">Minist\u00e8re du Tourisme du Nouveau-Brunswick<\/span><\/p>\n<\/blockquote>\n<p style=\"text-align: left;\">\u00a0<\/p>\n<blockquote>\n<p style=\"text-align: left;\" align=\"justify\">Merci pour ce cours tr\u00e8s instructif. Gr\u00e2ce \u00e0 vous, nous avons vraiment pu acqu\u00e9rir de pr\u00e9cieuses connaissances et avoir une nouvelle perspective sur notre fa\u00e7on de proc\u00e9der afin de nous adapter!\u00a0<\/p>\n<p style=\"text-align: left;\"><strong>Elizabeth Ho<br \/>\n<\/strong><span class=\"medium-blue\">Directrice du d\u00e9veloppement<br \/>\nGateway Theatre<\/span><\/p>\n<\/blockquote>\n<\/div><div class=\"fusion-clearfix\"><\/div><\/div><\/div><\/div><\/div><div class=\"fusion-fullwidth fullwidth-box fusion-builder-row-2 nonhundred-percent-fullwidth non-hundred-percent-height-scrolling\" style=\"background-color: rgba(255,255,255,0);background-position: center center;background-repeat: no-repeat;padding-top:30px;padding-right:0px;padding-bottom:20px;padding-left:0px;margin-bottom: 0px;margin-top: 0px;border-width: 0px 0px 0px 0px;border-color:#eae9e9;border-style:solid;\" ><div class=\"fusion-builder-row fusion-row\"><div class=\"fusion-layout-column fusion_builder_column fusion-builder-column-2 fusion_builder_column_1_1 1_1 fusion-one-full fusion-column-first fusion-column-last\" style=\"margin-top:0px;margin-bottom:0px;\"><div class=\"fusion-column-wrapper fusion-flex-column-wrapper-legacy\" style=\"background-position:left top;background-repeat:no-repeat;-webkit-background-size:cover;-moz-background-size:cover;-o-background-size:cover;background-size:cover;padding: 0px 0px 0px 0px;\"><style type=\"text\/css\"><\/style><div class=\"fusion-title title fusion-title-2 fusion-sep-none fusion-title-center fusion-title-text fusion-title-size-two\" style=\"margin-top:0px;margin-bottom:15px;\"><h2 class=\"title-heading-center\" style=\"margin:0;\"><p class=\"title-heading-center\">R\u00e9alisations en formation culturelle<\/p><\/h2><\/div><style type=\"text\/css\">.fusion-portfolio-wrapper#fusion-portfolio-1 .fusion-portfolio-content{  text-align: left; }<\/style><div class=\"fusion-recent-works fusion-portfolio-element fusion-portfolio fusion-portfolio-1 fusion-portfolio-grid fusion-portfolio-paging-pagination fusion-portfolio-three fusion-portfolio-unboxed fusion-portfolio-text fusion-portfolio-equal-heights\" data-id=\"-rw-1\" data-columns=\"three\"><style type=\"text\/css\">.fusion-portfolio-1 .fusion-portfolio-wrapper .fusion-col-spacing{padding:10px;}<\/style><div class=\"fusion-portfolio-wrapper\" id=\"fusion-portfolio-1\" data-picturesize=\"fixed\" data-pages=\"1\" style=\"margin:-10px;\"><article id=\"portfolio-1-post-20706\" class=\"fusion-portfolio-post formation fusion-col-spacing post-20706\"><div class=\"fusion-portfolio-content-wrapper\" style=\"border:none;\"><span class=\"vcard rich-snippet-hidden\"><span class=\"fn\"><a href=\"https:\/\/staging.latmultilingual.com\/fr\/blog\/author\/lauramcleod\/\" title=\"Articles par Laura McLeod\" rel=\"author\">Laura McLeod<\/a><\/span><\/span><span class=\"updated rich-snippet-hidden\">2020-12-15T14:00:46-08:00<\/span>\n\n<div  class=\"fusion-image-wrapper fusion-image-size-fixed\" aria-haspopup=\"true\">\n\t\n\t\n\t\t\t\t\t<a href=\"https:\/\/staging.latmultilingual.com\/fr\/blog\/case-studies\/association-de-lindustrie-touristique-du-nouveau-brunswick\/\" aria-label=\"Association de l\u2019industrie touristique du Nouveau-Brunswick\">\n\t\t\t\n\t\t\t\t\t<img width=\"300\" height=\"214\" src=\"data:image\/svg+xml,%3Csvg%20xmlns%3D%27http%3A%2F%2Fwww.w3.org%2F2000%2Fsvg%27%20width%3D%27300%27%20height%3D%27214%27%20viewBox%3D%270%200%20300%20214%27%3E%3Crect%20width%3D%27300%27%20height%3D%273214%27%20fill-opacity%3D%220%22%2F%3E%3C%2Fsvg%3E\" data-orig-src=\"https:\/\/staging.latmultilingual.com\/wp-content\/uploads\/2020\/09\/rural-town-in-new-brunswick-min-1547025233491-300x214.jpg\" class=\"lazyload attachment-portfolio-three size-portfolio-three wp-post-image\" alt=\"\" loading=\"lazy\" \/>\n\t\n\n\t\t<\/a>\n\n\t\n<\/div>\n<div class=\"fusion-portfolio-content\"><h2 class=\"entry-title fusion-post-title\"><a href=\"https:\/\/staging.latmultilingual.com\/fr\/blog\/case-studies\/association-de-lindustrie-touristique-du-nouveau-brunswick\/\">Association de l\u2019industrie touristique du Nouveau-Brunswick<\/a><\/h2><div class=\"fusion-post-content\"><p>En mai 2019, LAT s\u2019est alli\u00e9e \u00e0 l\u2019Association de l'industrie touristique du Nouveau-Brunswick (AITNB) pour offrir la formation Dragon d\u2019or (Pr\u00eat pour la Chine) \u00e0 des partenaires de l\u2019industrie touristique partout dans la province.<\/p><\/div><\/div><\/div><\/article><article id=\"portfolio-1-post-20701\" class=\"fusion-portfolio-post formation fusion-col-spacing post-20701\"><div class=\"fusion-portfolio-content-wrapper\" style=\"border:none;\"><span class=\"vcard rich-snippet-hidden\"><span class=\"fn\"><a href=\"https:\/\/staging.latmultilingual.com\/fr\/blog\/author\/lauramcleod\/\" title=\"Articles par Laura McLeod\" rel=\"author\">Laura McLeod<\/a><\/span><\/span><span class=\"updated rich-snippet-hidden\">2020-12-15T14:02:17-08:00<\/span>\n\n<div  class=\"fusion-image-wrapper fusion-image-size-fixed\" aria-haspopup=\"true\">\n\t\n\t\n\t\t\t\t\t<a href=\"https:\/\/staging.latmultilingual.com\/fr\/blog\/case-studies\/gateway-theatre\/\" aria-label=\"Gateway Theatre\">\n\t\t\t\n\t\t\t\t\t<img width=\"300\" height=\"214\" src=\"data:image\/svg+xml,%3Csvg%20xmlns%3D%27http%3A%2F%2Fwww.w3.org%2F2000%2Fsvg%27%20width%3D%27300%27%20height%3D%27214%27%20viewBox%3D%270%200%20300%20214%27%3E%3Crect%20width%3D%27300%27%20height%3D%273214%27%20fill-opacity%3D%220%22%2F%3E%3C%2Fsvg%3E\" data-orig-src=\"https:\/\/staging.latmultilingual.com\/wp-content\/uploads\/2020\/10\/GatewayTheatre_NewWebsite-300x214.jpg\" class=\"lazyload attachment-portfolio-three size-portfolio-three wp-post-image\" alt=\"\" loading=\"lazy\" \/>\n\t\n\n\t\t<\/a>\n\n\t\n<\/div>\n<div class=\"fusion-portfolio-content\"><h2 class=\"entry-title fusion-post-title\"><a href=\"https:\/\/staging.latmultilingual.com\/fr\/blog\/case-studies\/gateway-theatre\/\">Gateway Theatre<\/a><\/h2><div class=\"fusion-post-content\"><p>LAT a mis sur pied un programme de formation culturelle pour aider un th\u00e9\u00e2tre sans but lucratif de Richmond \u00e0 mieux comprendre et rejoindre les r\u00e9sidents chinois du Lower Mainland<\/p><\/div><\/div><\/div><\/article><article id=\"portfolio-1-post-20269\" class=\"fusion-portfolio-post formation marketing-chinois fusion-col-spacing post-20269\"><div class=\"fusion-portfolio-content-wrapper\" style=\"border:none;\"><span class=\"vcard rich-snippet-hidden\"><span class=\"fn\"><a href=\"https:\/\/staging.latmultilingual.com\/fr\/blog\/author\/lauramcleod\/\" title=\"Articles par Laura McLeod\" rel=\"author\">Laura McLeod<\/a><\/span><\/span><span class=\"updated rich-snippet-hidden\">2020-10-27T15:34:32-07:00<\/span>\n\n<div  class=\"fusion-image-wrapper fusion-image-size-fixed\" aria-haspopup=\"true\">\n\t\n\t\n\t\t\t\t\t<a href=\"https:\/\/staging.latmultilingual.com\/fr\/blog\/case-studies\/destination-bc\/\" aria-label=\"Destination BC\">\n\t\t\t\n\t\t\t\t\t<img width=\"300\" height=\"214\" src=\"data:image\/svg+xml,%3Csvg%20xmlns%3D%27http%3A%2F%2Fwww.w3.org%2F2000%2Fsvg%27%20width%3D%27300%27%20height%3D%27214%27%20viewBox%3D%270%200%20300%20214%27%3E%3Crect%20width%3D%27300%27%20height%3D%273214%27%20fill-opacity%3D%220%22%2F%3E%3C%2Fsvg%3E\" data-orig-src=\"https:\/\/staging.latmultilingual.com\/wp-content\/uploads\/2020\/05\/Tea-300x214.jpeg\" class=\"lazyload attachment-portfolio-three size-portfolio-three wp-post-image\" alt=\"\" loading=\"lazy\" \/>\n\t\n\n\t\t<\/a>\n\n\t\n<\/div>\n<div class=\"fusion-portfolio-content\"><h2 class=\"entry-title fusion-post-title\"><a href=\"https:\/\/staging.latmultilingual.com\/fr\/blog\/case-studies\/destination-bc\/\">Destination BC<\/a><\/h2><div class=\"fusion-post-content\"><p>LAT a mis au point un programme de pr\u00e9paration culturelle pour Destination British Columbia afin d\u2019aider ses partenaires du milieu des voyages \u00e0 accueillir les visiteurs chinois et \u00e0 comprendre leurs besoins et leurs pr\u00e9f\u00e9rences.<\/p><\/div><\/div><\/div><\/article><\/div><\/div><div class=\"fusion-clearfix\"><\/div><\/div><\/div><\/div><\/div>\n","protected":false},"excerpt":{"rendered":"","protected":false},"author":61,"featured_media":0,"parent":0,"menu_order":0,"comment_status":"closed","ping_status":"closed","template":"100-width.php","meta":[],"acf":[],"yoast_head":"<!-- This site is optimized with the Yoast SEO plugin v19.13 - https:\/\/yoast.com\/wordpress\/plugins\/seo\/ -->\n<title>Formation culturelle - LAT Multilingue Traduction et Marketing<\/title>\n<meta name=\"description\" content=\"LAT&#039;s diverse team is available to provide cultural training to individuals and companies to help them better connect with diverse audiences.\" \/>\n<meta name=\"robots\" content=\"index, follow, max-snippet:-1, max-image-preview:large, max-video-preview:-1\" \/>\n<link rel=\"canonical\" href=\"https:\/\/staging.latmultilingual.com\/fr\/formation-culturelle\/\" \/>\n<meta property=\"og:locale\" content=\"fr_FR\" \/>\n<meta property=\"og:type\" content=\"article\" \/>\n<meta property=\"og:title\" content=\"Formation culturelle - LAT Multilingue Traduction et Marketing\" \/>\n<meta property=\"og:description\" content=\"LAT&#039;s diverse team is available to provide cultural training to individuals and companies to help them better connect with diverse audiences.\" \/>\n<meta property=\"og:url\" content=\"https:\/\/staging.latmultilingual.com\/fr\/formation-culturelle\/\" \/>\n<meta property=\"og:site_name\" content=\"LAT Multilingue Traduction et Marketing\" \/>\n<meta property=\"article:publisher\" content=\"https:\/\/www.facebook.com\/LATMultilingual\/\" \/>\n<meta property=\"article:modified_time\" content=\"2022-03-07T23:59:51+00:00\" \/>\n<meta name=\"twitter:card\" content=\"summary_large_image\" \/>\n<meta name=\"twitter:site\" content=\"@LATMultilingual\" \/>\n<meta name=\"twitter:label1\" content=\"Dur\u00e9e de lecture estim\u00e9e\" \/>\n\t<meta name=\"twitter:data1\" content=\"9 minutes\" \/>\n<script type=\"application\/ld+json\" class=\"yoast-schema-graph\">{\"@context\":\"https:\/\/schema.org\",\"@graph\":[{\"@type\":\"WebPage\",\"@id\":\"https:\/\/staging.latmultilingual.com\/fr\/formation-culturelle\/\",\"url\":\"https:\/\/staging.latmultilingual.com\/fr\/formation-culturelle\/\",\"name\":\"Formation culturelle - LAT Multilingue Traduction et Marketing\",\"isPartOf\":{\"@id\":\"https:\/\/staging.latmultilingual.com\/#website\"},\"datePublished\":\"2020-10-07T21:22:11+00:00\",\"dateModified\":\"2022-03-07T23:59:51+00:00\",\"description\":\"LAT's diverse team is available to provide cultural training to individuals and companies to help them better connect with diverse audiences.\",\"breadcrumb\":{\"@id\":\"https:\/\/staging.latmultilingual.com\/fr\/formation-culturelle\/#breadcrumb\"},\"inLanguage\":\"fr-FR\",\"potentialAction\":[{\"@type\":\"ReadAction\",\"target\":[\"https:\/\/staging.latmultilingual.com\/fr\/formation-culturelle\/\"]}]},{\"@type\":\"BreadcrumbList\",\"@id\":\"https:\/\/staging.latmultilingual.com\/fr\/formation-culturelle\/#breadcrumb\",\"itemListElement\":[{\"@type\":\"ListItem\",\"position\":1,\"name\":\"Home\",\"item\":\"https:\/\/staging.latmultilingual.com\/fr\/\"},{\"@type\":\"ListItem\",\"position\":2,\"name\":\"Formation culturelle\"}]},{\"@type\":\"WebSite\",\"@id\":\"https:\/\/staging.latmultilingual.com\/#website\",\"url\":\"https:\/\/staging.latmultilingual.com\/\",\"name\":\"LAT Multilingue Traduction et Marketing\",\"description\":\"Reach New Markets with Quality Translation and Cultural Marketing Services\",\"potentialAction\":[{\"@type\":\"SearchAction\",\"target\":{\"@type\":\"EntryPoint\",\"urlTemplate\":\"https:\/\/staging.latmultilingual.com\/?s={search_term_string}\"},\"query-input\":\"required name=search_term_string\"}],\"inLanguage\":\"fr-FR\"}]}<\/script>\n<!-- \/ Yoast SEO plugin. -->","yoast_head_json":{"title":"Formation culturelle - LAT Multilingue Traduction et Marketing","description":"LAT's diverse team is available to provide cultural training to individuals and companies to help them better connect with diverse audiences.","robots":{"index":"index","follow":"follow","max-snippet":"max-snippet:-1","max-image-preview":"max-image-preview:large","max-video-preview":"max-video-preview:-1"},"canonical":"https:\/\/staging.latmultilingual.com\/fr\/formation-culturelle\/","og_locale":"fr_FR","og_type":"article","og_title":"Formation culturelle - LAT Multilingue Traduction et Marketing","og_description":"LAT's diverse team is available to provide cultural training to individuals and companies to help them better connect with diverse audiences.","og_url":"https:\/\/staging.latmultilingual.com\/fr\/formation-culturelle\/","og_site_name":"LAT Multilingue Traduction et Marketing","article_publisher":"https:\/\/www.facebook.com\/LATMultilingual\/","article_modified_time":"2022-03-07T23:59:51+00:00","twitter_card":"summary_large_image","twitter_site":"@LATMultilingual","twitter_misc":{"Dur\u00e9e de lecture estim\u00e9e":"9 minutes"},"schema":{"@context":"https:\/\/schema.org","@graph":[{"@type":"WebPage","@id":"https:\/\/staging.latmultilingual.com\/fr\/formation-culturelle\/","url":"https:\/\/staging.latmultilingual.com\/fr\/formation-culturelle\/","name":"Formation culturelle - LAT Multilingue Traduction et Marketing","isPartOf":{"@id":"https:\/\/staging.latmultilingual.com\/#website"},"datePublished":"2020-10-07T21:22:11+00:00","dateModified":"2022-03-07T23:59:51+00:00","description":"LAT's diverse team is available to provide cultural training to individuals and companies to help them better connect with diverse audiences.","breadcrumb":{"@id":"https:\/\/staging.latmultilingual.com\/fr\/formation-culturelle\/#breadcrumb"},"inLanguage":"fr-FR","potentialAction":[{"@type":"ReadAction","target":["https:\/\/staging.latmultilingual.com\/fr\/formation-culturelle\/"]}]},{"@type":"BreadcrumbList","@id":"https:\/\/staging.latmultilingual.com\/fr\/formation-culturelle\/#breadcrumb","itemListElement":[{"@type":"ListItem","position":1,"name":"Home","item":"https:\/\/staging.latmultilingual.com\/fr\/"},{"@type":"ListItem","position":2,"name":"Formation culturelle"}]},{"@type":"WebSite","@id":"https:\/\/staging.latmultilingual.com\/#website","url":"https:\/\/staging.latmultilingual.com\/","name":"LAT Multilingue Traduction et Marketing","description":"Reach New Markets with Quality Translation and Cultural Marketing Services","potentialAction":[{"@type":"SearchAction","target":{"@type":"EntryPoint","urlTemplate":"https:\/\/staging.latmultilingual.com\/?s={search_term_string}"},"query-input":"required name=search_term_string"}],"inLanguage":"fr-FR"}]}},"_links":{"self":[{"href":"https:\/\/staging.latmultilingual.com\/fr\/wp-json\/wp\/v2\/pages\/20134"}],"collection":[{"href":"https:\/\/staging.latmultilingual.com\/fr\/wp-json\/wp\/v2\/pages"}],"about":[{"href":"https:\/\/staging.latmultilingual.com\/fr\/wp-json\/wp\/v2\/types\/page"}],"author":[{"embeddable":true,"href":"https:\/\/staging.latmultilingual.com\/fr\/wp-json\/wp\/v2\/users\/61"}],"replies":[{"embeddable":true,"href":"https:\/\/staging.latmultilingual.com\/fr\/wp-json\/wp\/v2\/comments?post=20134"}],"version-history":[{"count":17,"href":"https:\/\/staging.latmultilingual.com\/fr\/wp-json\/wp\/v2\/pages\/20134\/revisions"}],"predecessor-version":[{"id":22421,"href":"https:\/\/staging.latmultilingual.com\/fr\/wp-json\/wp\/v2\/pages\/20134\/revisions\/22421"}],"wp:attachment":[{"href":"https:\/\/staging.latmultilingual.com\/fr\/wp-json\/wp\/v2\/media?parent=20134"}],"curies":[{"name":"wp","href":"https:\/\/api.w.org\/{rel}","templated":true}]}}