{"id":20646,"date":"2020-11-10T12:17:00","date_gmt":"2020-11-10T20:17:00","guid":{"rendered":"https:\/\/www.latmultilingual.com\/services-de-formation-wechat\/"},"modified":"2022-03-07T16:22:34","modified_gmt":"2022-03-08T00:22:34","slug":"services-de-formation-wechat","status":"publish","type":"page","link":"https:\/\/staging.latmultilingual.com\/fr\/services-de-formation-wechat\/","title":{"rendered":"Services de formation WeChat"},"content":{"rendered":"<div class=\"fusion-fullwidth fullwidth-box fusion-builder-row-1 grey-section nonhundred-percent-fullwidth non-hundred-percent-height-scrolling\" style=\"background-color: rgba(255,255,255,0);background-position: center center;background-repeat: no-repeat;padding-top:30px;padding-right:0px;padding-bottom:20px;padding-left:0px;margin-bottom: 0px;margin-top: 0px;border-width: 0px 0px 0px 0px;border-color:#eae9e9;border-style:solid;\" ><div class=\"fusion-builder-row fusion-row\"><div class=\"fusion-layout-column fusion_builder_column fusion-builder-column-0 fusion_builder_column_2_3 2_3 fusion-two-third fusion-column-first\" style=\"width:66.666666666667%;width:calc(66.666666666667% - ( ( 4% ) * 0.66666666666667 ) );margin-right: 4%;margin-top:0px;margin-bottom:0px;\"><div class=\"fusion-column-wrapper fusion-flex-column-wrapper-legacy\" style=\"background-position:left top;background-repeat:no-repeat;-webkit-background-size:cover;-moz-background-size:cover;-o-background-size:cover;background-size:cover;padding: 0px 0px 0px 0px;\"><style type=\"text\/css\"><\/style><div class=\"fusion-title title fusion-title-1 fusion-sep-none fusion-title-text fusion-title-size-one\" style=\"margin-top:0px;margin-bottom:15px;\"><h1 class=\"title-heading-left\" style=\"margin:0;\"><h2 class=\"title-heading-left\">D\u00e9couvrez la plateforme de m\u00e9dias sociaux la plus populaire en Chine.<\/h2><\/h1><\/div><div class=\"fusion-text fusion-text-1\" style=\"transform:translate3d(0,0,0);\"><p style=\"text-align: left;\">Si vous souhaitez attirer la client\u00e8le chinoise et la rejoindre, il est essentiel de comprendre ce qu\u2019est WeChat. WeChat est l\u2019application de messagerie instantan\u00e9e la plus populaire en Chine. Les Chinois l\u2019utilisent m\u00eame plus que Facebook, Twitter et Instagram!<\/p>\n<h2 style=\"text-align: left;\">Notre cours de marketing WeChat<\/h2>\n<p style=\"text-align: left;\">Nous offrons une formation WeChat comprenant trois niveaux. Que vous soyez un d\u00e9butant sur WeChat ou un utilisateur exp\u00e9riment\u00e9, vous apprendrez des astuces int\u00e9ressantes pour augmenter la visibilit\u00e9 de votre entreprise et accro\u00eetre vos occasions de ventes.<\/p>\n<ul>\n<li><strong>WeChat 101 : Marketing sur WeChat<\/strong><\/li>\n<li>Ce survol de WeChat vous montrera comment cr\u00e9er un compte personnel et utiliser WeChat Moments, puis vous donnera un aper\u00e7u des autres fonctions comme WeChat Pay, les codes QR (\u00ab Quick Response \u00bb) et les mini-logiciels (des applications personnalis\u00e9es int\u00e9gr\u00e9es \u00e0 WeChat).<\/li>\n<li><strong>WeChat 201 : Comptes officiels<\/strong><\/li>\n<li>Ce survol des comptes officiels de WeChat et de leur importance aborde les strat\u00e9gies de contenu et les strat\u00e9gies de marketing, y compris le recours aux leaders d\u2019opinion et aux publicit\u00e9s Moments de WeChat pour obtenir le plus de visibilit\u00e9 possible.<\/li>\n<li><strong>WeChat 301 : Marketing et publicit\u00e9 sur WeChat<\/strong><\/li>\n<li>Cette formation approfondie sur la publicit\u00e9 WeChat a comme objectif de faire cro\u00eetre votre nombre d\u2019abonn\u00e9set de stimuler le trafic vers votre site Web et le volume de t\u00e9l\u00e9chargements de votre application. Chaque s\u00e9ance de formation individuelle co\u00fbte 250 $ et dure une heure. Les cours sont offerts en direct, en ligne, en anglais ou en chinois.<\/li>\n<\/ul>\n<p style=\"text-align: left;\" align=\"justify\">Chaque s\u00e9ance de formation individuelle co\u00fbte 250 $ et dure une heure. Les cours sont offerts en direct, en ligne, en anglais ou en chinois.<\/p>\n<p style=\"text-align: left;\">\u00a0<\/p>\n<\/div><div class=\"fusion-aligncenter\"><style type=\"text\/css\">.fusion-button.button-1 {border-radius:2px;}<\/style><a class=\"fusion-button button-flat button-large button-default button-1 fusion-button-default-span fusion-button-default-type request-quote\" target=\"_self\" href=\"contact\"><span class=\"fusion-button-text\">Commencez!<\/span><\/a><\/div><div class=\"fusion-clearfix\"><\/div><\/div><\/div><div class=\"fusion-layout-column fusion_builder_column fusion-builder-column-1 fusion_builder_column_1_3 1_3 fusion-one-third fusion-column-last\" style=\"width:33.333333333333%;width:calc(33.333333333333% - ( ( 4% ) * 0.33333333333333 ) );margin-top:0px;margin-bottom:0px;\"><div class=\"fusion-column-wrapper fusion-flex-column-wrapper-legacy\" style=\"background-position:left top;background-repeat:no-repeat;-webkit-background-size:cover;-moz-background-size:cover;-o-background-size:cover;background-size:cover;padding: 0px 0px 0px 0px;\"><div class=\"fusion-text fusion-text-2\" style=\"transform:translate3d(0,0,0);\"><blockquote>\n<p style=\"text-align: left;\" align=\"justify\">J\u2019ai particip\u00e9 \u00e0 votre webinaire sur l\u2019utilisation de WeChat organis\u00e9 par la Richmond Chamber of Commerce et je l\u2019ai trouv\u00e9 particuli\u00e8rement utile.<\/p>\n<p style=\"text-align: left;\"><strong>Mirjana Galovich<\/strong><br \/>\n<span class=\"medium-blue\">Directrice du d\u00e9veloppement des revenus et de l\u2019auditoire<br \/>\nGateway Theatre<\/span><\/p>\n<\/blockquote>\n<p>&nbsp;<\/p>\n<\/div><div class=\"fusion-clearfix\"><\/div><\/div><\/div><\/div><\/div>\n","protected":false},"excerpt":{"rendered":"","protected":false},"author":61,"featured_media":0,"parent":0,"menu_order":0,"comment_status":"closed","ping_status":"closed","template":"100-width.php","meta":[],"acf":[],"yoast_head":"<!-- This site is optimized with the Yoast SEO plugin v19.13 - https:\/\/yoast.com\/wordpress\/plugins\/seo\/ -->\n<title>Services de formation WeChat - LAT Multilingue Traduction et Marketing<\/title>\n<meta name=\"robots\" content=\"index, follow, max-snippet:-1, max-image-preview:large, max-video-preview:-1\" \/>\n<link rel=\"canonical\" href=\"https:\/\/staging.latmultilingual.com\/fr\/services-de-formation-wechat\/\" \/>\n<meta property=\"og:locale\" content=\"fr_FR\" \/>\n<meta property=\"og:type\" content=\"article\" \/>\n<meta property=\"og:title\" content=\"Services de formation WeChat - LAT Multilingue Traduction et Marketing\" \/>\n<meta property=\"og:url\" content=\"https:\/\/staging.latmultilingual.com\/fr\/services-de-formation-wechat\/\" \/>\n<meta property=\"og:site_name\" content=\"LAT Multilingue Traduction et Marketing\" \/>\n<meta property=\"article:publisher\" content=\"https:\/\/www.facebook.com\/LATMultilingual\/\" \/>\n<meta property=\"article:modified_time\" content=\"2022-03-08T00:22:34+00:00\" \/>\n<meta name=\"twitter:card\" content=\"summary_large_image\" \/>\n<meta name=\"twitter:site\" content=\"@LATMultilingual\" \/>\n<meta name=\"twitter:label1\" content=\"Dur\u00e9e de lecture estim\u00e9e\" \/>\n\t<meta name=\"twitter:data1\" content=\"6 minutes\" \/>\n<script type=\"application\/ld+json\" class=\"yoast-schema-graph\">{\"@context\":\"https:\/\/schema.org\",\"@graph\":[{\"@type\":\"WebPage\",\"@id\":\"https:\/\/staging.latmultilingual.com\/fr\/services-de-formation-wechat\/\",\"url\":\"https:\/\/staging.latmultilingual.com\/fr\/services-de-formation-wechat\/\",\"name\":\"Services de formation WeChat - LAT Multilingue Traduction et Marketing\",\"isPartOf\":{\"@id\":\"https:\/\/staging.latmultilingual.com\/#website\"},\"datePublished\":\"2020-11-10T20:17:00+00:00\",\"dateModified\":\"2022-03-08T00:22:34+00:00\",\"breadcrumb\":{\"@id\":\"https:\/\/staging.latmultilingual.com\/fr\/services-de-formation-wechat\/#breadcrumb\"},\"inLanguage\":\"fr-FR\",\"potentialAction\":[{\"@type\":\"ReadAction\",\"target\":[\"https:\/\/staging.latmultilingual.com\/fr\/services-de-formation-wechat\/\"]}]},{\"@type\":\"BreadcrumbList\",\"@id\":\"https:\/\/staging.latmultilingual.com\/fr\/services-de-formation-wechat\/#breadcrumb\",\"itemListElement\":[{\"@type\":\"ListItem\",\"position\":1,\"name\":\"Home\",\"item\":\"https:\/\/staging.latmultilingual.com\/fr\/\"},{\"@type\":\"ListItem\",\"position\":2,\"name\":\"Services de formation WeChat\"}]},{\"@type\":\"WebSite\",\"@id\":\"https:\/\/staging.latmultilingual.com\/#website\",\"url\":\"https:\/\/staging.latmultilingual.com\/\",\"name\":\"LAT Multilingue Traduction et Marketing\",\"description\":\"Reach New Markets with Quality Translation and Cultural Marketing Services\",\"potentialAction\":[{\"@type\":\"SearchAction\",\"target\":{\"@type\":\"EntryPoint\",\"urlTemplate\":\"https:\/\/staging.latmultilingual.com\/?s={search_term_string}\"},\"query-input\":\"required name=search_term_string\"}],\"inLanguage\":\"fr-FR\"}]}<\/script>\n<!-- \/ Yoast SEO plugin. -->","yoast_head_json":{"title":"Services de formation WeChat - LAT Multilingue Traduction et Marketing","robots":{"index":"index","follow":"follow","max-snippet":"max-snippet:-1","max-image-preview":"max-image-preview:large","max-video-preview":"max-video-preview:-1"},"canonical":"https:\/\/staging.latmultilingual.com\/fr\/services-de-formation-wechat\/","og_locale":"fr_FR","og_type":"article","og_title":"Services de formation WeChat - LAT Multilingue Traduction et Marketing","og_url":"https:\/\/staging.latmultilingual.com\/fr\/services-de-formation-wechat\/","og_site_name":"LAT Multilingue Traduction et Marketing","article_publisher":"https:\/\/www.facebook.com\/LATMultilingual\/","article_modified_time":"2022-03-08T00:22:34+00:00","twitter_card":"summary_large_image","twitter_site":"@LATMultilingual","twitter_misc":{"Dur\u00e9e de lecture estim\u00e9e":"6 minutes"},"schema":{"@context":"https:\/\/schema.org","@graph":[{"@type":"WebPage","@id":"https:\/\/staging.latmultilingual.com\/fr\/services-de-formation-wechat\/","url":"https:\/\/staging.latmultilingual.com\/fr\/services-de-formation-wechat\/","name":"Services de formation WeChat - LAT Multilingue Traduction et Marketing","isPartOf":{"@id":"https:\/\/staging.latmultilingual.com\/#website"},"datePublished":"2020-11-10T20:17:00+00:00","dateModified":"2022-03-08T00:22:34+00:00","breadcrumb":{"@id":"https:\/\/staging.latmultilingual.com\/fr\/services-de-formation-wechat\/#breadcrumb"},"inLanguage":"fr-FR","potentialAction":[{"@type":"ReadAction","target":["https:\/\/staging.latmultilingual.com\/fr\/services-de-formation-wechat\/"]}]},{"@type":"BreadcrumbList","@id":"https:\/\/staging.latmultilingual.com\/fr\/services-de-formation-wechat\/#breadcrumb","itemListElement":[{"@type":"ListItem","position":1,"name":"Home","item":"https:\/\/staging.latmultilingual.com\/fr\/"},{"@type":"ListItem","position":2,"name":"Services de formation WeChat"}]},{"@type":"WebSite","@id":"https:\/\/staging.latmultilingual.com\/#website","url":"https:\/\/staging.latmultilingual.com\/","name":"LAT Multilingue Traduction et Marketing","description":"Reach New Markets with Quality Translation and Cultural Marketing Services","potentialAction":[{"@type":"SearchAction","target":{"@type":"EntryPoint","urlTemplate":"https:\/\/staging.latmultilingual.com\/?s={search_term_string}"},"query-input":"required name=search_term_string"}],"inLanguage":"fr-FR"}]}},"_links":{"self":[{"href":"https:\/\/staging.latmultilingual.com\/fr\/wp-json\/wp\/v2\/pages\/20646"}],"collection":[{"href":"https:\/\/staging.latmultilingual.com\/fr\/wp-json\/wp\/v2\/pages"}],"about":[{"href":"https:\/\/staging.latmultilingual.com\/fr\/wp-json\/wp\/v2\/types\/page"}],"author":[{"embeddable":true,"href":"https:\/\/staging.latmultilingual.com\/fr\/wp-json\/wp\/v2\/users\/61"}],"replies":[{"embeddable":true,"href":"https:\/\/staging.latmultilingual.com\/fr\/wp-json\/wp\/v2\/comments?post=20646"}],"version-history":[{"count":10,"href":"https:\/\/staging.latmultilingual.com\/fr\/wp-json\/wp\/v2\/pages\/20646\/revisions"}],"predecessor-version":[{"id":22447,"href":"https:\/\/staging.latmultilingual.com\/fr\/wp-json\/wp\/v2\/pages\/20646\/revisions\/22447"}],"wp:attachment":[{"href":"https:\/\/staging.latmultilingual.com\/fr\/wp-json\/wp\/v2\/media?parent=20646"}],"curies":[{"name":"wp","href":"https:\/\/api.w.org\/{rel}","templated":true}]}}