{"id":5247,"date":"2013-06-06T12:47:53","date_gmt":"2013-06-06T19:47:53","guid":{"rendered":"https:\/\/www.latmultilingual.com\/?page_id=5247"},"modified":"2022-03-07T15:37:29","modified_gmt":"2022-03-07T23:37:29","slug":"blogue","status":"publish","type":"page","link":"https:\/\/staging.latmultilingual.com\/fr\/blogue\/","title":{"rendered":"Blogue"},"content":{"rendered":"<div class=\"fusion-fullwidth fullwidth-box fusion-builder-row-1 grey-section nonhundred-percent-fullwidth non-hundred-percent-height-scrolling\" style=\"background-color: rgba(255,255,255,0);background-position: center center;background-repeat: no-repeat;padding-top:30px;padding-right:0px;padding-bottom:100px;padding-left:0px;margin-bottom: 0px;margin-top: 0px;border-width: 0px 0px 0px 0px;border-color:#eae9e9;border-style:solid;\" ><div class=\"fusion-builder-row fusion-row\"><div class=\"fusion-layout-column fusion_builder_column fusion-builder-column-0 fusion_builder_column_1_1 1_1 fusion-one-full fusion-column-first fusion-column-last\" style=\"margin-top:0px;margin-bottom:0px;\"><div class=\"fusion-column-wrapper fusion-flex-column-wrapper-legacy\" style=\"background-position:left top;background-repeat:no-repeat;-webkit-background-size:cover;-moz-background-size:cover;-o-background-size:cover;background-size:cover;padding: 0px 0px 0px 0px;\"><style type=\"text\/css\"><\/style><div class=\"fusion-title title fusion-title-1 fusion-sep-none fusion-title-text fusion-title-size-one\" style=\"margin-top:0px;margin-bottom:15px;\"><h1 class=\"title-heading-left\" style=\"margin:0;\"><h2>Perspectives multilingues<\/h2><\/h1><\/div><div class=\"fusion-text fusion-text-1\" style=\"transform:translate3d(0,0,0);\"><p style=\"text-align: left;\" align=\"justify\">Vous souhaitez mieux atteindre votre cible d\u00e9mographique avec l\u2019aide de la traduction ou du marketing culturel? Dans cette section, notre \u00e9quipe de sp\u00e9cialistes en traduction, en communication et en marketing font part de leurs pens\u00e9es sur les sujets d\u2019actualit\u00e9, les derniers outils de m\u00e9dias sociaux, les c\u00e9l\u00e9brations culturelles et autres dates importantes \u00e0 consid\u00e9rer dans votre planification marketing, et bien plus.<\/p>\n<\/div><div class=\"fusion-clearfix\"><\/div><\/div><\/div><\/div><\/div><div class=\"fusion-fullwidth fullwidth-box fusion-builder-row-2 nonhundred-percent-fullwidth non-hundred-percent-height-scrolling\" style=\"background-color: rgba(255,255,255,0);background-position: center center;background-repeat: no-repeat;padding-top:30px;padding-right:0px;padding-bottom:20px;padding-left:0px;margin-bottom: 0px;margin-top: 0px;border-width: 0px 0px 0px 0px;border-color:#eae9e9;border-style:solid;\" ><div class=\"fusion-builder-row fusion-row\"><div class=\"fusion-layout-column fusion_builder_column fusion-builder-column-1 fusion_builder_column_1_1 1_1 fusion-one-full fusion-column-first fusion-column-last\" style=\"margin-top:0px;margin-bottom:0px;\"><div class=\"fusion-column-wrapper fusion-flex-column-wrapper-legacy\" style=\"background-position:left top;background-repeat:no-repeat;-webkit-background-size:cover;-moz-background-size:cover;-o-background-size:cover;background-size:cover;padding: 0px 0px 0px 0px;\"><div id=\"myfacet\">\n<div class=\"facetwp-facet facetwp-facet-blog_tags facetwp-type-dropdown\" data-name=\"blog_tags\" data-type=\"dropdown\"><\/div> \n<div class=\"facetwp-facet facetwp-facet-blog_categories facetwp-type-dropdown\" data-name=\"blog_categories\" data-type=\"dropdown\"><\/div>\n<button class=\"reset\" onclick=\"FWP.reset()\">Tout afficher<\/button>\n<div id=\"mycontent\">\n<div class=\"facetwp-template\" data-name=\"blog\"><div class=\"fwpl-layout el-l4k0v\"><div class=\"fwpl-result r1\"><div class=\"fwpl-row post\"><div class=\"fwpl-col fwpl-col el-et17wy\"><div class=\"fwpl-item el-dixhdq\"><a href=\"https:\/\/staging.latmultilingual.com\/fr\/blog\/lhistoire-des-echanges-denveloppes-rouges-au-nouvel-an-chinois\/\"><img width=\"460\" height=\"295\" src=\"data:image\/svg+xml,%3Csvg%20xmlns%3D%27http%3A%2F%2Fwww.w3.org%2F2000%2Fsvg%27%20width%3D%27460%27%20height%3D%27295%27%20viewBox%3D%270%200%20460%20295%27%3E%3Crect%20width%3D%27460%27%20height%3D%273295%27%20fill-opacity%3D%220%22%2F%3E%3C%2Fsvg%3E\" data-orig-src=\"https:\/\/staging.latmultilingual.com\/wp-content\/uploads\/2021\/12\/Chinese-New-Year-red-envelopes-2-460x295.jpg\" class=\"lazyload attachment-portfolio-two size-portfolio-two wp-post-image\" alt=\"Chinese New Year red envelopes\" loading=\"lazy\" \/><\/a><\/div><div class=\"fwpl-row el-hu5oeb\"><div class=\"fwpl-col fwpl-col words\"><div class=\"fwpl-item title\"><a href=\"https:\/\/staging.latmultilingual.com\/fr\/blog\/lhistoire-des-echanges-denveloppes-rouges-au-nouvel-an-chinois\/\">L\u2019histoire des \u00e9changes d\u2019enveloppes rouges au Nouvel An chinois<\/a><\/div><div class=\"fwpl-item date\">janvier 24, 2022<\/div><div class=\"fwpl-item categories is-empty\"><\/div><div class=\"fwpl-item excerpt\">Si vous souhaitez cr\u00e9er une strat\u00e9gie de marketing ax\u00e9e sur les F\u00eates chinoises parfaitement adapt\u00e9e \u00e0 votre entreprise, n\u2019h\u00e9sitez pas \u00e0 communiquer avec nous. Nos experts en marketing chinois se feront un plaisir de vous aider. Mais quelles sont les origines de cette coutume?<\/div><div class=\"fwpl-item button\"><a href=\"https:\/\/staging.latmultilingual.com\/fr\/blog\/lhistoire-des-echanges-denveloppes-rouges-au-nouvel-an-chinois\/\"><button>Read More<\/button><\/a><\/div><\/div><\/div><\/div><\/div><\/div><div class=\"fwpl-result r2\"><div class=\"fwpl-row post\"><div class=\"fwpl-col fwpl-col el-et17wy\"><div class=\"fwpl-item el-dixhdq\"><a href=\"https:\/\/staging.latmultilingual.com\/fr\/blog\/nouveau-directeur-du-marketing\/\"><img width=\"460\" height=\"295\" src=\"data:image\/svg+xml,%3Csvg%20xmlns%3D%27http%3A%2F%2Fwww.w3.org%2F2000%2Fsvg%27%20width%3D%27460%27%20height%3D%27295%27%20viewBox%3D%270%200%20460%20295%27%3E%3Crect%20width%3D%27460%27%20height%3D%273295%27%20fill-opacity%3D%220%22%2F%3E%3C%2Fsvg%3E\" data-orig-src=\"https:\/\/staging.latmultilingual.com\/wp-content\/uploads\/2021\/12\/Jonathan-Levitt-Chief-Marketing-Officer-460x295.jpg\" class=\"lazyload attachment-portfolio-two size-portfolio-two wp-post-image\" alt=\"Jonathan Levitt, Chief Marketing Officer\" loading=\"lazy\" \/><\/a><\/div><div class=\"fwpl-row el-hu5oeb\"><div class=\"fwpl-col fwpl-col words\"><div class=\"fwpl-item title\"><a href=\"https:\/\/staging.latmultilingual.com\/fr\/blog\/nouveau-directeur-du-marketing\/\">LAT Multilingue Traduction et Marketing inc. embauche un nouveau directeur du marketing, Jonathan Levitt, pour propulser sa prochaine phase de croissance.<\/a><\/div><div class=\"fwpl-item date\">d\u00e9cembre 7, 2021<\/div><div class=\"fwpl-item categories is-empty\"><\/div><div class=\"fwpl-item excerpt\">LAT embauche un nouveau directeur du marketing, Jonathan Levitt, pour propulser sa prochaine phase de croissance.<\/div><div class=\"fwpl-item button\"><a href=\"https:\/\/staging.latmultilingual.com\/fr\/blog\/nouveau-directeur-du-marketing\/\"><button>Read More<\/button><\/a><\/div><\/div><\/div><\/div><\/div><\/div><div class=\"fwpl-result r3\"><div class=\"fwpl-row post\"><div class=\"fwpl-col fwpl-col el-et17wy\"><div class=\"fwpl-item el-dixhdq\"><a href=\"https:\/\/staging.latmultilingual.com\/fr\/blog\/cinq-traditions-de-noel-a-travers-le-monde\/\"><img width=\"460\" height=\"295\" src=\"data:image\/svg+xml,%3Csvg%20xmlns%3D%27http%3A%2F%2Fwww.w3.org%2F2000%2Fsvg%27%20width%3D%27460%27%20height%3D%27295%27%20viewBox%3D%270%200%20460%20295%27%3E%3Crect%20width%3D%27460%27%20height%3D%273295%27%20fill-opacity%3D%220%22%2F%3E%3C%2Fsvg%3E\" data-orig-src=\"https:\/\/staging.latmultilingual.com\/wp-content\/uploads\/2013\/12\/Christmas-Traditions-From-Around-the-World-460x295.jpg\" class=\"lazyload attachment-portfolio-two size-portfolio-two wp-post-image\" alt=\"Christmas Traditions From Around the World\" loading=\"lazy\" \/><\/a><\/div><div class=\"fwpl-row el-hu5oeb\"><div class=\"fwpl-col fwpl-col words\"><div class=\"fwpl-item title\"><a href=\"https:\/\/staging.latmultilingual.com\/fr\/blog\/cinq-traditions-de-noel-a-travers-le-monde\/\">Cinq traditions de No\u00ebl \u00e0 travers le monde<\/a><\/div><div class=\"fwpl-item date\">novembre 28, 2021<\/div><div class=\"fwpl-item categories is-empty\"><\/div><div class=\"fwpl-item excerpt\">Melkin Yelidet Beaal! <br>Merry Christmas! <br> \u0421 \u0420\u043e\u0436\u0434\u0435\u0441\u0442\u0432\u043e\u043c! <br>\u039a\u03b1\u03bb\u03ac \u03a7\u03c1\u03b9\u03c3\u03c4\u03bf\u03cd\u03b3\u03b5\u03bd\u03bd\u03b1! <br>Joyeux No\u00ebl! <br>En cette p\u00e9riode de r\u00e9jouissances, l\u2019\u00e9quipe de LAT vous offre ses meilleurs v\u0153ux. Nous avons pens\u00e9 \u00e0 vous pr\u00e9senter quelques fa\u00e7ons de c\u00e9l\u00e9brer No\u00ebl dans le monde, en dehors du r\u00e9veillon \u00e0 la dinde et des visites du p\u00e8re No\u00ebl! <\/div><div class=\"fwpl-item button\"><a href=\"https:\/\/staging.latmultilingual.com\/fr\/blog\/cinq-traditions-de-noel-a-travers-le-monde\/\"><button>Read More<\/button><\/a><\/div><\/div><\/div><\/div><\/div><\/div><div class=\"fwpl-result r4\"><div class=\"fwpl-row post\"><div class=\"fwpl-col fwpl-col el-et17wy\"><div class=\"fwpl-item el-dixhdq\"><a href=\"https:\/\/staging.latmultilingual.com\/fr\/blog\/preparez-vous-au-retour-des-touristes-chinois-au-canada-apres-la-covid-19\/\"><img width=\"460\" height=\"295\" src=\"data:image\/svg+xml,%3Csvg%20xmlns%3D%27http%3A%2F%2Fwww.w3.org%2F2000%2Fsvg%27%20width%3D%27460%27%20height%3D%27295%27%20viewBox%3D%270%200%20460%20295%27%3E%3Crect%20width%3D%27460%27%20height%3D%273295%27%20fill-opacity%3D%220%22%2F%3E%3C%2Fsvg%3E\" data-orig-src=\"https:\/\/staging.latmultilingual.com\/wp-content\/uploads\/2021\/11\/Chinese-tourists-Canada-460x295.jpg\" class=\"lazyload attachment-portfolio-two size-portfolio-two wp-post-image\" alt=\"Chinese tourists in Canada post-COVID-19\" loading=\"lazy\" \/><\/a><\/div><div class=\"fwpl-row el-hu5oeb\"><div class=\"fwpl-col fwpl-col words\"><div class=\"fwpl-item title\"><a href=\"https:\/\/staging.latmultilingual.com\/fr\/blog\/preparez-vous-au-retour-des-touristes-chinois-au-canada-apres-la-covid-19\/\">Pr\u00e9parez-vous au retour des touristes chinois au Canada apr\u00e8s la COVID-19<\/a><\/div><div class=\"fwpl-item date\">novembre 24, 2021<\/div><div class=\"fwpl-item categories is-empty\"><\/div><div class=\"fwpl-item excerpt\">\u00c0 compter du 30 novembre 2021, les voyageurs ayant re\u00e7u les doses des vaccins chinois Sinopharm ou Sinovac auront le droit d\u2019entrer au pays. Mais que signifie ce changement pour votre entreprise?\r\n<\/div><div class=\"fwpl-item button\"><a href=\"https:\/\/staging.latmultilingual.com\/fr\/blog\/preparez-vous-au-retour-des-touristes-chinois-au-canada-apres-la-covid-19\/\"><button>Read More<\/button><\/a><\/div><\/div><\/div><\/div><\/div><\/div><div class=\"fwpl-result r5\"><div class=\"fwpl-row post\"><div class=\"fwpl-col fwpl-col el-et17wy\"><div class=\"fwpl-item el-dixhdq\"><a href=\"https:\/\/staging.latmultilingual.com\/fr\/blog\/tissez-des-liens-avec-votre-clientele-chinoise-a-loccasion-du-nouvel-an-lunaire\/\"><img width=\"460\" height=\"295\" src=\"data:image\/svg+xml,%3Csvg%20xmlns%3D%27http%3A%2F%2Fwww.w3.org%2F2000%2Fsvg%27%20width%3D%27460%27%20height%3D%27295%27%20viewBox%3D%270%200%20460%20295%27%3E%3Crect%20width%3D%27460%27%20height%3D%273295%27%20fill-opacity%3D%220%22%2F%3E%3C%2Fsvg%3E\" data-orig-src=\"https:\/\/staging.latmultilingual.com\/wp-content\/uploads\/2020\/10\/Lunar-New-Year-2022-Year-of-the-Tiger-460x295.jpg\" class=\"lazyload attachment-portfolio-two size-portfolio-two wp-post-image\" alt=\"Lunar New Year 2022 - Year of the Tiger\" loading=\"lazy\" \/><\/a><\/div><div class=\"fwpl-row el-hu5oeb\"><div class=\"fwpl-col fwpl-col words\"><div class=\"fwpl-item title\"><a href=\"https:\/\/staging.latmultilingual.com\/fr\/blog\/tissez-des-liens-avec-votre-clientele-chinoise-a-loccasion-du-nouvel-an-lunaire\/\">Nouvel An lunaire 2022 : tissez des liens avec votre client\u00e8le chinoise<\/a><\/div><div class=\"fwpl-item date\">novembre 22, 2021<\/div><div class=\"fwpl-item categories is-empty\"><\/div><div class=\"fwpl-item excerpt\">Le temps des F\u00eates approche! Tandis que les marques s\u2019affairent \u00e0 pr\u00e9parer leurs campagnes publicitaires, les experts du marketing culturel se pr\u00e9parent d\u00e9j\u00e0 pour le Nouvel An lunaire qui sera c\u00e9l\u00e9br\u00e9 le 1er f\u00e9vrier 2022. \u00cates-vous pr\u00eats \u00e0 c\u00e9l\u00e9brer avec vos clients chinois? <\/div><div class=\"fwpl-item button\"><a href=\"https:\/\/staging.latmultilingual.com\/fr\/blog\/tissez-des-liens-avec-votre-clientele-chinoise-a-loccasion-du-nouvel-an-lunaire\/\"><button>Read More<\/button><\/a><\/div><\/div><\/div><\/div><\/div><\/div><div class=\"fwpl-result r6\"><div class=\"fwpl-row post\"><div class=\"fwpl-col fwpl-col el-et17wy\"><div class=\"fwpl-item el-dixhdq\"><a href=\"https:\/\/staging.latmultilingual.com\/fr\/blog\/celebrating-canadas-indigenous-communities\/\"><img width=\"460\" height=\"295\" src=\"data:image\/svg+xml,%3Csvg%20xmlns%3D%27http%3A%2F%2Fwww.w3.org%2F2000%2Fsvg%27%20width%3D%27460%27%20height%3D%27295%27%20viewBox%3D%270%200%20460%20295%27%3E%3Crect%20width%3D%27460%27%20height%3D%273295%27%20fill-opacity%3D%220%22%2F%3E%3C%2Fsvg%3E\" data-orig-src=\"https:\/\/staging.latmultilingual.com\/wp-content\/uploads\/2021\/09\/Assembly-of-First-Nations-Women-460x295.jpg\" class=\"lazyload attachment-portfolio-two size-portfolio-two wp-post-image\" alt=\"Canada&#039;s Indigenous Communities photo\" loading=\"lazy\" \/><\/a><\/div><div class=\"fwpl-row el-hu5oeb\"><div class=\"fwpl-col fwpl-col words\"><div class=\"fwpl-item title\"><a href=\"https:\/\/staging.latmultilingual.com\/fr\/blog\/celebrating-canadas-indigenous-communities\/\">Rendons hommage aux communaut\u00e9s autochtones du Canada<\/a><\/div><div class=\"fwpl-item date\">septembre 24, 2021<\/div><div class=\"fwpl-item categories is-empty\"><\/div><div class=\"fwpl-item excerpt\">Le jeudi 30 septembre est la Journ\u00e9e nationale de la v\u00e9rit\u00e9 et de la r\u00e9conciliation. Cette journ\u00e9e nous invite \u00e0 r\u00e9fl\u00e9chir sur l\u2019h\u00e9ritage laiss\u00e9 par les pensionnats autochtones au Canada et sur l\u2019importance de comprendre ses r\u00e9percussions et la souffrance inflig\u00e9es aux communaut\u00e9s autochtones canadiennes.<\/div><div class=\"fwpl-item button\"><a href=\"https:\/\/staging.latmultilingual.com\/fr\/blog\/celebrating-canadas-indigenous-communities\/\"><button>Read More<\/button><\/a><\/div><\/div><\/div><\/div><\/div><\/div><div class=\"fwpl-result r7\"><div class=\"fwpl-row post\"><div class=\"fwpl-col fwpl-col el-et17wy\"><div class=\"fwpl-item el-dixhdq\"><a href=\"https:\/\/staging.latmultilingual.com\/fr\/blog\/la-fete-de-la-mi-automne\/\"><img width=\"460\" height=\"295\" src=\"data:image\/svg+xml,%3Csvg%20xmlns%3D%27http%3A%2F%2Fwww.w3.org%2F2000%2Fsvg%27%20width%3D%27460%27%20height%3D%27295%27%20viewBox%3D%270%200%20460%20295%27%3E%3Crect%20width%3D%27460%27%20height%3D%273295%27%20fill-opacity%3D%220%22%2F%3E%3C%2Fsvg%3E\" data-orig-src=\"https:\/\/staging.latmultilingual.com\/wp-content\/uploads\/2021\/09\/Mid-Autumn-Festival-2021-460x295.jpg\" class=\"lazyload attachment-portfolio-two size-portfolio-two wp-post-image\" alt=\"Chinese mid-autumn festival\" loading=\"lazy\" \/><\/a><\/div><div class=\"fwpl-row el-hu5oeb\"><div class=\"fwpl-col fwpl-col words\"><div class=\"fwpl-item title\"><a href=\"https:\/\/staging.latmultilingual.com\/fr\/blog\/la-fete-de-la-mi-automne\/\">Songez \u00e0 votre client\u00e8le chinoise lors de la f\u00eate de la mi-automne 2021<\/a><\/div><div class=\"fwpl-item date\">septembre 17, 2021<\/div><div class=\"fwpl-item categories is-empty\"><\/div><div class=\"fwpl-item excerpt\">Ce sera bient\u00f4t la f\u00eate de la mi-automne et c\u2019est l\u2019occasion r\u00eav\u00e9e de tisser des liens solides avec votre client\u00e8le chinoise. Comme elle tombe le 21 septembre, il est encore temps de planifier une campagne cibl\u00e9e. Voici quelques conseils et astuces de nos expertes du marketing chinois.<\/div><div class=\"fwpl-item button\"><a href=\"https:\/\/staging.latmultilingual.com\/fr\/blog\/la-fete-de-la-mi-automne\/\"><button>Read More<\/button><\/a><\/div><\/div><\/div><\/div><\/div><\/div><div class=\"fwpl-result r8\"><div class=\"fwpl-row post\"><div class=\"fwpl-col fwpl-col el-et17wy\"><div class=\"fwpl-item el-dixhdq\"><a href=\"https:\/\/staging.latmultilingual.com\/fr\/blog\/rejoindre-la-clientele-chinoise-au-canada-des-exemples-de-marques-connues\/\"><img width=\"460\" height=\"295\" src=\"data:image\/svg+xml,%3Csvg%20xmlns%3D%27http%3A%2F%2Fwww.w3.org%2F2000%2Fsvg%27%20width%3D%27460%27%20height%3D%27295%27%20viewBox%3D%270%200%20460%20295%27%3E%3Crect%20width%3D%27460%27%20height%3D%273295%27%20fill-opacity%3D%220%22%2F%3E%3C%2Fsvg%3E\" data-orig-src=\"https:\/\/staging.latmultilingual.com\/wp-content\/uploads\/2021\/03\/buy-3692440_1920-460x295.jpg\" class=\"lazyload attachment-portfolio-two size-portfolio-two wp-post-image\" alt=\"\" loading=\"lazy\" \/><\/a><\/div><div class=\"fwpl-row el-hu5oeb\"><div class=\"fwpl-col fwpl-col words\"><div class=\"fwpl-item title\"><a href=\"https:\/\/staging.latmultilingual.com\/fr\/blog\/rejoindre-la-clientele-chinoise-au-canada-des-exemples-de-marques-connues\/\">Rejoindre la client\u00e8le chinoise au Canada : des exemples de marques connues<\/a><\/div><div class=\"fwpl-item date\">avril 5, 2021<\/div><div class=\"fwpl-item categories is-empty\"><\/div><div class=\"fwpl-item excerpt\">Pas besoin d\u2019un compte WeChat pour capter l\u2019attention de la client\u00e8le chinoise au Canada. Voici 4 exemples de marques connues, y compris des campagnes payantes sur Google et Facebook.<\/div><div class=\"fwpl-item button\"><a href=\"https:\/\/staging.latmultilingual.com\/fr\/blog\/rejoindre-la-clientele-chinoise-au-canada-des-exemples-de-marques-connues\/\"><button>Read More<\/button><\/a><\/div><\/div><\/div><\/div><\/div><\/div><div class=\"fwpl-result r9\"><div class=\"fwpl-row post\"><div class=\"fwpl-col fwpl-col el-et17wy\"><div class=\"fwpl-item el-dixhdq\"><a href=\"https:\/\/staging.latmultilingual.com\/fr\/blog\/nouvel-an-chinois-2021-5-campagnes-de-marketing-tendance-en-chine\/\"><img width=\"460\" height=\"295\" src=\"data:image\/svg+xml,%3Csvg%20xmlns%3D%27http%3A%2F%2Fwww.w3.org%2F2000%2Fsvg%27%20width%3D%27460%27%20height%3D%27295%27%20viewBox%3D%270%200%20460%20295%27%3E%3Crect%20width%3D%27460%27%20height%3D%273295%27%20fill-opacity%3D%220%22%2F%3E%3C%2Fsvg%3E\" data-orig-src=\"https:\/\/staging.latmultilingual.com\/wp-content\/uploads\/2021\/01\/Picture5-1-460x295.jpg\" class=\"lazyload attachment-portfolio-two size-portfolio-two wp-post-image\" alt=\"\" loading=\"lazy\" \/><\/a><\/div><div class=\"fwpl-row el-hu5oeb\"><div class=\"fwpl-col fwpl-col words\"><div class=\"fwpl-item title\"><a href=\"https:\/\/staging.latmultilingual.com\/fr\/blog\/nouvel-an-chinois-2021-5-campagnes-de-marketing-tendance-en-chine\/\">Nouvel An chinois 2021 : 5 campagnes de marketing tendance en Chine<\/a><\/div><div class=\"fwpl-item date\">f\u00e9vrier 11, 2021<\/div><div class=\"fwpl-item categories is-empty\"><\/div><div class=\"fwpl-item excerpt\">Souhaitez-vous r\u00e9ussir votre campagne de marketing \u00e0 l\u2019occasion du Nouvel An chinois? Voici 5 r\u00e9alisations de campagnes tendances pour vous inspirer! <\/div><div class=\"fwpl-item button\"><a href=\"https:\/\/staging.latmultilingual.com\/fr\/blog\/nouvel-an-chinois-2021-5-campagnes-de-marketing-tendance-en-chine\/\"><button>Read More<\/button><\/a><\/div><\/div><\/div><\/div><\/div><\/div><\/div>\n<style>\n.fwpl-layout, .fwpl-row {\n    display: grid;\n}\n.fwpl-layout.el-l4k0v {\n    grid-template-columns: repeat(3, 1fr);\n    grid-gap: 20px;\n}\n.fwpl-row.post {\n    grid-template-columns: 1fr;\n}\n.fwpl-row.el-hu5oeb {\n    grid-template-columns: 1fr;\n}\n<\/style>\n<\/div>\n<div class=\"facetwp-facet facetwp-facet-pagination facetwp-type-pager\" data-name=\"pagination\" data-type=\"pager\"><\/div>\n<\/div>\n<\/div><div class=\"fusion-clearfix\"><\/div><\/div><\/div><\/div><\/div>\n","protected":false},"excerpt":{"rendered":"","protected":false},"author":61,"featured_media":0,"parent":0,"menu_order":0,"comment_status":"open","ping_status":"closed","template":"100-width.php","meta":[],"acf":[],"yoast_head":"<!-- This site is optimized with the Yoast SEO plugin v19.13 - https:\/\/yoast.com\/wordpress\/plugins\/seo\/ -->\n<title>Blog About Multilingual Translation and Marketing | LAT<\/title>\n<meta name=\"description\" content=\"Read the LAT Multilingual blogs about multicultural marketing and social media, language training, translation, and more.\" \/>\n<meta name=\"robots\" content=\"index, follow, max-snippet:-1, max-image-preview:large, max-video-preview:-1\" \/>\n<link rel=\"canonical\" href=\"https:\/\/staging.latmultilingual.com\/fr\/blogue\/\" \/>\n<meta property=\"og:locale\" content=\"fr_FR\" \/>\n<meta property=\"og:type\" content=\"article\" \/>\n<meta property=\"og:title\" content=\"Blog About Multilingual Translation and Marketing | LAT\" \/>\n<meta property=\"og:description\" content=\"Read the LAT Multilingual blogs about multicultural marketing and social media, language training, translation, and more.\" \/>\n<meta property=\"og:url\" content=\"https:\/\/staging.latmultilingual.com\/fr\/blogue\/\" \/>\n<meta property=\"og:site_name\" content=\"LAT Multilingue Traduction et Marketing\" \/>\n<meta property=\"article:publisher\" content=\"https:\/\/www.facebook.com\/LATMultilingual\/\" \/>\n<meta property=\"article:modified_time\" content=\"2022-03-07T23:37:29+00:00\" \/>\n<meta name=\"twitter:card\" content=\"summary_large_image\" \/>\n<meta name=\"twitter:site\" content=\"@LATMultilingual\" \/>\n<meta name=\"twitter:label1\" content=\"Dur\u00e9e de lecture estim\u00e9e\" \/>\n\t<meta name=\"twitter:data1\" content=\"7 minutes\" \/>\n<script type=\"application\/ld+json\" class=\"yoast-schema-graph\">{\"@context\":\"https:\/\/schema.org\",\"@graph\":[{\"@type\":\"WebPage\",\"@id\":\"https:\/\/staging.latmultilingual.com\/fr\/blogue\/\",\"url\":\"https:\/\/staging.latmultilingual.com\/fr\/blogue\/\",\"name\":\"Blog About Multilingual Translation and Marketing | LAT\",\"isPartOf\":{\"@id\":\"https:\/\/staging.latmultilingual.com\/#website\"},\"datePublished\":\"2013-06-06T19:47:53+00:00\",\"dateModified\":\"2022-03-07T23:37:29+00:00\",\"description\":\"Read the LAT Multilingual blogs about multicultural marketing and social media, language training, translation, and more.\",\"breadcrumb\":{\"@id\":\"https:\/\/staging.latmultilingual.com\/fr\/blogue\/#breadcrumb\"},\"inLanguage\":\"fr-FR\",\"potentialAction\":[{\"@type\":\"ReadAction\",\"target\":[\"https:\/\/staging.latmultilingual.com\/fr\/blogue\/\"]}]},{\"@type\":\"BreadcrumbList\",\"@id\":\"https:\/\/staging.latmultilingual.com\/fr\/blogue\/#breadcrumb\",\"itemListElement\":[{\"@type\":\"ListItem\",\"position\":1,\"name\":\"Home\",\"item\":\"https:\/\/staging.latmultilingual.com\/fr\/\"},{\"@type\":\"ListItem\",\"position\":2,\"name\":\"Blogue\"}]},{\"@type\":\"WebSite\",\"@id\":\"https:\/\/staging.latmultilingual.com\/#website\",\"url\":\"https:\/\/staging.latmultilingual.com\/\",\"name\":\"LAT Multilingue Traduction et Marketing\",\"description\":\"Reach New Markets with Quality Translation and Cultural Marketing Services\",\"potentialAction\":[{\"@type\":\"SearchAction\",\"target\":{\"@type\":\"EntryPoint\",\"urlTemplate\":\"https:\/\/staging.latmultilingual.com\/?s={search_term_string}\"},\"query-input\":\"required name=search_term_string\"}],\"inLanguage\":\"fr-FR\"}]}<\/script>\n<!-- \/ Yoast SEO plugin. -->","yoast_head_json":{"title":"Blog About Multilingual Translation and Marketing | LAT","description":"Read the LAT Multilingual blogs about multicultural marketing and social media, language training, translation, and more.","robots":{"index":"index","follow":"follow","max-snippet":"max-snippet:-1","max-image-preview":"max-image-preview:large","max-video-preview":"max-video-preview:-1"},"canonical":"https:\/\/staging.latmultilingual.com\/fr\/blogue\/","og_locale":"fr_FR","og_type":"article","og_title":"Blog About Multilingual Translation and Marketing | LAT","og_description":"Read the LAT Multilingual blogs about multicultural marketing and social media, language training, translation, and more.","og_url":"https:\/\/staging.latmultilingual.com\/fr\/blogue\/","og_site_name":"LAT Multilingue Traduction et Marketing","article_publisher":"https:\/\/www.facebook.com\/LATMultilingual\/","article_modified_time":"2022-03-07T23:37:29+00:00","twitter_card":"summary_large_image","twitter_site":"@LATMultilingual","twitter_misc":{"Dur\u00e9e de lecture estim\u00e9e":"7 minutes"},"schema":{"@context":"https:\/\/schema.org","@graph":[{"@type":"WebPage","@id":"https:\/\/staging.latmultilingual.com\/fr\/blogue\/","url":"https:\/\/staging.latmultilingual.com\/fr\/blogue\/","name":"Blog About Multilingual Translation and Marketing | LAT","isPartOf":{"@id":"https:\/\/staging.latmultilingual.com\/#website"},"datePublished":"2013-06-06T19:47:53+00:00","dateModified":"2022-03-07T23:37:29+00:00","description":"Read the LAT Multilingual blogs about multicultural marketing and social media, language training, translation, and more.","breadcrumb":{"@id":"https:\/\/staging.latmultilingual.com\/fr\/blogue\/#breadcrumb"},"inLanguage":"fr-FR","potentialAction":[{"@type":"ReadAction","target":["https:\/\/staging.latmultilingual.com\/fr\/blogue\/"]}]},{"@type":"BreadcrumbList","@id":"https:\/\/staging.latmultilingual.com\/fr\/blogue\/#breadcrumb","itemListElement":[{"@type":"ListItem","position":1,"name":"Home","item":"https:\/\/staging.latmultilingual.com\/fr\/"},{"@type":"ListItem","position":2,"name":"Blogue"}]},{"@type":"WebSite","@id":"https:\/\/staging.latmultilingual.com\/#website","url":"https:\/\/staging.latmultilingual.com\/","name":"LAT Multilingue Traduction et Marketing","description":"Reach New Markets with Quality Translation and Cultural Marketing Services","potentialAction":[{"@type":"SearchAction","target":{"@type":"EntryPoint","urlTemplate":"https:\/\/staging.latmultilingual.com\/?s={search_term_string}"},"query-input":"required name=search_term_string"}],"inLanguage":"fr-FR"}]}},"_links":{"self":[{"href":"https:\/\/staging.latmultilingual.com\/fr\/wp-json\/wp\/v2\/pages\/5247"}],"collection":[{"href":"https:\/\/staging.latmultilingual.com\/fr\/wp-json\/wp\/v2\/pages"}],"about":[{"href":"https:\/\/staging.latmultilingual.com\/fr\/wp-json\/wp\/v2\/types\/page"}],"author":[{"embeddable":true,"href":"https:\/\/staging.latmultilingual.com\/fr\/wp-json\/wp\/v2\/users\/61"}],"replies":[{"embeddable":true,"href":"https:\/\/staging.latmultilingual.com\/fr\/wp-json\/wp\/v2\/comments?post=5247"}],"version-history":[{"count":23,"href":"https:\/\/staging.latmultilingual.com\/fr\/wp-json\/wp\/v2\/pages\/5247\/revisions"}],"predecessor-version":[{"id":22409,"href":"https:\/\/staging.latmultilingual.com\/fr\/wp-json\/wp\/v2\/pages\/5247\/revisions\/22409"}],"wp:attachment":[{"href":"https:\/\/staging.latmultilingual.com\/fr\/wp-json\/wp\/v2\/media?parent=5247"}],"curies":[{"name":"wp","href":"https:\/\/api.w.org\/{rel}","templated":true}]}}