{"id":5265,"date":"2013-06-06T12:54:51","date_gmt":"2013-06-06T19:54:51","guid":{"rendered":"https:\/\/www.latmultilingual.com\/?page_id=5265"},"modified":"2022-03-07T15:40:07","modified_gmt":"2022-03-07T23:40:07","slug":"carrieres","status":"publish","type":"page","link":"https:\/\/staging.latmultilingual.com\/fr\/carrieres\/","title":{"rendered":"Carri\u00e8res"},"content":{"rendered":"<div class=\"fusion-fullwidth fullwidth-box fusion-builder-row-1 grey-section nonhundred-percent-fullwidth non-hundred-percent-height-scrolling\" style=\"background-color: rgba(255,255,255,0);background-position: center center;background-repeat: no-repeat;padding-top:30px;padding-right:0px;padding-bottom:20px;padding-left:0px;margin-bottom: 0px;margin-top: 0px;border-width: 0px 0px 0px 0px;border-color:#eae9e9;border-style:solid;\" ><div class=\"fusion-builder-row fusion-row\"><div class=\"fusion-layout-column fusion_builder_column fusion-builder-column-0 fusion_builder_column_2_3 2_3 fusion-two-third fusion-column-first\" style=\"width:66.666666666667%;width:calc(66.666666666667% - ( ( 4% ) * 0.66666666666667 ) );margin-right: 4%;margin-top:0px;margin-bottom:0px;\"><div class=\"fusion-column-wrapper fusion-flex-column-wrapper-legacy\" style=\"background-position:left top;background-repeat:no-repeat;-webkit-background-size:cover;-moz-background-size:cover;-o-background-size:cover;background-size:cover;padding: 0px 0px 0px 0px;\"><style type=\"text\/css\"><\/style><div class=\"fusion-title title fusion-title-1 fusion-sep-none fusion-title-text fusion-title-size-one\" style=\"margin-top:0px;margin-bottom:15px;\"><h1 class=\"title-heading-left\" style=\"margin:0;\"><h2>Passionn\u00e9 de langues? <br \/>\nAdepte de communication?<\/h2><\/h1><\/div><div class=\"fusion-text fusion-text-1\" style=\"transform:translate3d(0,0,0);\"><p style=\"text-align: left;\" align=\"justify\">Nous sommes toujours ravis de rencontrer des personnes dont les champs d\u2019int\u00e9r\u00eat et les expertises s\u2019accordent aux n\u00f4tres.<\/p>\n<p style=\"text-align: left;\" align=\"justify\"><b class=\"b4\">Offres\u00a0<\/b><b class=\"b3\">d<\/b><b class=\"b4\">&#8217;emploi<\/b>\u00a0<\/p>\n<ul style=\"text-align: left;\">\n<li><a href=\"https:\/\/staging.latmultilingual.com\/fr\/carrieres\/gestionnaire-de-comptes\/\">Gestionnaire de comptes<\/a><\/li>\n<li><a href=\"https:\/\/www.staging.latmultilingual.com\/fr\/carrieres\/gestionnaire-de-projets\/\">Gestionnaire de projets<\/a><\/li>\n<li><a href=\"https:\/\/www.staging.latmultilingual.com\/fr\/carrieres\/traducteur-reviseur\/\">Traducteur r\u00e9viseur<\/a><\/li>\n<li><a href=\"https:\/\/www.staging.latmultilingual.com\/fr\/carrieres\/coordonnateur-de-la-traduction\/\">Coordonnateur.rice de la traduction<\/a><\/li>\n<\/ul>\n<p style=\"text-align: left;\" align=\"justify\"><strong>Vous \u00eates un sp\u00e9cialiste des langues?<\/strong>\u00a0Nous sommes ponctuellement \u00e0 la recherche de traducteurs pigistes talentueux et exp\u00e9riment\u00e9s pour travailler \u00e0 distance sur certains projets de nos clients. Il est essentiel que vous soyez en mesure de produire un texte de grande qualit\u00e9 dans un d\u00e9lai serr\u00e9.<\/p>\n<p style=\"text-align: left;\" align=\"justify\"><strong>Vous \u00eates un sp\u00e9cialiste dans un autre domaine?<\/strong>\u00a0Nous avons fr\u00e9quemment recours \u00e0 des pigistes pour nos projets multilingues. Voici les domaines d\u2019expertise que nous recherchons\u00a0: graphisme, marketing num\u00e9rique sp\u00e9cialis\u00e9 en publicit\u00e9s payables au clic et r\u00e9daction de contenu en chinois.\u00a0<\/p>\n<\/div><div class=\"fusion-aligncenter\"><style type=\"text\/css\">.fusion-button.button-1 {border-radius:2px;}<\/style><a class=\"fusion-button button-flat fusion-button-default-size button-default button-1 fusion-button-default-span fusion-button-default-type submit-resume\" target=\"_self\" href=\"https:\/\/www.latmultilingual.com\/fr\/nous-joindre\/\"><span class=\"fusion-button-text\">Envoyer un CV<\/span><\/a><\/div><div class=\"fusion-clearfix\"><\/div><\/div><\/div><div class=\"fusion-layout-column fusion_builder_column fusion-builder-column-1 fusion_builder_column_1_3 1_3 fusion-one-third fusion-column-last\" style=\"width:33.333333333333%;width:calc(33.333333333333% - ( ( 4% ) * 0.33333333333333 ) );margin-top:0px;margin-bottom:0px;\"><div class=\"fusion-column-wrapper fusion-flex-column-wrapper-legacy\" style=\"background-position:left top;background-repeat:no-repeat;-webkit-background-size:cover;-moz-background-size:cover;-o-background-size:cover;background-size:cover;padding: 0px 0px 0px 0px;\"><div class=\"fusion-text fusion-text-2\" style=\"transform:translate3d(0,0,0);\"><blockquote>\n<p style=\"text-align: left;\" align=\"justify\"><img class=\"lazyload size-full wp-image-18058 alignright\" src=\"data:image\/svg+xml,%3Csvg%20xmlns%3D%27http%3A%2F%2Fwww.w3.org%2F2000%2Fsvg%27%20width%3D%27100%27%20height%3D%27100%27%20viewBox%3D%270%200%20100%20100%27%3E%3Crect%20width%3D%27100%27%20height%3D%273100%27%20fill-opacity%3D%220%22%2F%3E%3C%2Fsvg%3E\" data-orig-src=\"https:\/\/www.latmultilingual.com\/wp-content\/uploads\/2020\/09\/Careers_Stella_Circle.png\" alt=\"\" width=\"100\" height=\"100\" \/>Je suis tr\u00e8s fi\u00e8re de faire partie de l\u2019\u00e9quipe de LAT. J\u2019ai trouv\u00e9 ma place au sein d\u2019un excellent groupe de coll\u00e8gues qui travaillent ensemble dans un esprit d\u2019entraide. L\u2019exp\u00e9rience que j\u2019ai acquise jusqu\u2019\u00e0 pr\u00e9sent est irrempla\u00e7able et m\u2019est d\u2019une aide pr\u00e9cieuse pour l\u2019avancement de ma carri\u00e8re. Je suis vraiment reconnaissante de travailler dans une entreprise qui nous aide \u00e0 grandir ensemble.<\/p>\n<p style=\"text-align: left;\"><strong>Stella Que<\/strong><br \/>\n<span class=\"medium-blue\">Coordonnatrice du marketing<br \/>\n<\/span><\/p>\n<\/blockquote>\n<p>&nbsp;<\/p>\n<blockquote>\n<p style=\"text-align: left;\" align=\"justify\"><img class=\"lazyload size-full wp-image-18058 alignright\" src=\"data:image\/svg+xml,%3Csvg%20xmlns%3D%27http%3A%2F%2Fwww.w3.org%2F2000%2Fsvg%27%20width%3D%27100%27%20height%3D%27100%27%20viewBox%3D%270%200%20100%20100%27%3E%3Crect%20width%3D%27100%27%20height%3D%273100%27%20fill-opacity%3D%220%22%2F%3E%3C%2Fsvg%3E\" data-orig-src=\"https:\/\/www.latmultilingual.com\/wp-content\/uploads\/2020\/09\/Careers_Julie_Circle.png\" alt=\"\" width=\"100\" height=\"100\" \/>\u00c0 mes yeux, ce qui distingue LAT des autres entreprises de traduction et de marketing est l\u2019aspect humain. L\u2019\u00e9quipe a \u00e9t\u00e9 choisie avec soin en fonction de l\u2019exp\u00e9rience, des comp\u00e9tences et de la personnalit\u00e9 de chacun. Dans une industrie en constante \u00e9volution et au rythme effr\u00e9n\u00e9, je crois qu\u2019il est important d\u2019\u00eatre entour\u00e9 des bonnes personnes, surtout pour affronter et surmonter tous les d\u00e9fis. Mes coll\u00e8gues sont ces personnes, et chaque jour je suis heureuse de pouvoir dire que je fais partie de la famille LAT.\u00a0<\/p>\n<p style=\"text-align: left;\"><strong>Julie Wong-Gravend<\/strong><br \/>\n<span class=\"medium-blue\">Gestionnaire d\u2019\u00e9quipe &#8211; Traduction<\/span><\/p>\n<\/blockquote>\n<\/div><div class=\"fusion-clearfix\"><\/div><\/div><\/div><\/div><\/div>\n","protected":false},"excerpt":{"rendered":"","protected":false},"author":61,"featured_media":0,"parent":0,"menu_order":0,"comment_status":"closed","ping_status":"closed","template":"100-width.php","meta":[],"acf":[],"yoast_head":"<!-- This site is optimized with the Yoast SEO plugin v19.13 - https:\/\/yoast.com\/wordpress\/plugins\/seo\/ -->\n<title>Une carri\u00e8re \u00e0 LAT Multilingue<\/title>\n<meta name=\"description\" content=\"\u00c0 LAT Multilingue, nous sommes toujours \u00e0 la recherche de nouveaux talents. Notre objectif est de trouver le bon candidat pour le bon poste, que ce soit une carri\u00e8re \u00e0 LAT ou pour le compte de nos clients. N\u2019h\u00e9sitez pas \u00e0 communiquer avec nous!\" \/>\n<meta name=\"robots\" content=\"index, follow, max-snippet:-1, max-image-preview:large, max-video-preview:-1\" \/>\n<link rel=\"canonical\" href=\"https:\/\/staging.latmultilingual.com\/fr\/carrieres\/\" \/>\n<meta property=\"og:locale\" content=\"fr_FR\" \/>\n<meta property=\"og:type\" content=\"article\" \/>\n<meta property=\"og:title\" content=\"Une carri\u00e8re \u00e0 LAT Multilingue\" \/>\n<meta property=\"og:description\" content=\"\u00c0 LAT Multilingue, nous sommes toujours \u00e0 la recherche de nouveaux talents. Notre objectif est de trouver le bon candidat pour le bon poste, que ce soit une carri\u00e8re \u00e0 LAT ou pour le compte de nos clients. N\u2019h\u00e9sitez pas \u00e0 communiquer avec nous!\" \/>\n<meta property=\"og:url\" content=\"https:\/\/staging.latmultilingual.com\/fr\/carrieres\/\" \/>\n<meta property=\"og:site_name\" content=\"LAT Multilingue Traduction et Marketing\" \/>\n<meta property=\"article:publisher\" content=\"https:\/\/www.facebook.com\/LATMultilingual\/\" \/>\n<meta property=\"article:modified_time\" content=\"2022-03-07T23:40:07+00:00\" \/>\n<meta property=\"og:image\" content=\"https:\/\/www.latmultilingual.com\/wp-content\/uploads\/2020\/09\/Careers_Stella_Circle.png\" \/>\n<meta name=\"twitter:card\" content=\"summary_large_image\" \/>\n<meta name=\"twitter:site\" content=\"@LATMultilingual\" \/>\n<meta name=\"twitter:label1\" content=\"Dur\u00e9e de lecture estim\u00e9e\" \/>\n\t<meta name=\"twitter:data1\" content=\"4 minutes\" \/>\n<script type=\"application\/ld+json\" class=\"yoast-schema-graph\">{\"@context\":\"https:\/\/schema.org\",\"@graph\":[{\"@type\":\"WebPage\",\"@id\":\"https:\/\/staging.latmultilingual.com\/fr\/carrieres\/\",\"url\":\"https:\/\/staging.latmultilingual.com\/fr\/carrieres\/\",\"name\":\"Une carri\u00e8re \u00e0 LAT Multilingue\",\"isPartOf\":{\"@id\":\"https:\/\/staging.latmultilingual.com\/#website\"},\"datePublished\":\"2013-06-06T19:54:51+00:00\",\"dateModified\":\"2022-03-07T23:40:07+00:00\",\"description\":\"\u00c0 LAT Multilingue, nous sommes toujours \u00e0 la recherche de nouveaux talents. Notre objectif est de trouver le bon candidat pour le bon poste, que ce soit une carri\u00e8re \u00e0 LAT ou pour le compte de nos clients. N\u2019h\u00e9sitez pas \u00e0 communiquer avec nous!\",\"breadcrumb\":{\"@id\":\"https:\/\/staging.latmultilingual.com\/fr\/carrieres\/#breadcrumb\"},\"inLanguage\":\"fr-FR\",\"potentialAction\":[{\"@type\":\"ReadAction\",\"target\":[\"https:\/\/staging.latmultilingual.com\/fr\/carrieres\/\"]}]},{\"@type\":\"BreadcrumbList\",\"@id\":\"https:\/\/staging.latmultilingual.com\/fr\/carrieres\/#breadcrumb\",\"itemListElement\":[{\"@type\":\"ListItem\",\"position\":1,\"name\":\"Home\",\"item\":\"https:\/\/staging.latmultilingual.com\/fr\/\"},{\"@type\":\"ListItem\",\"position\":2,\"name\":\"Carri\u00e8res\"}]},{\"@type\":\"WebSite\",\"@id\":\"https:\/\/staging.latmultilingual.com\/#website\",\"url\":\"https:\/\/staging.latmultilingual.com\/\",\"name\":\"LAT Multilingue Traduction et Marketing\",\"description\":\"Reach New Markets with Quality Translation and Cultural Marketing Services\",\"potentialAction\":[{\"@type\":\"SearchAction\",\"target\":{\"@type\":\"EntryPoint\",\"urlTemplate\":\"https:\/\/staging.latmultilingual.com\/?s={search_term_string}\"},\"query-input\":\"required name=search_term_string\"}],\"inLanguage\":\"fr-FR\"}]}<\/script>\n<!-- \/ Yoast SEO plugin. -->","yoast_head_json":{"title":"Une carri\u00e8re \u00e0 LAT Multilingue","description":"\u00c0 LAT Multilingue, nous sommes toujours \u00e0 la recherche de nouveaux talents. Notre objectif est de trouver le bon candidat pour le bon poste, que ce soit une carri\u00e8re \u00e0 LAT ou pour le compte de nos clients. N\u2019h\u00e9sitez pas \u00e0 communiquer avec nous!","robots":{"index":"index","follow":"follow","max-snippet":"max-snippet:-1","max-image-preview":"max-image-preview:large","max-video-preview":"max-video-preview:-1"},"canonical":"https:\/\/staging.latmultilingual.com\/fr\/carrieres\/","og_locale":"fr_FR","og_type":"article","og_title":"Une carri\u00e8re \u00e0 LAT Multilingue","og_description":"\u00c0 LAT Multilingue, nous sommes toujours \u00e0 la recherche de nouveaux talents. Notre objectif est de trouver le bon candidat pour le bon poste, que ce soit une carri\u00e8re \u00e0 LAT ou pour le compte de nos clients. N\u2019h\u00e9sitez pas \u00e0 communiquer avec nous!","og_url":"https:\/\/staging.latmultilingual.com\/fr\/carrieres\/","og_site_name":"LAT Multilingue Traduction et Marketing","article_publisher":"https:\/\/www.facebook.com\/LATMultilingual\/","article_modified_time":"2022-03-07T23:40:07+00:00","og_image":[{"url":"https:\/\/www.latmultilingual.com\/wp-content\/uploads\/2020\/09\/Careers_Stella_Circle.png"}],"twitter_card":"summary_large_image","twitter_site":"@LATMultilingual","twitter_misc":{"Dur\u00e9e de lecture estim\u00e9e":"4 minutes"},"schema":{"@context":"https:\/\/schema.org","@graph":[{"@type":"WebPage","@id":"https:\/\/staging.latmultilingual.com\/fr\/carrieres\/","url":"https:\/\/staging.latmultilingual.com\/fr\/carrieres\/","name":"Une carri\u00e8re \u00e0 LAT Multilingue","isPartOf":{"@id":"https:\/\/staging.latmultilingual.com\/#website"},"datePublished":"2013-06-06T19:54:51+00:00","dateModified":"2022-03-07T23:40:07+00:00","description":"\u00c0 LAT Multilingue, nous sommes toujours \u00e0 la recherche de nouveaux talents. Notre objectif est de trouver le bon candidat pour le bon poste, que ce soit une carri\u00e8re \u00e0 LAT ou pour le compte de nos clients. N\u2019h\u00e9sitez pas \u00e0 communiquer avec nous!","breadcrumb":{"@id":"https:\/\/staging.latmultilingual.com\/fr\/carrieres\/#breadcrumb"},"inLanguage":"fr-FR","potentialAction":[{"@type":"ReadAction","target":["https:\/\/staging.latmultilingual.com\/fr\/carrieres\/"]}]},{"@type":"BreadcrumbList","@id":"https:\/\/staging.latmultilingual.com\/fr\/carrieres\/#breadcrumb","itemListElement":[{"@type":"ListItem","position":1,"name":"Home","item":"https:\/\/staging.latmultilingual.com\/fr\/"},{"@type":"ListItem","position":2,"name":"Carri\u00e8res"}]},{"@type":"WebSite","@id":"https:\/\/staging.latmultilingual.com\/#website","url":"https:\/\/staging.latmultilingual.com\/","name":"LAT Multilingue Traduction et Marketing","description":"Reach New Markets with Quality Translation and Cultural Marketing Services","potentialAction":[{"@type":"SearchAction","target":{"@type":"EntryPoint","urlTemplate":"https:\/\/staging.latmultilingual.com\/?s={search_term_string}"},"query-input":"required name=search_term_string"}],"inLanguage":"fr-FR"}]}},"_links":{"self":[{"href":"https:\/\/staging.latmultilingual.com\/fr\/wp-json\/wp\/v2\/pages\/5265"}],"collection":[{"href":"https:\/\/staging.latmultilingual.com\/fr\/wp-json\/wp\/v2\/pages"}],"about":[{"href":"https:\/\/staging.latmultilingual.com\/fr\/wp-json\/wp\/v2\/types\/page"}],"author":[{"embeddable":true,"href":"https:\/\/staging.latmultilingual.com\/fr\/wp-json\/wp\/v2\/users\/61"}],"replies":[{"embeddable":true,"href":"https:\/\/staging.latmultilingual.com\/fr\/wp-json\/wp\/v2\/comments?post=5265"}],"version-history":[{"count":43,"href":"https:\/\/staging.latmultilingual.com\/fr\/wp-json\/wp\/v2\/pages\/5265\/revisions"}],"predecessor-version":[{"id":22411,"href":"https:\/\/staging.latmultilingual.com\/fr\/wp-json\/wp\/v2\/pages\/5265\/revisions\/22411"}],"wp:attachment":[{"href":"https:\/\/staging.latmultilingual.com\/fr\/wp-json\/wp\/v2\/media?parent=5265"}],"curies":[{"name":"wp","href":"https:\/\/api.w.org\/{rel}","templated":true}]}}