{"id":5288,"date":"2013-06-06T13:11:16","date_gmt":"2013-06-06T20:11:16","guid":{"rendered":"https:\/\/www.latmultilingual.com\/?page_id=5288"},"modified":"2022-03-07T15:51:24","modified_gmt":"2022-03-07T23:51:24","slug":"conditions-dutilisation","status":"publish","type":"page","link":"https:\/\/staging.latmultilingual.com\/fr\/conditions-dutilisation\/","title":{"rendered":"Conditions d&rsquo;utilisation"},"content":{"rendered":"<div class=\"fusion-fullwidth fullwidth-box fusion-builder-row-1 nonhundred-percent-fullwidth non-hundred-percent-height-scrolling\" style=\"background-color: rgba(255,255,255,0);background-position: center center;background-repeat: no-repeat;padding-top:30px;padding-right:0px;padding-bottom:20px;padding-left:0px;margin-bottom: 0px;margin-top: 0px;border-width: 0px 0px 0px 0px;border-color:#eae9e9;border-style:solid;\" ><div class=\"fusion-builder-row fusion-row\"><div class=\"fusion-layout-column fusion_builder_column fusion-builder-column-0 fusion_builder_column_1_1 1_1 fusion-one-full fusion-column-first fusion-column-last\" style=\"margin-top:0px;margin-bottom:0px;\"><div class=\"fusion-column-wrapper fusion-flex-column-wrapper-legacy\" style=\"background-position:left top;background-repeat:no-repeat;-webkit-background-size:cover;-moz-background-size:cover;-o-background-size:cover;background-size:cover;padding: 0px 0px 0px 0px;\"><div class=\"fusion-text fusion-text-1\" style=\"transform:translate3d(0,0,0);\"><div class=\"page-title\">\n<h1>CONDITIONS D&rsquo;UTILISATION<\/h1>\n<\/div>\n<\/div><div class=\"fusion-clearfix\"><\/div><\/div><\/div><\/div><\/div><div class=\"fusion-fullwidth fullwidth-box fusion-builder-row-2 hundred-percent-fullwidth non-hundred-percent-height-scrolling\" style=\"background-color: rgba(255,255,255,0);background-position: center center;background-repeat: no-repeat;padding-top:30px;padding-right:0px;padding-bottom:20px;padding-left:0px;margin-bottom: 0px;margin-top: 40px;border-width: 0px 0px 0px 0px;border-color:#eae9e9;border-style:solid;\" ><div class=\"fusion-builder-row fusion-row\"><div class=\"fusion-layout-column fusion_builder_column fusion-builder-column-1 fusion_builder_column_1_1 1_1 fusion-one-full fusion-column-first fusion-column-last fusion-column-no-min-height\" style=\"margin-top:0px;margin-bottom:0px;\"><div class=\"fusion-column-wrapper fusion-flex-column-wrapper-legacy\" style=\"background-position:left top;background-repeat:no-repeat;-webkit-background-size:cover;-moz-background-size:cover;-o-background-size:cover;background-size:cover;padding: 0px 0px 0px 0px;\"><div class=\"fusion-text fusion-text-2\" style=\"transform:translate3d(0,0,0);\"><p style=\"text-align: left;\" align=\"justify\">La pr\u00e9sente page Web constitue un document juridique qui d\u00e9crit les conditions d\u2019utilisation du site Web de LAT Multilingue et r\u00e9git les modalit\u00e9s juridiques du site Web, https:\/\/www.latmultilingue.com, de ses sous-domaines et de toutes les applications Web et mobiles connexes (collectivement, le \u00ab\u00a0Site Web\u00a0\u00bb), d\u00e9tenus et exploit\u00e9s par LAT Multilingual Translation &amp; Marketing.<\/p>\n<p style=\"text-align: left;\" align=\"justify\">Les termes \u00e9crits avec une majuscule, sauf indication contraire, prennent la signification pr\u00e9cis\u00e9e dans la section D\u00e9finitions, ci\u2011dessous. Les pr\u00e9sentes Conditions d\u2019utilisation, de m\u00eame que la Politique de protection des renseignements personnels de LAT, tout contrat de licence mobile et toutes les autres directives affich\u00e9es sur le Site Web, collectivement appel\u00e9s les \u00ab\u00a0Modalit\u00e9s juridiques\u00a0\u00bb, constituent la totalit\u00e9 de l\u2019entente et la seule entente entre vous et LAT Multilingue, et pr\u00e9valent sur tous les autres accords, assertions, garanties et conventions relatifs au Site Web et \u00e0 l\u2019objet des pr\u00e9sentes. LAT se r\u00e9serve le droit de modifier ses Modalit\u00e9s juridiques en tout temps, sans vous en aviser personnellement. La plus r\u00e9cente version des Modalit\u00e9s juridiques est affich\u00e9e sur le Site Web; il vous appartient de l\u2019examiner avant d\u2019utiliser le Site Web. D\u00e8s la publication de toute modification apport\u00e9e aux Modalit\u00e9s juridiques, vous acceptez d\u2019y \u00eatre li\u00e9. Par cons\u00e9quent, il est important que vous examiniez p\u00e9riodiquement les Modalit\u00e9s juridiques, afin de v\u00e9rifier si vous les acceptez toujours.<\/p>\n<p style=\"text-align: left;\" align=\"justify\">En utilisant le Site Web de LAT, vous acceptez de respecter en tout point les Modalit\u00e9s juridiques et d\u2019y \u00eatre li\u00e9. Veuillez les lire attentivement. Si vous n\u2019acceptez pas ces Modalit\u00e9s juridiques, veuillez vous abstenir d\u2019acc\u00e9der au Site Web et de l\u2019utiliser. Si vous avez d\u00e9j\u00e0 acc\u00e9d\u00e9 au Site Web, mais n\u2019acceptez pas les Modalit\u00e9s juridiques, vous devez imm\u00e9diatement cesser d\u2019utiliser le Site Web.<\/p>\n<p style=\"text-align: left;\" align=\"justify\">La plus r\u00e9cente mise \u00e0 jour de nos Conditions d\u2019utilisation a \u00e9t\u00e9 publi\u00e9e le 4\u00a0juin 2013.<\/p>\n<p style=\"text-align: left;\" align=\"justify\"><strong>D\u00e9finitions<\/strong><\/p>\n<p style=\"text-align: left;\">Les termes \u00ab\u00a0LAT\u00a0\u00bb, \u00ab\u00a0nous\u00a0\u00bb et \u00ab\u00a0notre\u00a0\u00bb font r\u00e9f\u00e9rence \u00e0 LAT Multilingue, propri\u00e9taire du Site Web.<\/p>\n<p style=\"text-align: left;\">\u00ab\u00a0Visiteur\u00a0\u00bb s\u2019entend de toute personne qui navigue simplement sur le Site Web, sans s\u2019\u00eatre inscrite en tant que membre.<\/p>\n<p style=\"text-align: left;\">\u00ab\u00a0Membre\u00a0\u00bb s\u2019entend de toute personne qui s\u2019est inscrite en vue d\u2019utiliser notre Service.<\/p>\n<p style=\"text-align: left;\">\u00ab\u00a0Service\u00a0\u00bb s\u2019entend de l\u2019ensemble des fonctionnalit\u00e9s et des caract\u00e9ristiques offertes aux membres par le Site Web de LAT.<\/p>\n<p style=\"text-align: left;\">\u00ab\u00a0Utilisateur\u00a0\u00bb est un terme collectif qui d\u00e9signe un Visiteur ou un Membre.<\/p>\n<p style=\"text-align: left;\">\u00ab\u00a0Contenu\u00a0\u00bb s\u2019entend de l\u2019ensemble des textes, des renseignements, des illustrations, des sons et des images fixes ou vid\u00e9o offerts sur notre Site Web.<\/p>\n<p style=\"text-align: left;\" align=\"justify\"><strong>Conformit\u00e9 aux exigences juridiques<\/strong><\/p>\n<p style=\"text-align: left;\" align=\"justify\">Lorsque vous utilisez le Site Web de LAT, vous acceptez de vous conformer \u00e0 l\u2019ensemble des lois, des ordonnances et des r\u00e8glements nationaux et internationaux pertinents. LAT Multilingue se r\u00e9serve le droit d\u2019enqu\u00eater sur toute plainte ou violation signal\u00e9e de ses Modalit\u00e9s juridiques et de prendre toute mesure jug\u00e9e appropri\u00e9e, y compris, sans s\u2019y limiter, annuler votre compte de membre, signaler toute activit\u00e9 ill\u00e9gale pr\u00e9sum\u00e9e aux responsables de l\u2019application de la loi, aux autorit\u00e9s de r\u00e9glementation ou \u00e0 d\u2019autres tiers, et divulguer \u00e0 ces personnes ou entit\u00e9s tous les renseignements n\u00e9cessaires ou appropri\u00e9s quant \u00e0 votre profil, \u00e0 vos adresses courriel, \u00e0 votre historique d\u2019utilisation, au mat\u00e9riel publi\u00e9, \u00e0 vos adresses IP et \u00e0 vos habitudes de navigation, dans les limites permises par la Politique de protection des renseignements personnels de LAT.<\/p>\n<p style=\"text-align: left;\" align=\"justify\"><strong>Propri\u00e9t\u00e9 intellectuelle<\/strong><\/p>\n<p style=\"text-align: left;\" align=\"justify\">Notre Site Web peut afficher les marques de service ou les marques de commerce de LAT, de m\u00eame que celles de nos filiales ou d\u2019autres soci\u00e9t\u00e9s, sous forme de mots, d\u2019illustrations et de logos. Votre utilisation du Site Web ne vous conf\u00e8re aucun droit ni licence vous permettant d\u2019utiliser ces marques de service ou marques de commerce sans l\u2019autorisation \u00e9crite pr\u00e9alable de leur propri\u00e9taire respectif. En outre, notre Site Web est prot\u00e9g\u00e9 par les lois internationales sur le droit d\u2019auteur. Il est strictement interdit de copier, de redistribuer, d\u2019utiliser ou de publier toute partie du Site Web. Votre utilisation du Site Web ne vous conf\u00e8re aucun droit de propri\u00e9t\u00e9, de quelque nature que ce soit, \u00e0 l\u2019\u00e9gard du Site Web.<\/p>\n<p style=\"text-align: left;\" align=\"justify\"><strong>Liens vers d\u2019autres sites Web<\/strong><\/p>\n<p style=\"text-align: left;\" align=\"justify\">Le Site Web de LAT peut contenir des liens vers des sites de tierce partie. Ces liens sont fournis uniquement pour faciliter la navigation des utilisateurs. En reliant ces sites \u00e0 son propre Site Web, LAT ne cr\u00e9e aucune affiliation avec ces sites tiers et ne les parraine aucunement. L\u2019inclusion de liens sur le Site Web ne signifie en aucun cas que LAT promeut, garantit ou recommande les sites tiers auxquels m\u00e8nent ces liens. LAT Multilingue n\u2019a aucun contr\u00f4le sur les documents juridiques et les pratiques de confidentialit\u00e9 des sites autres que le sien. Ainsi, vous acc\u00e9dez \u00e0 ces sites Web de tierce partie \u00e0 vos propres risques.<\/p>\n<p style=\"text-align: left;\" align=\"justify\"><strong>Conditions g\u00e9n\u00e9rales<\/strong><\/p>\n<p style=\"text-align: left;\" align=\"justify\">Les Modalit\u00e9s juridiques de LAT doivent \u00eatre interpr\u00e9t\u00e9es comme si elles \u00e9taient ex\u00e9cut\u00e9es au Canada; elle seront r\u00e9gies et interpr\u00e9t\u00e9es conform\u00e9ment aux lois du Canada, sans \u00e9gard aux r\u00e8gles de droit international priv\u00e9. En outre, vous acceptez de vous soumettre \u00e0 la comp\u00e9tence personnelle et au si\u00e8ge des tribunaux canadiens. Toute poursuite intent\u00e9e par vous \u00e0 l\u2019\u00e9gard de notre Site Web doit \u00eatre engag\u00e9e dans un d\u00e9lai d\u2019un (1)\u00a0an apr\u00e8s la cause d\u2019action, sans quoi vous devrez y renoncer d\u00e9finitivement. Si une partie des Modalit\u00e9s juridiques \u00e9tait jug\u00e9e nulle et non avenue ou inex\u00e9cutable, cette partie sera interpr\u00e9t\u00e9e conform\u00e9ment au droit applicable et les portions restantes resteront en vigueur. S\u2019il advient qu\u2019une partie du Contenu du Site Web soit incompatible avec les Modalit\u00e9s juridiques de LAT ou les contredise, les Modalit\u00e9s juridiques pr\u00e9vaudront. Le manquement \u00e0 l\u2019ex\u00e9cution par LAT de l\u2019une ou l\u2019autre des dispositions des Modalit\u00e9s juridiques ne peut \u00eatre consid\u00e9r\u00e9 comme une renonciation \u00e0 cette disposition, ni au droit d\u2019ex\u00e9cuter cette disposition. Les droits de LAT Multilingue en vertu de ses Modalit\u00e9s juridiques demeurent en vigueur apr\u00e8s la r\u00e9siliation des Modalit\u00e9s juridiques.<\/p>\n<\/div><div class=\"fusion-clearfix\"><\/div><\/div><\/div><\/div><style type=\"text\/css\">.fusion-fullwidth.fusion-builder-row-2 { overflow:visible; }<\/style><\/div>\n","protected":false},"excerpt":{"rendered":"","protected":false},"author":61,"featured_media":0,"parent":0,"menu_order":0,"comment_status":"open","ping_status":"open","template":"","meta":[],"acf":[],"yoast_head":"<!-- This site is optimized with the Yoast SEO plugin v19.13 - https:\/\/yoast.com\/wordpress\/plugins\/seo\/ -->\n<title>Conditions d&#039;utilisation - LAT Multilingue Traduction et Marketing<\/title>\n<meta name=\"robots\" content=\"index, follow, max-snippet:-1, max-image-preview:large, max-video-preview:-1\" \/>\n<link rel=\"canonical\" href=\"https:\/\/staging.latmultilingual.com\/fr\/conditions-dutilisation\/\" \/>\n<meta property=\"og:locale\" content=\"fr_FR\" \/>\n<meta property=\"og:type\" content=\"article\" \/>\n<meta property=\"og:title\" content=\"Conditions d&#039;utilisation - LAT Multilingue Traduction et Marketing\" \/>\n<meta property=\"og:url\" content=\"https:\/\/staging.latmultilingual.com\/fr\/conditions-dutilisation\/\" \/>\n<meta property=\"og:site_name\" content=\"LAT Multilingue Traduction et Marketing\" \/>\n<meta property=\"article:publisher\" content=\"https:\/\/www.facebook.com\/LATMultilingual\/\" \/>\n<meta property=\"article:modified_time\" content=\"2022-03-07T23:51:24+00:00\" \/>\n<meta name=\"twitter:card\" content=\"summary_large_image\" \/>\n<meta name=\"twitter:site\" content=\"@LATMultilingual\" \/>\n<meta name=\"twitter:label1\" content=\"Dur\u00e9e de lecture estim\u00e9e\" \/>\n\t<meta name=\"twitter:data1\" content=\"7 minutes\" \/>\n<script type=\"application\/ld+json\" class=\"yoast-schema-graph\">{\"@context\":\"https:\/\/schema.org\",\"@graph\":[{\"@type\":\"WebPage\",\"@id\":\"https:\/\/staging.latmultilingual.com\/fr\/conditions-dutilisation\/\",\"url\":\"https:\/\/staging.latmultilingual.com\/fr\/conditions-dutilisation\/\",\"name\":\"Conditions d'utilisation - LAT Multilingue Traduction et Marketing\",\"isPartOf\":{\"@id\":\"https:\/\/staging.latmultilingual.com\/#website\"},\"datePublished\":\"2013-06-06T20:11:16+00:00\",\"dateModified\":\"2022-03-07T23:51:24+00:00\",\"breadcrumb\":{\"@id\":\"https:\/\/staging.latmultilingual.com\/fr\/conditions-dutilisation\/#breadcrumb\"},\"inLanguage\":\"fr-FR\",\"potentialAction\":[{\"@type\":\"ReadAction\",\"target\":[\"https:\/\/staging.latmultilingual.com\/fr\/conditions-dutilisation\/\"]}]},{\"@type\":\"BreadcrumbList\",\"@id\":\"https:\/\/staging.latmultilingual.com\/fr\/conditions-dutilisation\/#breadcrumb\",\"itemListElement\":[{\"@type\":\"ListItem\",\"position\":1,\"name\":\"Home\",\"item\":\"https:\/\/staging.latmultilingual.com\/fr\/\"},{\"@type\":\"ListItem\",\"position\":2,\"name\":\"Conditions d&#8217;utilisation\"}]},{\"@type\":\"WebSite\",\"@id\":\"https:\/\/staging.latmultilingual.com\/#website\",\"url\":\"https:\/\/staging.latmultilingual.com\/\",\"name\":\"LAT Multilingue Traduction et Marketing\",\"description\":\"Reach New Markets with Quality Translation and Cultural Marketing Services\",\"potentialAction\":[{\"@type\":\"SearchAction\",\"target\":{\"@type\":\"EntryPoint\",\"urlTemplate\":\"https:\/\/staging.latmultilingual.com\/?s={search_term_string}\"},\"query-input\":\"required name=search_term_string\"}],\"inLanguage\":\"fr-FR\"}]}<\/script>\n<!-- \/ Yoast SEO plugin. -->","yoast_head_json":{"title":"Conditions d'utilisation - LAT Multilingue Traduction et Marketing","robots":{"index":"index","follow":"follow","max-snippet":"max-snippet:-1","max-image-preview":"max-image-preview:large","max-video-preview":"max-video-preview:-1"},"canonical":"https:\/\/staging.latmultilingual.com\/fr\/conditions-dutilisation\/","og_locale":"fr_FR","og_type":"article","og_title":"Conditions d'utilisation - LAT Multilingue Traduction et Marketing","og_url":"https:\/\/staging.latmultilingual.com\/fr\/conditions-dutilisation\/","og_site_name":"LAT Multilingue Traduction et Marketing","article_publisher":"https:\/\/www.facebook.com\/LATMultilingual\/","article_modified_time":"2022-03-07T23:51:24+00:00","twitter_card":"summary_large_image","twitter_site":"@LATMultilingual","twitter_misc":{"Dur\u00e9e de lecture estim\u00e9e":"7 minutes"},"schema":{"@context":"https:\/\/schema.org","@graph":[{"@type":"WebPage","@id":"https:\/\/staging.latmultilingual.com\/fr\/conditions-dutilisation\/","url":"https:\/\/staging.latmultilingual.com\/fr\/conditions-dutilisation\/","name":"Conditions d'utilisation - LAT Multilingue Traduction et Marketing","isPartOf":{"@id":"https:\/\/staging.latmultilingual.com\/#website"},"datePublished":"2013-06-06T20:11:16+00:00","dateModified":"2022-03-07T23:51:24+00:00","breadcrumb":{"@id":"https:\/\/staging.latmultilingual.com\/fr\/conditions-dutilisation\/#breadcrumb"},"inLanguage":"fr-FR","potentialAction":[{"@type":"ReadAction","target":["https:\/\/staging.latmultilingual.com\/fr\/conditions-dutilisation\/"]}]},{"@type":"BreadcrumbList","@id":"https:\/\/staging.latmultilingual.com\/fr\/conditions-dutilisation\/#breadcrumb","itemListElement":[{"@type":"ListItem","position":1,"name":"Home","item":"https:\/\/staging.latmultilingual.com\/fr\/"},{"@type":"ListItem","position":2,"name":"Conditions d&#8217;utilisation"}]},{"@type":"WebSite","@id":"https:\/\/staging.latmultilingual.com\/#website","url":"https:\/\/staging.latmultilingual.com\/","name":"LAT Multilingue Traduction et Marketing","description":"Reach New Markets with Quality Translation and Cultural Marketing Services","potentialAction":[{"@type":"SearchAction","target":{"@type":"EntryPoint","urlTemplate":"https:\/\/staging.latmultilingual.com\/?s={search_term_string}"},"query-input":"required name=search_term_string"}],"inLanguage":"fr-FR"}]}},"_links":{"self":[{"href":"https:\/\/staging.latmultilingual.com\/fr\/wp-json\/wp\/v2\/pages\/5288"}],"collection":[{"href":"https:\/\/staging.latmultilingual.com\/fr\/wp-json\/wp\/v2\/pages"}],"about":[{"href":"https:\/\/staging.latmultilingual.com\/fr\/wp-json\/wp\/v2\/types\/page"}],"author":[{"embeddable":true,"href":"https:\/\/staging.latmultilingual.com\/fr\/wp-json\/wp\/v2\/users\/61"}],"replies":[{"embeddable":true,"href":"https:\/\/staging.latmultilingual.com\/fr\/wp-json\/wp\/v2\/comments?post=5288"}],"version-history":[{"count":4,"href":"https:\/\/staging.latmultilingual.com\/fr\/wp-json\/wp\/v2\/pages\/5288\/revisions"}],"predecessor-version":[{"id":22418,"href":"https:\/\/staging.latmultilingual.com\/fr\/wp-json\/wp\/v2\/pages\/5288\/revisions\/22418"}],"wp:attachment":[{"href":"https:\/\/staging.latmultilingual.com\/fr\/wp-json\/wp\/v2\/media?parent=5288"}],"curies":[{"name":"wp","href":"https:\/\/api.w.org\/{rel}","templated":true}]}}