{"id":5999,"date":"2013-07-02T10:49:20","date_gmt":"2013-07-02T17:49:20","guid":{"rendered":"https:\/\/www.latmultilingual.com\/?page_id=5999"},"modified":"2022-03-07T16:16:07","modified_gmt":"2022-03-08T00:16:07","slug":"realisations","status":"publish","type":"page","link":"https:\/\/staging.latmultilingual.com\/fr\/realisations\/","title":{"rendered":"R\u00e9alisations"},"content":{"rendered":"<div class=\"fusion-fullwidth fullwidth-box fusion-builder-row-1 grey-section nonhundred-percent-fullwidth non-hundred-percent-height-scrolling\" style=\"background-color: rgba(255,255,255,0);background-position: center center;background-repeat: no-repeat;padding-top:30px;padding-right:0px;padding-bottom:100px;padding-left:0px;margin-bottom: 0px;margin-top: 0px;border-width: 0px 0px 0px 0px;border-color:#eae9e9;border-style:solid;\" ><div class=\"fusion-builder-row fusion-row\"><div class=\"fusion-layout-column fusion_builder_column fusion-builder-column-0 fusion_builder_column_1_1 1_1 fusion-one-full fusion-column-first fusion-column-last\" style=\"margin-top:0px;margin-bottom:0px;\"><div class=\"fusion-column-wrapper fusion-flex-column-wrapper-legacy\" style=\"background-position:left top;background-repeat:no-repeat;-webkit-background-size:cover;-moz-background-size:cover;-o-background-size:cover;background-size:cover;padding: 0px 0px 0px 0px;\"><style type=\"text\/css\"><\/style><div class=\"fusion-title title fusion-title-1 fusion-sep-none fusion-title-text fusion-title-size-one\" style=\"margin-top:0px;margin-bottom:15px;\"><h1 class=\"title-heading-left\" style=\"margin:0;\"><h2 align=\"justify\">Notre vocation : aider les entreprises \u00e0 briller ici, comme ailleurs dans le monde<\/h2><\/h1><\/div><div class=\"fusion-text fusion-text-1\" style=\"transform:translate3d(0,0,0);\"><p style=\"text-align: left;\" align=\"justify\">Tous les services offerts par LAT sont con\u00e7us pour vous aider \u00e0 atteindre de nouveaux march\u00e9s au Canada et ailleurs dans le monde. Nos nombreuses ann\u00e9es d\u2019exp\u00e9rience \u00e0 travailler dans une panoplie de langues et avec diverses cultures nous permettent d\u2019offrir une gamme compl\u00e8te de solutions pour r\u00e9pondre \u00e0 tous vos besoins en mati\u00e8re de marketing culturel. Consultez nos r\u00e9alisations pour d\u00e9couvrir comment nous innovons pour aider nos clients \u00e0 tisser des liens avec leur client\u00e8le.<\/p>\n<\/div><div class=\"fusion-clearfix\"><\/div><\/div><\/div><\/div><\/div><div class=\"fusion-fullwidth fullwidth-box fusion-builder-row-2 nonhundred-percent-fullwidth non-hundred-percent-height-scrolling\" style=\"background-color: rgba(255,255,255,0);background-position: center center;background-repeat: no-repeat;padding-top:30px;padding-right:0px;padding-bottom:20px;padding-left:0px;margin-bottom: 0px;margin-top: 0px;border-width: 0px 0px 0px 0px;border-color:#eae9e9;border-style:solid;\" ><div class=\"fusion-builder-row fusion-row\"><div class=\"fusion-layout-column fusion_builder_column fusion-builder-column-1 fusion_builder_column_1_1 1_1 fusion-one-full fusion-column-first fusion-column-last\" style=\"margin-top:0px;margin-bottom:0px;\"><div class=\"fusion-column-wrapper fusion-flex-column-wrapper-legacy\" style=\"background-position:left top;background-repeat:no-repeat;-webkit-background-size:cover;-moz-background-size:cover;-o-background-size:cover;background-size:cover;padding: 0px 0px 0px 0px;\"><div id=\"myfacet\">\n<div class=\"facetwp-facet facetwp-facet-dropdown facetwp-type-dropdown\" data-name=\"dropdown\" data-type=\"dropdown\"><\/div>\n<div class=\"facetwp-facet facetwp-facet-categories facetwp-type-dropdown\" data-name=\"categories\" data-type=\"dropdown\"><\/div>\n<button class=\"reset\" onclick=\"FWP.reset()\">Tout afficher<\/button>\n<div id=\"mycontent\">\n<div class=\"facetwp-template\" data-name=\"new_template\"><div class=\"fwpl-layout case-study\"><div class=\"fwpl-result r1\"><div class=\"fwpl-row el-1y8etf\"><div class=\"fwpl-col fwpl-col el-dos3bd\"><div class=\"fwpl-item image\"><a href=\"https:\/\/staging.latmultilingual.com\/fr\/blog\/case-studies\/boutique-hors-taxes-de-laeroport-international-de-vancouver\/\"><img width=\"460\" height=\"295\" src=\"data:image\/svg+xml,%3Csvg%20xmlns%3D%27http%3A%2F%2Fwww.w3.org%2F2000%2Fsvg%27%20width%3D%27460%27%20height%3D%27295%27%20viewBox%3D%270%200%20460%20295%27%3E%3Crect%20width%3D%27460%27%20height%3D%273295%27%20fill-opacity%3D%220%22%2F%3E%3C%2Fsvg%3E\" data-orig-src=\"https:\/\/staging.latmultilingual.com\/wp-content\/uploads\/2020\/11\/CaseStudy_YVRDutyFree-460x295.jpg\" class=\"lazyload attachment-portfolio-two size-portfolio-two wp-post-image\" alt=\"\" loading=\"lazy\" \/><\/a><\/div><div class=\"fwpl-row words\"><div class=\"fwpl-col fwpl-col el-agrk09\"><div class=\"fwpl-item title\"><a href=\"https:\/\/staging.latmultilingual.com\/fr\/blog\/case-studies\/boutique-hors-taxes-de-laeroport-international-de-vancouver\/\">Boutique hors taxes de l\u2019a\u00e9roport international de Vancouver<\/a><\/div><div class=\"fwpl-item excerpt\">LAT a particip\u00e9 \u00e0 la cr\u00e9ation d\u2019un site H5 personnalis\u00e9 pour la boutique hors taxes de l\u2019a\u00e9roport international de Vancouver pour mieux promouvoir ses produits aupr\u00e8s des voyageurs chinois.<\/div><\/div><\/div><\/div><\/div><\/div><div class=\"fwpl-result r2\"><div class=\"fwpl-row el-1y8etf\"><div class=\"fwpl-col fwpl-col el-dos3bd\"><div class=\"fwpl-item image\"><a href=\"https:\/\/staging.latmultilingual.com\/fr\/blog\/case-studies\/association-de-lindustrie-touristique-du-nouveau-brunswick\/\"><img width=\"460\" height=\"295\" src=\"data:image\/svg+xml,%3Csvg%20xmlns%3D%27http%3A%2F%2Fwww.w3.org%2F2000%2Fsvg%27%20width%3D%27460%27%20height%3D%27295%27%20viewBox%3D%270%200%20460%20295%27%3E%3Crect%20width%3D%27460%27%20height%3D%273295%27%20fill-opacity%3D%220%22%2F%3E%3C%2Fsvg%3E\" data-orig-src=\"https:\/\/staging.latmultilingual.com\/wp-content\/uploads\/2020\/09\/rural-town-in-new-brunswick-min-1547025233491-460x295.jpg\" class=\"lazyload attachment-portfolio-two size-portfolio-two wp-post-image\" alt=\"\" loading=\"lazy\" \/><\/a><\/div><div class=\"fwpl-row words\"><div class=\"fwpl-col fwpl-col el-agrk09\"><div class=\"fwpl-item title\"><a href=\"https:\/\/staging.latmultilingual.com\/fr\/blog\/case-studies\/association-de-lindustrie-touristique-du-nouveau-brunswick\/\">Association de l\u2019industrie touristique du Nouveau-Brunswick<\/a><\/div><div class=\"fwpl-item excerpt\">En mai 2019, LAT s\u2019est alli\u00e9e \u00e0 l\u2019Association de l'industrie touristique du Nouveau-Brunswick (AITNB) pour offrir la formation Dragon d\u2019or (Pr\u00eat pour la Chine) \u00e0 des partenaires de l\u2019industrie touristique partout dans la province.<\/div><\/div><\/div><\/div><\/div><\/div><div class=\"fwpl-result r3\"><div class=\"fwpl-row el-1y8etf\"><div class=\"fwpl-col fwpl-col el-dos3bd\"><div class=\"fwpl-item image\"><a href=\"https:\/\/staging.latmultilingual.com\/fr\/blog\/case-studies\/gateway-theatre\/\"><img width=\"460\" height=\"295\" src=\"data:image\/svg+xml,%3Csvg%20xmlns%3D%27http%3A%2F%2Fwww.w3.org%2F2000%2Fsvg%27%20width%3D%27460%27%20height%3D%27295%27%20viewBox%3D%270%200%20460%20295%27%3E%3Crect%20width%3D%27460%27%20height%3D%273295%27%20fill-opacity%3D%220%22%2F%3E%3C%2Fsvg%3E\" data-orig-src=\"https:\/\/staging.latmultilingual.com\/wp-content\/uploads\/2020\/10\/GatewayTheatre_NewWebsite-460x295.jpg\" class=\"lazyload attachment-portfolio-two size-portfolio-two wp-post-image\" alt=\"\" loading=\"lazy\" \/><\/a><\/div><div class=\"fwpl-row words\"><div class=\"fwpl-col fwpl-col el-agrk09\"><div class=\"fwpl-item title\"><a href=\"https:\/\/staging.latmultilingual.com\/fr\/blog\/case-studies\/gateway-theatre\/\">Gateway Theatre<\/a><\/div><div class=\"fwpl-item excerpt\">LAT a mis sur pied un programme de formation culturelle pour aider un th\u00e9\u00e2tre sans but lucratif de Richmond \u00e0 mieux comprendre et rejoindre les r\u00e9sidents chinois du Lower Mainland<\/div><\/div><\/div><\/div><\/div><\/div><div class=\"fwpl-result r4\"><div class=\"fwpl-row el-1y8etf\"><div class=\"fwpl-col fwpl-col el-dos3bd\"><div class=\"fwpl-item image\"><a href=\"https:\/\/staging.latmultilingual.com\/fr\/blog\/case-studies\/bc-1-call\/\"><img width=\"460\" height=\"295\" src=\"data:image\/svg+xml,%3Csvg%20xmlns%3D%27http%3A%2F%2Fwww.w3.org%2F2000%2Fsvg%27%20width%3D%27460%27%20height%3D%27295%27%20viewBox%3D%270%200%20460%20295%27%3E%3Crect%20width%3D%27460%27%20height%3D%273295%27%20fill-opacity%3D%220%22%2F%3E%3C%2Fsvg%3E\" data-orig-src=\"https:\/\/staging.latmultilingual.com\/wp-content\/uploads\/2020\/10\/BC1Call_Punjabi-460x295.png\" class=\"lazyload attachment-portfolio-two size-portfolio-two wp-post-image\" alt=\"\" loading=\"lazy\" \/><\/a><\/div><div class=\"fwpl-row words\"><div class=\"fwpl-col fwpl-col el-agrk09\"><div class=\"fwpl-item title\"><a href=\"https:\/\/staging.latmultilingual.com\/fr\/blog\/case-studies\/bc-1-call\/\">BC 1 Call<\/a><\/div><div class=\"fwpl-item excerpt\">LAT a traduit les ressources de BC 1 Call sur les pratiques d\u2019excavation s\u00e9curitaires en chinois et en punjabi pour rejoindre le public diversifi\u00e9 de la Colombie-Britannique.<\/div><\/div><\/div><\/div><\/div><\/div><div class=\"fwpl-result r5\"><div class=\"fwpl-row el-1y8etf\"><div class=\"fwpl-col fwpl-col el-dos3bd\"><div class=\"fwpl-item image\"><a href=\"https:\/\/staging.latmultilingual.com\/fr\/blog\/case-studies\/destination-bc\/\"><img width=\"460\" height=\"295\" src=\"data:image\/svg+xml,%3Csvg%20xmlns%3D%27http%3A%2F%2Fwww.w3.org%2F2000%2Fsvg%27%20width%3D%27460%27%20height%3D%27295%27%20viewBox%3D%270%200%20460%20295%27%3E%3Crect%20width%3D%27460%27%20height%3D%273295%27%20fill-opacity%3D%220%22%2F%3E%3C%2Fsvg%3E\" data-orig-src=\"https:\/\/staging.latmultilingual.com\/wp-content\/uploads\/2020\/05\/Tea-460x295.jpeg\" class=\"lazyload attachment-portfolio-two size-portfolio-two wp-post-image\" alt=\"\" loading=\"lazy\" \/><\/a><\/div><div class=\"fwpl-row words\"><div class=\"fwpl-col fwpl-col el-agrk09\"><div class=\"fwpl-item title\"><a href=\"https:\/\/staging.latmultilingual.com\/fr\/blog\/case-studies\/destination-bc\/\">Destination BC<\/a><\/div><div class=\"fwpl-item excerpt\">LAT a mis au point un programme de pr\u00e9paration culturelle pour Destination British Columbia afin d\u2019aider ses partenaires du milieu des voyages \u00e0 accueillir les visiteurs chinois et \u00e0 comprendre leurs besoins et leurs pr\u00e9f\u00e9rences.<\/div><\/div><\/div><\/div><\/div><\/div><div class=\"fwpl-result r6\"><div class=\"fwpl-row el-1y8etf\"><div class=\"fwpl-col fwpl-col el-dos3bd\"><div class=\"fwpl-item image\"><a href=\"https:\/\/staging.latmultilingual.com\/fr\/blog\/case-studies\/natures-path\/\"><img width=\"460\" height=\"295\" src=\"data:image\/svg+xml,%3Csvg%20xmlns%3D%27http%3A%2F%2Fwww.w3.org%2F2000%2Fsvg%27%20width%3D%27460%27%20height%3D%27295%27%20viewBox%3D%270%200%20460%20295%27%3E%3Crect%20width%3D%27460%27%20height%3D%273295%27%20fill-opacity%3D%220%22%2F%3E%3C%2Fsvg%3E\" data-orig-src=\"https:\/\/staging.latmultilingual.com\/wp-content\/uploads\/2020\/07\/thumbnail_casestudy_image_790x445-460x295.jpg\" class=\"lazyload attachment-portfolio-two size-portfolio-two wp-post-image\" alt=\"\" loading=\"lazy\" \/><\/a><\/div><div class=\"fwpl-row words\"><div class=\"fwpl-col fwpl-col el-agrk09\"><div class=\"fwpl-item title\"><a href=\"https:\/\/staging.latmultilingual.com\/fr\/blog\/case-studies\/natures-path\/\">Nature's Path<\/a><\/div><div class=\"fwpl-item excerpt\">LAT travaille aupr\u00e8s de Nature\u2019s Path depuis 2008 et veille \u00e0 ce que les emballages canadiens de leurs produits soient traduits en fran\u00e7ais selon les r\u00e8gles de l\u2019art.<\/div><\/div><\/div><\/div><\/div><\/div><div class=\"fwpl-result r7\"><div class=\"fwpl-row el-1y8etf\"><div class=\"fwpl-col fwpl-col el-dos3bd\"><div class=\"fwpl-item image\"><a href=\"https:\/\/staging.latmultilingual.com\/fr\/blog\/case-studies\/mercedes-benz-canada\/\"><img width=\"460\" height=\"295\" src=\"data:image\/svg+xml,%3Csvg%20xmlns%3D%27http%3A%2F%2Fwww.w3.org%2F2000%2Fsvg%27%20width%3D%27460%27%20height%3D%27295%27%20viewBox%3D%270%200%20460%20295%27%3E%3Crect%20width%3D%27460%27%20height%3D%273295%27%20fill-opacity%3D%220%22%2F%3E%3C%2Fsvg%3E\" data-orig-src=\"https:\/\/staging.latmultilingual.com\/wp-content\/uploads\/2020\/04\/Mercedes-BenzCanada_WeChat_003-460x295.jpg\" class=\"lazyload attachment-portfolio-two size-portfolio-two wp-post-image\" alt=\"\" loading=\"lazy\" \/><\/a><\/div><div class=\"fwpl-row words\"><div class=\"fwpl-col fwpl-col el-agrk09\"><div class=\"fwpl-item title\"><a href=\"https:\/\/staging.latmultilingual.com\/fr\/blog\/case-studies\/mercedes-benz-canada\/\">Mercedes-Benz Canada<\/a><\/div><div class=\"fwpl-item excerpt\">LAT a aid\u00e9 Mercedes-Benz Canada \u00e0 atteindre la client\u00e8le chinoise avec une publicit\u00e9 Tencent Moments sur la populaire application chinoise, WeChat.<\/div><\/div><\/div><\/div><\/div><\/div><div class=\"fwpl-result r8\"><div class=\"fwpl-row el-1y8etf\"><div class=\"fwpl-col fwpl-col el-dos3bd\"><div class=\"fwpl-item image\"><a href=\"https:\/\/staging.latmultilingual.com\/fr\/blog\/case-studies\/travelcanada-cn\/\"><img width=\"460\" height=\"295\" src=\"data:image\/svg+xml,%3Csvg%20xmlns%3D%27http%3A%2F%2Fwww.w3.org%2F2000%2Fsvg%27%20width%3D%27460%27%20height%3D%27295%27%20viewBox%3D%270%200%20460%20295%27%3E%3Crect%20width%3D%27460%27%20height%3D%273295%27%20fill-opacity%3D%220%22%2F%3E%3C%2Fsvg%3E\" data-orig-src=\"https:\/\/staging.latmultilingual.com\/wp-content\/uploads\/2020\/03\/TravelCanada.CN_700X441-1-460x295.jpg\" class=\"lazyload attachment-portfolio-two size-portfolio-two wp-post-image\" alt=\"\" loading=\"lazy\" \/><\/a><\/div><div class=\"fwpl-row words\"><div class=\"fwpl-col fwpl-col el-agrk09\"><div class=\"fwpl-item title\"><a href=\"https:\/\/staging.latmultilingual.com\/fr\/blog\/case-studies\/travelcanada-cn\/\">TravelCanada.CN<\/a><\/div><div class=\"fwpl-item excerpt\">TravelCanada.CN est un site Web chinois de voyage et de tourisme con\u00e7u et g\u00e9r\u00e9 par LAT Multilingue pour promouvoir les h\u00f4tels, restaurants, attractions et commerces canadiens aupr\u00e8s de la client\u00e8le chinoise locale et des visiteurs.<\/div><\/div><\/div><\/div><\/div><\/div><div class=\"fwpl-result r9\"><div class=\"fwpl-row el-1y8etf\"><div class=\"fwpl-col fwpl-col el-dos3bd\"><div class=\"fwpl-item image\"><a href=\"https:\/\/staging.latmultilingual.com\/fr\/blog\/case-studies\/pacificwest-dental\/\"><img width=\"460\" height=\"295\" src=\"data:image\/svg+xml,%3Csvg%20xmlns%3D%27http%3A%2F%2Fwww.w3.org%2F2000%2Fsvg%27%20width%3D%27460%27%20height%3D%27295%27%20viewBox%3D%270%200%20460%20295%27%3E%3Crect%20width%3D%27460%27%20height%3D%273295%27%20fill-opacity%3D%220%22%2F%3E%3C%2Fsvg%3E\" data-orig-src=\"https:\/\/staging.latmultilingual.com\/wp-content\/uploads\/2020\/03\/PacificWestDentalWebsite_700X441-460x295.png\" class=\"lazyload attachment-portfolio-two size-portfolio-two wp-post-image\" alt=\"\" loading=\"lazy\" \/><\/a><\/div><div class=\"fwpl-row words\"><div class=\"fwpl-col fwpl-col el-agrk09\"><div class=\"fwpl-item title\"><a href=\"https:\/\/staging.latmultilingual.com\/fr\/blog\/case-studies\/pacificwest-dental\/\">PacificWest Dental<\/a><\/div><div class=\"fwpl-item excerpt\">LAT a aid\u00e9 PacificWest Dental \u00e0 \u00e9tablir et \u00e9largir sa client\u00e8le chinoise gr\u00e2ce \u00e0 des solutions de marketing personnalis\u00e9es sur les m\u00e9dias sociaux chinois.<\/div><\/div><\/div><\/div><\/div><\/div><\/div>\n<style>\n.fwpl-layout, .fwpl-row {\n    display: grid;\n}\n.fwpl-layout.case-study {\n    grid-template-columns: repeat(3, 1fr);\n    grid-gap: 20px;\n}\n.fwpl-row.el-1y8etf {\n    grid-template-columns: 1fr;\n}\n.fwpl-row.words {\n    grid-template-columns: 1fr;\n}\n<\/style>\n<\/div>\n<div class=\"facetwp-facet facetwp-facet-pagination facetwp-type-pager\" data-name=\"pagination\" data-type=\"pager\"><\/div>\n<\/div>\n<\/div><div class=\"fusion-clearfix\"><\/div><\/div><\/div><\/div><\/div><div class=\"fusion-fullwidth fullwidth-box fusion-builder-row-3 nonhundred-percent-fullwidth non-hundred-percent-height-scrolling\" style=\"background-color: rgba(255,255,255,0);background-position: center center;background-repeat: no-repeat;padding-top:30px;padding-right:0px;padding-bottom:20px;padding-left:0px;margin-bottom: 0px;margin-top: 0px;border-width: 0px 0px 0px 0px;border-color:#eae9e9;border-style:solid;\" ><div class=\"fusion-builder-row fusion-row\"><div class=\"fusion-layout-column fusion_builder_column fusion-builder-column-2 fusion_builder_column_1_1 1_1 fusion-one-full fusion-column-first fusion-column-last\" style=\"margin-top:0px;margin-bottom:0px;\"><div class=\"fusion-column-wrapper fusion-flex-column-wrapper-legacy\" style=\"background-position:left top;background-repeat:no-repeat;-webkit-background-size:cover;-moz-background-size:cover;-o-background-size:cover;background-size:cover;padding: 0px 0px 0px 0px;\"><div class=\"fusion-clearfix\"><\/div><\/div><\/div><\/div><\/div>\n","protected":false},"excerpt":{"rendered":"","protected":false},"author":61,"featured_media":0,"parent":0,"menu_order":0,"comment_status":"open","ping_status":"open","template":"100-width.php","meta":[],"acf":[],"yoast_head":"<!-- This site is optimized with the Yoast SEO plugin v19.13 - https:\/\/yoast.com\/wordpress\/plugins\/seo\/ -->\n<title>Notre vocation - LAT Multilingue Traduction et Marketing<\/title>\n<meta name=\"description\" content=\"Consultez nos r\u00e9alisations pour d\u00e9couvrir comment nous innovons pour aider nos clients \u00e0 tisser des liens avec leur client\u00e8le.\" \/>\n<meta name=\"robots\" content=\"index, follow, max-snippet:-1, max-image-preview:large, max-video-preview:-1\" \/>\n<link rel=\"canonical\" href=\"https:\/\/staging.latmultilingual.com\/fr\/realisations\/\" \/>\n<meta property=\"og:locale\" content=\"fr_FR\" \/>\n<meta property=\"og:type\" content=\"article\" \/>\n<meta property=\"og:title\" content=\"Notre vocation - LAT Multilingue Traduction et Marketing\" \/>\n<meta property=\"og:description\" content=\"Consultez nos r\u00e9alisations pour d\u00e9couvrir comment nous innovons pour aider nos clients \u00e0 tisser des liens avec leur client\u00e8le.\" \/>\n<meta property=\"og:url\" content=\"https:\/\/staging.latmultilingual.com\/fr\/realisations\/\" \/>\n<meta property=\"og:site_name\" content=\"LAT Multilingue Traduction et Marketing\" \/>\n<meta property=\"article:publisher\" content=\"https:\/\/www.facebook.com\/LATMultilingual\/\" \/>\n<meta property=\"article:modified_time\" content=\"2022-03-08T00:16:07+00:00\" \/>\n<meta name=\"twitter:card\" content=\"summary_large_image\" \/>\n<meta name=\"twitter:site\" content=\"@LATMultilingual\" \/>\n<meta name=\"twitter:label1\" content=\"Dur\u00e9e de lecture estim\u00e9e\" \/>\n\t<meta name=\"twitter:data1\" content=\"8 minutes\" \/>\n<script type=\"application\/ld+json\" class=\"yoast-schema-graph\">{\"@context\":\"https:\/\/schema.org\",\"@graph\":[{\"@type\":\"WebPage\",\"@id\":\"https:\/\/staging.latmultilingual.com\/fr\/realisations\/\",\"url\":\"https:\/\/staging.latmultilingual.com\/fr\/realisations\/\",\"name\":\"Notre vocation - LAT Multilingue Traduction et Marketing\",\"isPartOf\":{\"@id\":\"https:\/\/staging.latmultilingual.com\/#website\"},\"datePublished\":\"2013-07-02T17:49:20+00:00\",\"dateModified\":\"2022-03-08T00:16:07+00:00\",\"description\":\"Consultez nos r\u00e9alisations pour d\u00e9couvrir comment nous innovons pour aider nos clients \u00e0 tisser des liens avec leur client\u00e8le.\",\"breadcrumb\":{\"@id\":\"https:\/\/staging.latmultilingual.com\/fr\/realisations\/#breadcrumb\"},\"inLanguage\":\"fr-FR\",\"potentialAction\":[{\"@type\":\"ReadAction\",\"target\":[\"https:\/\/staging.latmultilingual.com\/fr\/realisations\/\"]}]},{\"@type\":\"BreadcrumbList\",\"@id\":\"https:\/\/staging.latmultilingual.com\/fr\/realisations\/#breadcrumb\",\"itemListElement\":[{\"@type\":\"ListItem\",\"position\":1,\"name\":\"Home\",\"item\":\"https:\/\/staging.latmultilingual.com\/fr\/\"},{\"@type\":\"ListItem\",\"position\":2,\"name\":\"R\u00e9alisations\"}]},{\"@type\":\"WebSite\",\"@id\":\"https:\/\/staging.latmultilingual.com\/#website\",\"url\":\"https:\/\/staging.latmultilingual.com\/\",\"name\":\"LAT Multilingue Traduction et Marketing\",\"description\":\"Reach New Markets with Quality Translation and Cultural Marketing Services\",\"potentialAction\":[{\"@type\":\"SearchAction\",\"target\":{\"@type\":\"EntryPoint\",\"urlTemplate\":\"https:\/\/staging.latmultilingual.com\/?s={search_term_string}\"},\"query-input\":\"required name=search_term_string\"}],\"inLanguage\":\"fr-FR\"}]}<\/script>\n<!-- \/ Yoast SEO plugin. -->","yoast_head_json":{"title":"Notre vocation - LAT Multilingue Traduction et Marketing","description":"Consultez nos r\u00e9alisations pour d\u00e9couvrir comment nous innovons pour aider nos clients \u00e0 tisser des liens avec leur client\u00e8le.","robots":{"index":"index","follow":"follow","max-snippet":"max-snippet:-1","max-image-preview":"max-image-preview:large","max-video-preview":"max-video-preview:-1"},"canonical":"https:\/\/staging.latmultilingual.com\/fr\/realisations\/","og_locale":"fr_FR","og_type":"article","og_title":"Notre vocation - LAT Multilingue Traduction et Marketing","og_description":"Consultez nos r\u00e9alisations pour d\u00e9couvrir comment nous innovons pour aider nos clients \u00e0 tisser des liens avec leur client\u00e8le.","og_url":"https:\/\/staging.latmultilingual.com\/fr\/realisations\/","og_site_name":"LAT Multilingue Traduction et Marketing","article_publisher":"https:\/\/www.facebook.com\/LATMultilingual\/","article_modified_time":"2022-03-08T00:16:07+00:00","twitter_card":"summary_large_image","twitter_site":"@LATMultilingual","twitter_misc":{"Dur\u00e9e de lecture estim\u00e9e":"8 minutes"},"schema":{"@context":"https:\/\/schema.org","@graph":[{"@type":"WebPage","@id":"https:\/\/staging.latmultilingual.com\/fr\/realisations\/","url":"https:\/\/staging.latmultilingual.com\/fr\/realisations\/","name":"Notre vocation - LAT Multilingue Traduction et Marketing","isPartOf":{"@id":"https:\/\/staging.latmultilingual.com\/#website"},"datePublished":"2013-07-02T17:49:20+00:00","dateModified":"2022-03-08T00:16:07+00:00","description":"Consultez nos r\u00e9alisations pour d\u00e9couvrir comment nous innovons pour aider nos clients \u00e0 tisser des liens avec leur client\u00e8le.","breadcrumb":{"@id":"https:\/\/staging.latmultilingual.com\/fr\/realisations\/#breadcrumb"},"inLanguage":"fr-FR","potentialAction":[{"@type":"ReadAction","target":["https:\/\/staging.latmultilingual.com\/fr\/realisations\/"]}]},{"@type":"BreadcrumbList","@id":"https:\/\/staging.latmultilingual.com\/fr\/realisations\/#breadcrumb","itemListElement":[{"@type":"ListItem","position":1,"name":"Home","item":"https:\/\/staging.latmultilingual.com\/fr\/"},{"@type":"ListItem","position":2,"name":"R\u00e9alisations"}]},{"@type":"WebSite","@id":"https:\/\/staging.latmultilingual.com\/#website","url":"https:\/\/staging.latmultilingual.com\/","name":"LAT Multilingue Traduction et Marketing","description":"Reach New Markets with Quality Translation and Cultural Marketing Services","potentialAction":[{"@type":"SearchAction","target":{"@type":"EntryPoint","urlTemplate":"https:\/\/staging.latmultilingual.com\/?s={search_term_string}"},"query-input":"required name=search_term_string"}],"inLanguage":"fr-FR"}]}},"_links":{"self":[{"href":"https:\/\/staging.latmultilingual.com\/fr\/wp-json\/wp\/v2\/pages\/5999"}],"collection":[{"href":"https:\/\/staging.latmultilingual.com\/fr\/wp-json\/wp\/v2\/pages"}],"about":[{"href":"https:\/\/staging.latmultilingual.com\/fr\/wp-json\/wp\/v2\/types\/page"}],"author":[{"embeddable":true,"href":"https:\/\/staging.latmultilingual.com\/fr\/wp-json\/wp\/v2\/users\/61"}],"replies":[{"embeddable":true,"href":"https:\/\/staging.latmultilingual.com\/fr\/wp-json\/wp\/v2\/comments?post=5999"}],"version-history":[{"count":30,"href":"https:\/\/staging.latmultilingual.com\/fr\/wp-json\/wp\/v2\/pages\/5999\/revisions"}],"predecessor-version":[{"id":22439,"href":"https:\/\/staging.latmultilingual.com\/fr\/wp-json\/wp\/v2\/pages\/5999\/revisions\/22439"}],"wp:attachment":[{"href":"https:\/\/staging.latmultilingual.com\/fr\/wp-json\/wp\/v2\/media?parent=5999"}],"curies":[{"name":"wp","href":"https:\/\/api.w.org\/{rel}","templated":true}]}}