{"id":9029,"date":"2014-06-13T14:28:16","date_gmt":"2014-06-13T21:28:16","guid":{"rendered":"https:\/\/www.latmultilingual.com\/?page_id=9029"},"modified":"2022-03-09T09:16:24","modified_gmt":"2022-03-09T17:16:24","slug":"emballage-bilingue","status":"publish","type":"page","link":"https:\/\/staging.latmultilingual.com\/fr\/emballage-bilingue\/","title":{"rendered":"Emballage bilingue"},"content":{"rendered":"<div class=\"fusion-fullwidth fullwidth-box fusion-builder-row-1 grey-section nonhundred-percent-fullwidth non-hundred-percent-height-scrolling\" style=\"background-color: rgba(255,255,255,0);background-position: center center;background-repeat: no-repeat;padding-top:30px;padding-right:0px;padding-bottom:20px;padding-left:0px;margin-bottom: 0px;margin-top: 0px;border-width: 0px 0px 0px 0px;border-color:#eae9e9;border-style:solid;\" ><div class=\"fusion-builder-row fusion-row\"><div class=\"fusion-layout-column fusion_builder_column fusion-builder-column-0 fusion_builder_column_2_3 2_3 fusion-two-third fusion-column-first\" style=\"width:66.666666666667%;width:calc(66.666666666667% - ( ( 4% ) * 0.66666666666667 ) );margin-right: 4%;margin-top:0px;margin-bottom:0px;\"><div class=\"fusion-column-wrapper fusion-flex-column-wrapper-legacy\" style=\"background-position:left top;background-repeat:no-repeat;-webkit-background-size:cover;-moz-background-size:cover;-o-background-size:cover;background-size:cover;padding: 0px 0px 0px 0px;\"><style type=\"text\/css\"><\/style><div class=\"fusion-title title fusion-title-1 fusion-sep-none fusion-title-text fusion-title-size-one\" style=\"margin-top:0px;margin-bottom:15px;\"><h1 class=\"title-heading-left\" style=\"margin:0;\"><h2>Prenez de l\u2019expansion sur le march\u00e9 canadien avec un emballage bilingue.<\/h2><\/h1><\/div><div class=\"fusion-text fusion-text-1\" style=\"transform:translate3d(0,0,0);\"><p style=\"text-align: left;\" align=\"justify\">Au Canada, tous les produits emball\u00e9s doivent avoir une \u00e9tiquette et un emballage dans les deux langues officielles, soit le fran\u00e7ais et l\u2019anglais. N\u2019ayez crainte, nous sommes l\u00e0 pour aider votre entreprise \u00e0 se conformer en toute simplicit\u00e9 Nos traducteurs professionnels fournissent des textes de qualit\u00e9 pour assurer que les \u00e9tiquettes de vos produits r\u00e9pondent aux exigences de la loi et aux attentes de vos clients. . Des marques de renom telles McCormick, Nature\u2019s Path et HAIN Celestial, entre autres, nous font d\u00e9j\u00e0 confiance.<\/p>\n<p style=\"text-align: left;\" align=\"justify\">Voici ce que nous offrons :<\/p>\n<ul>\n<li style=\"text-align: left;\">une connaissance approfondie du march\u00e9 canadien et qu\u00e9b\u00e9cois;<\/li>\n<li style=\"text-align: left;\">des traductions de qualit\u00e9 exceptionnelles cr\u00e9\u00e9es par des traducteurs \u00e9tablis dans le march\u00e9 et soumises \u00e0 un processus de contr\u00f4le de la qualit\u00e9 rigoureux;<\/li>\n<li style=\"text-align: left;\">un service de gestion de projet ainsi que des outils en ligne pour vous permettre faire le suivi de vos demandes de traduction;<\/li>\n<li style=\"text-align: left;\">notre exp\u00e9rience : pour capter l\u2019int\u00e9r\u00eat des Canadiens francophones et sinophones afin d\u2019augmenter la popularit\u00e9 de votre marque et vos ventes;<\/li>\n<li style=\"text-align: left;\">notre expertise en marketing : pour vous aider \u00e0 lancer votre produit sur un march\u00e9 diversifi\u00e9.<\/li>\n<\/ul>\n<\/div><div class=\"fusion-aligncenter\"><style type=\"text\/css\">.fusion-button.button-1 {border-radius:2px;}<\/style><a class=\"fusion-button button-flat button-large button-default button-1 fusion-button-default-span fusion-button-default-type obtenez-un-devis\" target=\"_self\" href=\"#\"><span class=\"fusion-button-text\">Commencez!<\/span><\/a><\/div><div class=\"fusion-clearfix\"><\/div><\/div><\/div><div class=\"fusion-layout-column fusion_builder_column fusion-builder-column-1 fusion_builder_column_1_3 1_3 fusion-one-third fusion-column-last\" style=\"width:33.333333333333%;width:calc(33.333333333333% - ( ( 4% ) * 0.33333333333333 ) );margin-top:0px;margin-bottom:0px;\"><div class=\"fusion-column-wrapper fusion-flex-column-wrapper-legacy\" style=\"background-position:left top;background-repeat:no-repeat;-webkit-background-size:cover;-moz-background-size:cover;-o-background-size:cover;background-size:cover;padding: 0px 0px 0px 0px;\"><div class=\"fusion-text fusion-text-2\" style=\"transform:translate3d(0,0,0);\"><blockquote>\n<p style=\"text-align: left;\" align=\"justify\">LAT est un partenaire exceptionnel et remarquablement efficace qui r\u00e9alise l\u2019impossible.<\/p>\n<p style=\"text-align: left;\"><strong>Jean LeTarte<\/strong><br \/>\n<span class=\"medium-blue\">TC Transcontinental<\/span><\/p>\n<\/blockquote>\n<blockquote>\n<p style=\"text-align: left;\" align=\"justify\">LAT Multilingue nous offre un service de qualit\u00e9. Les membres de l\u2019\u00e9quipe de LAT sont courtois, disponibles en tout temps et \u00e0 l\u2019\u00e9coute des besoins du client. Ils sont ax\u00e9s sur les solutions et offrent des suggestions \u00e0 leurs clients dans le cadre de projets complexes.<\/p>\n<p style=\"text-align: left;\"><strong>Andr\u00e9e Raymond<br \/>\n<\/strong><span class=\"medium-blue\">Destination Canada<br \/>\n<\/span><\/p>\n<\/blockquote>\n<\/div><div class=\"fusion-clearfix\"><\/div><\/div><\/div><\/div><\/div><div class=\"fusion-fullwidth fullwidth-box fusion-builder-row-2 nonhundred-percent-fullwidth non-hundred-percent-height-scrolling\" style=\"background-color: rgba(255,255,255,0);background-position: center center;background-repeat: no-repeat;padding-top:30px;padding-right:0px;padding-bottom:20px;padding-left:0px;margin-bottom: 0px;margin-top: 0px;border-width: 0px 0px 0px 0px;border-color:#eae9e9;border-style:solid;\" ><div class=\"fusion-builder-row fusion-row\"><div class=\"fusion-layout-column fusion_builder_column fusion-builder-column-2 fusion_builder_column_1_1 1_1 fusion-one-full fusion-column-first fusion-column-last\" style=\"margin-top:0px;margin-bottom:0px;\"><div class=\"fusion-column-wrapper fusion-flex-column-wrapper-legacy\" style=\"background-position:left top;background-repeat:no-repeat;-webkit-background-size:cover;-moz-background-size:cover;-o-background-size:cover;background-size:cover;padding: 0px 0px 0px 0px;\"><style type=\"text\/css\"><\/style><div class=\"fusion-title title fusion-title-2 fusion-sep-none fusion-title-center fusion-title-text fusion-title-size-two\" style=\"margin-top:0px;margin-bottom:15px;\"><h2 class=\"title-heading-center\" style=\"margin:0;\">R\u00e9alisations en emballages bilingues<\/h2><\/div><style type=\"text\/css\">.fusion-portfolio-wrapper#fusion-portfolio-1 .fusion-portfolio-content{  text-align: left; }<\/style><div class=\"fusion-recent-works fusion-portfolio-element fusion-portfolio fusion-portfolio-1 fusion-portfolio-grid fusion-portfolio-paging-none fusion-portfolio-three fusion-portfolio-unboxed fusion-portfolio-text fusion-portfolio-equal-heights\" data-id=\"-rw-1\" data-columns=\"three\"><style type=\"text\/css\">.fusion-portfolio-1 .fusion-portfolio-wrapper .fusion-col-spacing{padding:10px;}<\/style><div class=\"fusion-portfolio-wrapper\" id=\"fusion-portfolio-1\" data-picturesize=\"auto\" data-pages=\"1\" style=\"margin:-10px;\"><article id=\"portfolio-1-post-20240\" class=\"fusion-portfolio-post emballage-et-etiquetage-bilingues fusion-col-spacing post-20240\"><div class=\"fusion-portfolio-content-wrapper\" style=\"border:none;\"><span class=\"vcard rich-snippet-hidden\"><span class=\"fn\"><a href=\"https:\/\/staging.latmultilingual.com\/fr\/blog\/author\/lauramcleod\/\" title=\"Articles par Laura McLeod\" rel=\"author\">Laura McLeod<\/a><\/span><\/span><span class=\"updated rich-snippet-hidden\">2020-10-26T12:49:26-07:00<\/span>\n\n<div  class=\"fusion-image-wrapper\" aria-haspopup=\"true\">\n\t\n\t\n\t\t\t\t\t<a href=\"https:\/\/staging.latmultilingual.com\/fr\/blog\/case-studies\/natures-path\/\" aria-label=\"Nature&rsquo;s Path\">\n\t\t\t\n\t\t\t\t\t<img width=\"790\" height=\"445\" src=\"https:\/\/staging.latmultilingual.com\/wp-content\/uploads\/2020\/07\/thumbnail_casestudy_image_790x445.jpg\" class=\"attachment-full size-full lazyload wp-post-image\" alt=\"\" loading=\"lazy\" srcset=\"data:image\/svg+xml,%3Csvg%20xmlns%3D%27http%3A%2F%2Fwww.w3.org%2F2000%2Fsvg%27%20width%3D%27790%27%20height%3D%27445%27%20viewBox%3D%270%200%20790%20445%27%3E%3Crect%20width%3D%27790%27%20height%3D%273445%27%20fill-opacity%3D%220%22%2F%3E%3C%2Fsvg%3E\" data-orig-src=\"https:\/\/staging.latmultilingual.com\/wp-content\/uploads\/2020\/07\/thumbnail_casestudy_image_790x445.jpg\" data-srcset=\"https:\/\/staging.latmultilingual.com\/wp-content\/uploads\/2020\/07\/thumbnail_casestudy_image_790x445-200x113.jpg 200w, https:\/\/staging.latmultilingual.com\/wp-content\/uploads\/2020\/07\/thumbnail_casestudy_image_790x445-400x225.jpg 400w, https:\/\/staging.latmultilingual.com\/wp-content\/uploads\/2020\/07\/thumbnail_casestudy_image_790x445-600x338.jpg 600w, https:\/\/staging.latmultilingual.com\/wp-content\/uploads\/2020\/07\/thumbnail_casestudy_image_790x445.jpg 790w\" data-sizes=\"auto\" \/>\n\t\n\n\t\t<\/a>\n\n\t\n<\/div>\n<div class=\"fusion-portfolio-content\"><h2 class=\"entry-title fusion-post-title\"><a href=\"https:\/\/staging.latmultilingual.com\/fr\/blog\/case-studies\/natures-path\/\">Nature&rsquo;s Path<\/a><\/h2><div class=\"fusion-post-content\"><p>LAT travaille aupr\u00e8s de Nature\u2019s Path depuis 2008 et veille \u00e0 ce que les emballages canadiens de leurs produits soient traduits en fran\u00e7ais selon les r\u00e8gles de l\u2019art.<\/p><\/div><\/div><\/div><\/article><article id=\"portfolio-1-post-13133\" class=\"fusion-portfolio-post emballage-et-etiquetage-bilingues marche-francophone-au-canada fusion-col-spacing post-13133\"><div class=\"fusion-portfolio-content-wrapper\" style=\"border:none;\"><span class=\"vcard rich-snippet-hidden\"><span class=\"fn\"><a href=\"https:\/\/staging.latmultilingual.com\/fr\/blog\/author\/kin-lo\/\" title=\"Articles par Kin Lo\" rel=\"author\">Kin Lo<\/a><\/span><\/span><span class=\"updated rich-snippet-hidden\">2020-10-26T11:40:30-07:00<\/span>\n\n<div  class=\"fusion-image-wrapper\" aria-haspopup=\"true\">\n\t\n\t\n\t\t\t\t\t<a href=\"https:\/\/staging.latmultilingual.com\/fr\/blog\/case-studies\/mccormick\/\" aria-label=\"McCormick\">\n\t\t\t\n\t\t\t\t\t<img width=\"1878\" height=\"1183\" src=\"https:\/\/staging.latmultilingual.com\/wp-content\/uploads\/2016\/06\/McCormick_BillyBee_700X441-2.jpg\" class=\"attachment-full size-full lazyload wp-post-image\" alt=\"\" loading=\"lazy\" srcset=\"data:image\/svg+xml,%3Csvg%20xmlns%3D%27http%3A%2F%2Fwww.w3.org%2F2000%2Fsvg%27%20width%3D%271878%27%20height%3D%271183%27%20viewBox%3D%270%200%201878%201183%27%3E%3Crect%20width%3D%271878%27%20height%3D%2731183%27%20fill-opacity%3D%220%22%2F%3E%3C%2Fsvg%3E\" data-orig-src=\"https:\/\/staging.latmultilingual.com\/wp-content\/uploads\/2016\/06\/McCormick_BillyBee_700X441-2.jpg\" data-srcset=\"https:\/\/staging.latmultilingual.com\/wp-content\/uploads\/2016\/06\/McCormick_BillyBee_700X441-2-200x126.jpg 200w, https:\/\/staging.latmultilingual.com\/wp-content\/uploads\/2016\/06\/McCormick_BillyBee_700X441-2-400x252.jpg 400w, https:\/\/staging.latmultilingual.com\/wp-content\/uploads\/2016\/06\/McCormick_BillyBee_700X441-2-600x378.jpg 600w, https:\/\/staging.latmultilingual.com\/wp-content\/uploads\/2016\/06\/McCormick_BillyBee_700X441-2-800x504.jpg 800w, https:\/\/staging.latmultilingual.com\/wp-content\/uploads\/2016\/06\/McCormick_BillyBee_700X441-2-1200x756.jpg 1200w, https:\/\/staging.latmultilingual.com\/wp-content\/uploads\/2016\/06\/McCormick_BillyBee_700X441-2.jpg 1878w\" data-sizes=\"auto\" \/>\n\t\n\n\t\t<\/a>\n\n\t\n<\/div>\n<div class=\"fusion-portfolio-content\"><h2 class=\"entry-title fusion-post-title\"><a href=\"https:\/\/staging.latmultilingual.com\/fr\/blog\/case-studies\/mccormick\/\">McCormick<\/a><\/h2><div class=\"fusion-post-content\"><p>Bien que les produits McCormick soient vendus aux quatre coins du monde, ils ont voulu s\u2019assurer d\u2019une pr\u00e9sence canadienne compl\u00e8tement adapt\u00e9e au march\u00e9 local. <\/p><\/div><\/div><\/div><\/article><article id=\"portfolio-1-post-13065\" class=\"fusion-portfolio-post emballage-et-etiquetage-bilingues marche-francophone-au-canada traduction-et-localisation fusion-col-spacing post-13065\"><div class=\"fusion-portfolio-content-wrapper\" style=\"border:none;\"><span class=\"vcard rich-snippet-hidden\"><span class=\"fn\"><a href=\"https:\/\/staging.latmultilingual.com\/fr\/blog\/author\/kin-lo\/\" title=\"Articles par Kin Lo\" rel=\"author\">Kin Lo<\/a><\/span><\/span><span class=\"updated rich-snippet-hidden\">2020-10-26T11:42:01-07:00<\/span>\n\n<div  class=\"fusion-image-wrapper\" aria-haspopup=\"true\">\n\t\n\t\n\t\t\t\t\t<a href=\"https:\/\/staging.latmultilingual.com\/fr\/blog\/case-studies\/kao\/\" aria-label=\"KAO\">\n\t\t\t\n\t\t\t\t\t<img width=\"768\" height=\"570\" src=\"https:\/\/staging.latmultilingual.com\/wp-content\/uploads\/2016\/05\/johnfrieda.jpg\" class=\"attachment-full size-full lazyload wp-post-image\" alt=\"\" loading=\"lazy\" srcset=\"data:image\/svg+xml,%3Csvg%20xmlns%3D%27http%3A%2F%2Fwww.w3.org%2F2000%2Fsvg%27%20width%3D%27768%27%20height%3D%27570%27%20viewBox%3D%270%200%20768%20570%27%3E%3Crect%20width%3D%27768%27%20height%3D%273570%27%20fill-opacity%3D%220%22%2F%3E%3C%2Fsvg%3E\" data-orig-src=\"https:\/\/staging.latmultilingual.com\/wp-content\/uploads\/2016\/05\/johnfrieda.jpg\" data-srcset=\"https:\/\/staging.latmultilingual.com\/wp-content\/uploads\/2016\/05\/johnfrieda-200x148.jpg 200w, https:\/\/staging.latmultilingual.com\/wp-content\/uploads\/2016\/05\/johnfrieda-400x297.jpg 400w, https:\/\/staging.latmultilingual.com\/wp-content\/uploads\/2016\/05\/johnfrieda-600x445.jpg 600w, https:\/\/staging.latmultilingual.com\/wp-content\/uploads\/2016\/05\/johnfrieda.jpg 768w\" data-sizes=\"auto\" \/>\n\t\n\n\t\t<\/a>\n\n\t\n<\/div>\n<div class=\"fusion-portfolio-content\"><h2 class=\"entry-title fusion-post-title\"><a href=\"https:\/\/staging.latmultilingual.com\/fr\/blog\/case-studies\/kao\/\">KAO<\/a><\/h2><div class=\"fusion-post-content\"><p>KAO est une entreprise japonaise qui g\u00e8re des marques populaires telles que Jergens, John Frieda et Bior\u00e9. En raison de sa port\u00e9e mondiale, KAO a besoin de contenus localis\u00e9s pour promouvoir avec succ\u00e8s son large \u00e9ventail de produits aupr\u00e8s de publics tr\u00e8s diversifi\u00e9s.<\/p><\/div><\/div><\/div><\/article><\/div><\/div><div class=\"fusion-clearfix\"><\/div><\/div><\/div><\/div><\/div>\n","protected":false},"excerpt":{"rendered":"","protected":false},"author":61,"featured_media":0,"parent":0,"menu_order":0,"comment_status":"open","ping_status":"open","template":"100-width.php","meta":[],"acf":[],"yoast_head":"<!-- This site is optimized with the Yoast SEO plugin v19.13 - https:\/\/yoast.com\/wordpress\/plugins\/seo\/ -->\n<title>Emballage bilingue - Emballage bilingue<\/title>\n<meta name=\"description\" content=\"Bilingual packaging is a legal requirement for products sold in Canada. We offer expertise in French Canadian-English packaging, and marketing to Quebec.\" \/>\n<meta name=\"robots\" content=\"index, follow, max-snippet:-1, max-image-preview:large, max-video-preview:-1\" \/>\n<link rel=\"canonical\" href=\"https:\/\/staging.latmultilingual.com\/fr\/emballage-bilingue\/\" \/>\n<meta property=\"og:locale\" content=\"fr_FR\" \/>\n<meta property=\"og:type\" content=\"article\" \/>\n<meta property=\"og:title\" content=\"Emballage bilingue - Emballage bilingue\" \/>\n<meta property=\"og:description\" content=\"Bilingual packaging is a legal requirement for products sold in Canada. We offer expertise in French Canadian-English packaging, and marketing to Quebec.\" \/>\n<meta property=\"og:url\" content=\"https:\/\/staging.latmultilingual.com\/fr\/emballage-bilingue\/\" \/>\n<meta property=\"og:site_name\" content=\"LAT Multilingue Traduction et Marketing\" \/>\n<meta property=\"article:publisher\" content=\"https:\/\/www.facebook.com\/LATMultilingual\/\" \/>\n<meta property=\"article:modified_time\" content=\"2022-03-09T17:16:24+00:00\" \/>\n<meta name=\"twitter:card\" content=\"summary_large_image\" \/>\n<meta name=\"twitter:site\" content=\"@LATMultilingual\" \/>\n<meta name=\"twitter:label1\" content=\"Dur\u00e9e de lecture estim\u00e9e\" \/>\n\t<meta name=\"twitter:data1\" content=\"9 minutes\" \/>\n<script type=\"application\/ld+json\" class=\"yoast-schema-graph\">{\"@context\":\"https:\/\/schema.org\",\"@graph\":[{\"@type\":\"WebPage\",\"@id\":\"https:\/\/staging.latmultilingual.com\/fr\/emballage-bilingue\/\",\"url\":\"https:\/\/staging.latmultilingual.com\/fr\/emballage-bilingue\/\",\"name\":\"Emballage bilingue - Emballage bilingue\",\"isPartOf\":{\"@id\":\"https:\/\/staging.latmultilingual.com\/#website\"},\"datePublished\":\"2014-06-13T21:28:16+00:00\",\"dateModified\":\"2022-03-09T17:16:24+00:00\",\"description\":\"Bilingual packaging is a legal requirement for products sold in Canada. We offer expertise in French Canadian-English packaging, and marketing to Quebec.\",\"breadcrumb\":{\"@id\":\"https:\/\/staging.latmultilingual.com\/fr\/emballage-bilingue\/#breadcrumb\"},\"inLanguage\":\"fr-FR\",\"potentialAction\":[{\"@type\":\"ReadAction\",\"target\":[\"https:\/\/staging.latmultilingual.com\/fr\/emballage-bilingue\/\"]}]},{\"@type\":\"BreadcrumbList\",\"@id\":\"https:\/\/staging.latmultilingual.com\/fr\/emballage-bilingue\/#breadcrumb\",\"itemListElement\":[{\"@type\":\"ListItem\",\"position\":1,\"name\":\"Home\",\"item\":\"https:\/\/staging.latmultilingual.com\/fr\/\"},{\"@type\":\"ListItem\",\"position\":2,\"name\":\"Emballage bilingue\"}]},{\"@type\":\"WebSite\",\"@id\":\"https:\/\/staging.latmultilingual.com\/#website\",\"url\":\"https:\/\/staging.latmultilingual.com\/\",\"name\":\"LAT Multilingue Traduction et Marketing\",\"description\":\"Reach New Markets with Quality Translation and Cultural Marketing Services\",\"potentialAction\":[{\"@type\":\"SearchAction\",\"target\":{\"@type\":\"EntryPoint\",\"urlTemplate\":\"https:\/\/staging.latmultilingual.com\/?s={search_term_string}\"},\"query-input\":\"required name=search_term_string\"}],\"inLanguage\":\"fr-FR\"}]}<\/script>\n<!-- \/ Yoast SEO plugin. -->","yoast_head_json":{"title":"Emballage bilingue - Emballage bilingue","description":"Bilingual packaging is a legal requirement for products sold in Canada. We offer expertise in French Canadian-English packaging, and marketing to Quebec.","robots":{"index":"index","follow":"follow","max-snippet":"max-snippet:-1","max-image-preview":"max-image-preview:large","max-video-preview":"max-video-preview:-1"},"canonical":"https:\/\/staging.latmultilingual.com\/fr\/emballage-bilingue\/","og_locale":"fr_FR","og_type":"article","og_title":"Emballage bilingue - Emballage bilingue","og_description":"Bilingual packaging is a legal requirement for products sold in Canada. We offer expertise in French Canadian-English packaging, and marketing to Quebec.","og_url":"https:\/\/staging.latmultilingual.com\/fr\/emballage-bilingue\/","og_site_name":"LAT Multilingue Traduction et Marketing","article_publisher":"https:\/\/www.facebook.com\/LATMultilingual\/","article_modified_time":"2022-03-09T17:16:24+00:00","twitter_card":"summary_large_image","twitter_site":"@LATMultilingual","twitter_misc":{"Dur\u00e9e de lecture estim\u00e9e":"9 minutes"},"schema":{"@context":"https:\/\/schema.org","@graph":[{"@type":"WebPage","@id":"https:\/\/staging.latmultilingual.com\/fr\/emballage-bilingue\/","url":"https:\/\/staging.latmultilingual.com\/fr\/emballage-bilingue\/","name":"Emballage bilingue - Emballage bilingue","isPartOf":{"@id":"https:\/\/staging.latmultilingual.com\/#website"},"datePublished":"2014-06-13T21:28:16+00:00","dateModified":"2022-03-09T17:16:24+00:00","description":"Bilingual packaging is a legal requirement for products sold in Canada. We offer expertise in French Canadian-English packaging, and marketing to Quebec.","breadcrumb":{"@id":"https:\/\/staging.latmultilingual.com\/fr\/emballage-bilingue\/#breadcrumb"},"inLanguage":"fr-FR","potentialAction":[{"@type":"ReadAction","target":["https:\/\/staging.latmultilingual.com\/fr\/emballage-bilingue\/"]}]},{"@type":"BreadcrumbList","@id":"https:\/\/staging.latmultilingual.com\/fr\/emballage-bilingue\/#breadcrumb","itemListElement":[{"@type":"ListItem","position":1,"name":"Home","item":"https:\/\/staging.latmultilingual.com\/fr\/"},{"@type":"ListItem","position":2,"name":"Emballage bilingue"}]},{"@type":"WebSite","@id":"https:\/\/staging.latmultilingual.com\/#website","url":"https:\/\/staging.latmultilingual.com\/","name":"LAT Multilingue Traduction et Marketing","description":"Reach New Markets with Quality Translation and Cultural Marketing Services","potentialAction":[{"@type":"SearchAction","target":{"@type":"EntryPoint","urlTemplate":"https:\/\/staging.latmultilingual.com\/?s={search_term_string}"},"query-input":"required name=search_term_string"}],"inLanguage":"fr-FR"}]}},"_links":{"self":[{"href":"https:\/\/staging.latmultilingual.com\/fr\/wp-json\/wp\/v2\/pages\/9029"}],"collection":[{"href":"https:\/\/staging.latmultilingual.com\/fr\/wp-json\/wp\/v2\/pages"}],"about":[{"href":"https:\/\/staging.latmultilingual.com\/fr\/wp-json\/wp\/v2\/types\/page"}],"author":[{"embeddable":true,"href":"https:\/\/staging.latmultilingual.com\/fr\/wp-json\/wp\/v2\/users\/61"}],"replies":[{"embeddable":true,"href":"https:\/\/staging.latmultilingual.com\/fr\/wp-json\/wp\/v2\/comments?post=9029"}],"version-history":[{"count":34,"href":"https:\/\/staging.latmultilingual.com\/fr\/wp-json\/wp\/v2\/pages\/9029\/revisions"}],"predecessor-version":[{"id":22502,"href":"https:\/\/staging.latmultilingual.com\/fr\/wp-json\/wp\/v2\/pages\/9029\/revisions\/22502"}],"wp:attachment":[{"href":"https:\/\/staging.latmultilingual.com\/fr\/wp-json\/wp\/v2\/media?parent=9029"}],"curies":[{"name":"wp","href":"https:\/\/api.w.org\/{rel}","templated":true}]}}