{"id":9085,"date":"2014-07-30T11:15:32","date_gmt":"2014-07-30T18:15:32","guid":{"rendered":"https:\/\/www.latmultilingual.com\/?page_id=9085"},"modified":"2022-03-09T09:17:10","modified_gmt":"2022-03-09T17:17:10","slug":"traduction-de-site-web","status":"publish","type":"page","link":"https:\/\/staging.latmultilingual.com\/fr\/traduction-de-site-web\/","title":{"rendered":"Traduction de site Web"},"content":{"rendered":"<div class=\"fusion-fullwidth fullwidth-box fusion-builder-row-1 grey-section nonhundred-percent-fullwidth non-hundred-percent-height-scrolling\" style=\"background-color: rgba(255,255,255,0);background-position: center center;background-repeat: no-repeat;padding-top:30px;padding-right:0px;padding-bottom:20px;padding-left:0px;margin-bottom: 0px;margin-top: 0px;border-width: 0px 0px 0px 0px;border-color:#eae9e9;border-style:solid;\" ><div class=\"fusion-builder-row fusion-row\"><div class=\"fusion-layout-column fusion_builder_column fusion-builder-column-0 fusion_builder_column_2_3 2_3 fusion-two-third fusion-column-first\" style=\"width:66.666666666667%;width:calc(66.666666666667% - ( ( 4% ) * 0.66666666666667 ) );margin-right: 4%;margin-top:0px;margin-bottom:0px;\"><div class=\"fusion-column-wrapper fusion-flex-column-wrapper-legacy\" style=\"background-position:left top;background-repeat:no-repeat;-webkit-background-size:cover;-moz-background-size:cover;-o-background-size:cover;background-size:cover;padding: 0px 0px 0px 0px;\"><style type=\"text\/css\"><\/style><div class=\"fusion-title title fusion-title-1 fusion-sep-none fusion-title-text fusion-title-size-one\" style=\"margin-top:0px;margin-bottom:15px;\"><h1 class=\"title-heading-left\" style=\"margin:0;\"><h2>Communiquez avec vos clients dans leur propre langue gr\u00e2ce \u00e0 nos services de traduction multilingue de qualit\u00e9.<\/h2><\/h1><\/div><div class=\"fusion-text fusion-text-1\" style=\"transform:translate3d(0,0,0);\"><p style=\"text-align: left;\" align=\"justify\">Communiquez avec vos clients dans leur propre langue gr\u00e2ce \u00e0 nos services de traduction multilingue de qualit\u00e9. Plus de 70 % des internautes parlent une langue autre que l\u2019anglais et selon les recherches, ils passent deux fois plus de temps sur les sites Web dont le contenu est dans leur langue. Nous offrons les services de traduction et de localisation n\u00e9cessaires, dont l\u2019optimisation pour les moteurs de recherche (SEO), pour rejoindre vos clients et veiller \u00e0 ce que votre message soit pertinent, appropri\u00e9 et percutant sur le plan culturel. Voici les services que nous offrons :\u00a0<\/p>\n<ul style=\"text-align: left;\">\n<li>traduction et localisation de qualit\u00e9 par des traducteurs \u00e9tablis dans le march\u00e9;<\/li>\n<li>contr\u00f4le de la qualit\u00e9 rigoureux pour veiller \u00e0 l\u2019exactitude de votre contenu apr\u00e8s sa mise en ligne;<\/li>\n<li>outils en ligne pour faire le suivi de vos demandes de traduction.<\/li>\n<\/ul>\n<p style=\"text-align: left;\" align=\"justify\">Nous avons de l\u2019exp\u00e9rience dans une grande vari\u00e9t\u00e9 de projets de traduction de sites Web et intranet, y compris dans des langues qui n\u00e9cessitent un formatage de droite \u00e0 gauche, comme l\u2019h\u00e9breu et l\u2019arabe. Communiquez avec nous pour obtenir un devis de traduction de site Web.\u00a0<\/p>\n<\/div><div class=\"fusion-aligncenter\"><style type=\"text\/css\">.fusion-button.button-1 {border-radius:2px;}<\/style><a class=\"fusion-button button-flat button-large button-default button-1 fusion-button-default-span fusion-button-default-type obtenez-un-devis\" target=\"_self\" href=\"https:\/\/www.latmultilingual.com\/fr\/?post_type=popup&amp;p=18280\"><span class=\"fusion-button-text\">Commencez!<\/span><\/a><\/div><div class=\"fusion-clearfix\"><\/div><\/div><\/div><div class=\"fusion-layout-column fusion_builder_column fusion-builder-column-1 fusion_builder_column_1_3 1_3 fusion-one-third fusion-column-last\" style=\"width:33.333333333333%;width:calc(33.333333333333% - ( ( 4% ) * 0.33333333333333 ) );margin-top:0px;margin-bottom:0px;\"><div class=\"fusion-column-wrapper fusion-flex-column-wrapper-legacy\" style=\"background-position:left top;background-repeat:no-repeat;-webkit-background-size:cover;-moz-background-size:cover;-o-background-size:cover;background-size:cover;padding: 0px 0px 0px 0px;\"><div class=\"fusion-text fusion-text-2\" style=\"transform:translate3d(0,0,0);\"><blockquote>\n<p style=\"text-align: left;\" align=\"justify\">Nous avons r\u00e9cemment travaill\u00e9 avec LAT pour la premi\u00e8re traduction \u00e0 grande \u00e9chelle de notre site Web. L\u2019\u00e9quipe a fait preuve d\u2019une grande patience et nous a aid\u00e9s tout au long du processus. Elle a r\u00e9pondu rapidement \u00e0 nos questions, nous a tenus inform\u00e9s des progr\u00e8s et nous a fourni des traductions d\u2019excellente qualit\u00e9. Notre client a \u00e9t\u00e9 satisfait du travail de LAT, et absolument rien n\u2019a n\u00e9cessit\u00e9 de r\u00e9vision ou de nouvelle traduction. Nous continuerons de travailler avec LAT, que nous recommandons sans h\u00e9sitation.<\/p>\n<p style=\"text-align: left;\"><strong>Tristan Tamplin<\/strong><br \/>\n<span class=\"medium-blue\">Blue Communications Agency<\/span><\/p>\n<\/blockquote>\n<p style=\"text-align: left;\">\u00a0<\/p>\n<blockquote>\n<p style=\"text-align: left;\" align=\"justify\">LAT Multilingue est un pr\u00e9cieux partenaire. L\u2019\u00e9quipe est r\u00e9ceptive, travaille rapidement et fournit constamment des traductions de haute qualit\u00e9, d\u00e8s que nous en avons besoin. Je vous la recommande chaleureusement pour vos besoins en mati\u00e8re de traduction et d\u2019int\u00e9gration \u00e0 la plateforme WordPress au moyen de WPML.<\/p>\n<p style=\"text-align: left;\"><strong>Jay Winkler<\/strong><span class=\"medium-blue\"><br \/>\nHarlequin Floors (Am\u00e9riques)<\/span><\/p>\n<\/blockquote>\n<\/div><div class=\"fusion-clearfix\"><\/div><\/div><\/div><\/div><\/div><div class=\"fusion-fullwidth fullwidth-box fusion-builder-row-2 nonhundred-percent-fullwidth non-hundred-percent-height-scrolling\" style=\"background-color: rgba(255,255,255,0);background-position: center center;background-repeat: no-repeat;padding-top:30px;padding-right:0px;padding-bottom:20px;padding-left:0px;margin-bottom: 0px;margin-top: 0px;border-width: 0px 0px 0px 0px;border-color:#eae9e9;border-style:solid;\" ><div class=\"fusion-builder-row fusion-row\"><div class=\"fusion-layout-column fusion_builder_column fusion-builder-column-2 fusion_builder_column_1_1 1_1 fusion-one-full fusion-column-first fusion-column-last\" style=\"margin-top:0px;margin-bottom:0px;\"><div class=\"fusion-column-wrapper fusion-flex-column-wrapper-legacy\" style=\"background-position:left top;background-repeat:no-repeat;-webkit-background-size:cover;-moz-background-size:cover;-o-background-size:cover;background-size:cover;padding: 0px 0px 0px 0px;\"><style type=\"text\/css\"><\/style><div class=\"fusion-title title fusion-title-2 fusion-sep-none fusion-title-center fusion-title-text fusion-title-size-two\" style=\"margin-top:0px;margin-bottom:15px;\"><h2 class=\"title-heading-center\" style=\"margin:0;\">R\u00e9alisations en mati\u00e8re de traduction et localisation de site Web<\/h2><\/div><style type=\"text\/css\">.fusion-portfolio-wrapper#fusion-portfolio-1 .fusion-portfolio-content{  text-align: left; }<\/style><div class=\"fusion-recent-works fusion-portfolio-element fusion-portfolio fusion-portfolio-1 fusion-portfolio-grid fusion-portfolio-paging-load-more-button fusion-portfolio-three fusion-portfolio-unboxed fusion-portfolio-text fusion-portfolio-equal-heights\" data-id=\"-rw-1\" data-columns=\"three\"><style type=\"text\/css\">.fusion-portfolio-1 .fusion-portfolio-wrapper .fusion-col-spacing{padding:10px;}<\/style><div class=\"fusion-portfolio-wrapper\" id=\"fusion-portfolio-1\" data-picturesize=\"auto\" data-pages=\"2\" style=\"margin:-10px;\"><article id=\"portfolio-1-post-17107\" class=\"fusion-portfolio-post marketing-chinois traduction-de-sites-web fusion-col-spacing post-17107\"><div class=\"fusion-portfolio-content-wrapper\" style=\"border:none;\"><span class=\"vcard rich-snippet-hidden\"><span class=\"fn\"><a href=\"https:\/\/staging.latmultilingual.com\/fr\/blog\/author\/lauramcleod\/\" title=\"Articles par Laura McLeod\" rel=\"author\">Laura McLeod<\/a><\/span><\/span><span class=\"updated rich-snippet-hidden\">2020-10-09T14:55:03-07:00<\/span>\n\n<div  class=\"fusion-image-wrapper\" aria-haspopup=\"true\">\n\t\n\t\n\t\t\t\t\t<a href=\"https:\/\/staging.latmultilingual.com\/fr\/blog\/case-studies\/pacificwest-dental\/\" aria-label=\"PacificWest Dental\">\n\t\t\t\n\t\t\t\t\t<img width=\"786\" height=\"495\" src=\"https:\/\/staging.latmultilingual.com\/wp-content\/uploads\/2020\/03\/PacificWestDentalWebsite_700X441.png\" class=\"attachment-full size-full lazyload wp-post-image\" alt=\"\" loading=\"lazy\" srcset=\"data:image\/svg+xml,%3Csvg%20xmlns%3D%27http%3A%2F%2Fwww.w3.org%2F2000%2Fsvg%27%20width%3D%27786%27%20height%3D%27495%27%20viewBox%3D%270%200%20786%20495%27%3E%3Crect%20width%3D%27786%27%20height%3D%273495%27%20fill-opacity%3D%220%22%2F%3E%3C%2Fsvg%3E\" data-orig-src=\"https:\/\/staging.latmultilingual.com\/wp-content\/uploads\/2020\/03\/PacificWestDentalWebsite_700X441.png\" data-srcset=\"https:\/\/staging.latmultilingual.com\/wp-content\/uploads\/2020\/03\/PacificWestDentalWebsite_700X441-200x126.png 200w, https:\/\/staging.latmultilingual.com\/wp-content\/uploads\/2020\/03\/PacificWestDentalWebsite_700X441-400x252.png 400w, https:\/\/staging.latmultilingual.com\/wp-content\/uploads\/2020\/03\/PacificWestDentalWebsite_700X441-600x378.png 600w, https:\/\/staging.latmultilingual.com\/wp-content\/uploads\/2020\/03\/PacificWestDentalWebsite_700X441.png 786w\" data-sizes=\"auto\" \/>\n\t\n\n\t\t<\/a>\n\n\t\n<\/div>\n<div class=\"fusion-portfolio-content\"><h2 class=\"entry-title fusion-post-title\"><a href=\"https:\/\/staging.latmultilingual.com\/fr\/blog\/case-studies\/pacificwest-dental\/\">PacificWest Dental<\/a><\/h2><div class=\"fusion-post-content\"><p>LAT a aid\u00e9 PacificWest Dental \u00e0 \u00e9tablir et \u00e9largir sa client\u00e8le chinoise gr\u00e2ce \u00e0 des solutions de marketing personnalis\u00e9es sur les m\u00e9dias sociaux chinois.<\/p><\/div><\/div><\/div><\/article><article id=\"portfolio-1-post-5624\" class=\"fusion-portfolio-post marketing-multiculturel traduction-de-sites-web traduction-et-localisation fusion-col-spacing post-5624\"><div class=\"fusion-portfolio-content-wrapper\" style=\"border:none;\"><span class=\"vcard rich-snippet-hidden\"><span class=\"fn\"><a href=\"https:\/\/staging.latmultilingual.com\/fr\/blog\/author\/kin-lo\/\" title=\"Articles par Kin Lo\" rel=\"author\">Kin Lo<\/a><\/span><\/span><span class=\"updated rich-snippet-hidden\">2020-11-26T14:46:24-08:00<\/span>\n\n<div  class=\"fusion-image-wrapper\" aria-haspopup=\"true\">\n\t\n\t\n\t\t\t\t\t<a href=\"https:\/\/staging.latmultilingual.com\/fr\/blog\/case-studies\/pont-golden-gate\/\" aria-label=\"Pont Golden Gate\">\n\t\t\t\n\t\t\t\t\t<img width=\"800\" height=\"586\" src=\"https:\/\/staging.latmultilingual.com\/wp-content\/uploads\/2013\/05\/GoldenGateBridgeExhibit.jpg\" class=\"attachment-full size-full lazyload wp-post-image\" alt=\"\" loading=\"lazy\" srcset=\"data:image\/svg+xml,%3Csvg%20xmlns%3D%27http%3A%2F%2Fwww.w3.org%2F2000%2Fsvg%27%20width%3D%27800%27%20height%3D%27586%27%20viewBox%3D%270%200%20800%20586%27%3E%3Crect%20width%3D%27800%27%20height%3D%273586%27%20fill-opacity%3D%220%22%2F%3E%3C%2Fsvg%3E\" data-orig-src=\"https:\/\/staging.latmultilingual.com\/wp-content\/uploads\/2013\/05\/GoldenGateBridgeExhibit.jpg\" data-srcset=\"https:\/\/staging.latmultilingual.com\/wp-content\/uploads\/2013\/05\/GoldenGateBridgeExhibit-200x147.jpg 200w, https:\/\/staging.latmultilingual.com\/wp-content\/uploads\/2013\/05\/GoldenGateBridgeExhibit-400x293.jpg 400w, https:\/\/staging.latmultilingual.com\/wp-content\/uploads\/2013\/05\/GoldenGateBridgeExhibit-600x440.jpg 600w, https:\/\/staging.latmultilingual.com\/wp-content\/uploads\/2013\/05\/GoldenGateBridgeExhibit.jpg 800w\" data-sizes=\"auto\" \/>\n\t\n\n\t\t<\/a>\n\n\t\n<\/div>\n<div class=\"fusion-portfolio-content\"><h2 class=\"entry-title fusion-post-title\"><a href=\"https:\/\/staging.latmultilingual.com\/fr\/blog\/case-studies\/pont-golden-gate\/\">Pont Golden Gate<\/a><\/h2><div class=\"fusion-post-content\"><p>En collaboration avec Hoi Moon Marketing, notre \u00e9quipe de traduction a cr\u00e9\u00e9 une exposition virtuelle multilingue \u00e0 l\u2019occasion du 75e anniversaire du pont Golden Gate. On peut visiter l\u2019exposition en neuf langues.<\/p><\/div><\/div><\/div><\/article><article id=\"portfolio-1-post-5604\" class=\"fusion-portfolio-post traduction-de-sites-web traduction-et-localisation fusion-col-spacing post-5604\"><div class=\"fusion-portfolio-content-wrapper\" style=\"border:none;\"><span class=\"vcard rich-snippet-hidden\"><span class=\"fn\"><a href=\"https:\/\/staging.latmultilingual.com\/fr\/blog\/author\/kin-lo\/\" title=\"Articles par Kin Lo\" rel=\"author\">Kin Lo<\/a><\/span><\/span><span class=\"updated rich-snippet-hidden\">2020-10-26T13:01:23-07:00<\/span>\n\n<div  class=\"fusion-image-wrapper\" aria-haspopup=\"true\">\n\t\n\t\n\t\t\t\t\t<a href=\"https:\/\/staging.latmultilingual.com\/fr\/blog\/case-studies\/commission-canadienne-du-tourisme\/\" aria-label=\"Commission canadienne du tourisme\">\n\t\t\t\n\t\t\t\t\t<img width=\"700\" height=\"441\" src=\"https:\/\/staging.latmultilingual.com\/wp-content\/uploads\/2013\/05\/CaseStudy_CanadianTourismCommissionWebsite.jpg\" class=\"attachment-full size-full lazyload wp-post-image\" alt=\"\" loading=\"lazy\" srcset=\"data:image\/svg+xml,%3Csvg%20xmlns%3D%27http%3A%2F%2Fwww.w3.org%2F2000%2Fsvg%27%20width%3D%27700%27%20height%3D%27441%27%20viewBox%3D%270%200%20700%20441%27%3E%3Crect%20width%3D%27700%27%20height%3D%273441%27%20fill-opacity%3D%220%22%2F%3E%3C%2Fsvg%3E\" data-orig-src=\"https:\/\/staging.latmultilingual.com\/wp-content\/uploads\/2013\/05\/CaseStudy_CanadianTourismCommissionWebsite.jpg\" data-srcset=\"https:\/\/staging.latmultilingual.com\/wp-content\/uploads\/2013\/05\/CaseStudy_CanadianTourismCommissionWebsite-200x126.jpg 200w, https:\/\/staging.latmultilingual.com\/wp-content\/uploads\/2013\/05\/CaseStudy_CanadianTourismCommissionWebsite-400x252.jpg 400w, https:\/\/staging.latmultilingual.com\/wp-content\/uploads\/2013\/05\/CaseStudy_CanadianTourismCommissionWebsite-600x378.jpg 600w, https:\/\/staging.latmultilingual.com\/wp-content\/uploads\/2013\/05\/CaseStudy_CanadianTourismCommissionWebsite.jpg 700w\" data-sizes=\"auto\" \/>\n\t\n\n\t\t<\/a>\n\n\t\n<\/div>\n<div class=\"fusion-portfolio-content\"><h2 class=\"entry-title fusion-post-title\"><a href=\"https:\/\/staging.latmultilingual.com\/fr\/blog\/case-studies\/commission-canadienne-du-tourisme\/\">Commission canadienne du tourisme<\/a><\/h2><div class=\"fusion-post-content\"><p>Avec DDB Canada, nous avons traduit et localis\u00e9 le contenu des campagnes Explorez sans fin et 35\u00a0millions de regards de la Commission canadienne du tourisme (CCT), afin d\u2019aider l\u2019organisme \u00e0 rejoindre ses march\u00e9s multilingues.<\/p><\/div><\/div><\/div><\/article><\/div><div class=\"fusion-load-more-button fusion-portfolio-button fusion-clearfix\">Plus de publications<\/div><div class=\"fusion-infinite-scroll-trigger\"><\/div><div class=\"pagination infinite-scroll clearfix\" style=\"display:none;\"><span class=\"current\">1<\/span><a href=\"https:\/\/staging.latmultilingual.com\/fr\/wp-json\/wp\/v2\/pages\/9085\/page\/2\/\" class=\"inactive\">2<\/a><a class=\"pagination-next\" rel=\"next\" href=\"https:\/\/staging.latmultilingual.com\/fr\/wp-json\/wp\/v2\/pages\/9085\/page\/2\/\"><span class=\"page-text\">Suivant<\/span><span class=\"page-next\"><\/span><\/a><\/div><div class=\"fusion-clearfix\"><\/div><\/div><div class=\"fusion-clearfix\"><\/div><\/div><\/div><\/div><\/div>\n","protected":false},"excerpt":{"rendered":"","protected":false},"author":29,"featured_media":0,"parent":0,"menu_order":0,"comment_status":"open","ping_status":"open","template":"100-width.php","meta":[],"acf":[],"yoast_head":"<!-- This site is optimized with the Yoast SEO plugin v19.13 - https:\/\/yoast.com\/wordpress\/plugins\/seo\/ -->\n<title>Traduction de site Web - LAT Multilingue Traduction et Marketing<\/title>\n<meta name=\"description\" content=\"Les services professionnels de traduction de site Web accroissent votre visibilit\u00e9 en ligne gr\u00e2ce \u00e0 un contenu adapt\u00e9 \u00e0 votre cible. LAT peut vous aider.\" \/>\n<meta name=\"robots\" content=\"index, follow, max-snippet:-1, max-image-preview:large, max-video-preview:-1\" \/>\n<link rel=\"canonical\" href=\"https:\/\/staging.latmultilingual.com\/fr\/traduction-de-site-web\/\" \/>\n<meta property=\"og:locale\" content=\"fr_FR\" \/>\n<meta property=\"og:type\" content=\"article\" \/>\n<meta property=\"og:title\" content=\"Traduction de site Web - LAT Multilingue Traduction et Marketing\" \/>\n<meta property=\"og:description\" content=\"Les services professionnels de traduction de site Web accroissent votre visibilit\u00e9 en ligne gr\u00e2ce \u00e0 un contenu adapt\u00e9 \u00e0 votre cible. LAT peut vous aider.\" \/>\n<meta property=\"og:url\" content=\"https:\/\/staging.latmultilingual.com\/fr\/traduction-de-site-web\/\" \/>\n<meta property=\"og:site_name\" content=\"LAT Multilingue Traduction et Marketing\" \/>\n<meta property=\"article:publisher\" content=\"https:\/\/www.facebook.com\/LATMultilingual\/\" \/>\n<meta property=\"article:modified_time\" content=\"2022-03-09T17:17:10+00:00\" \/>\n<meta name=\"twitter:card\" content=\"summary_large_image\" \/>\n<meta name=\"twitter:site\" content=\"@LATMultilingual\" \/>\n<meta name=\"twitter:label1\" content=\"Dur\u00e9e de lecture estim\u00e9e\" \/>\n\t<meta name=\"twitter:data1\" content=\"10 minutes\" \/>\n<script type=\"application\/ld+json\" class=\"yoast-schema-graph\">{\"@context\":\"https:\/\/schema.org\",\"@graph\":[{\"@type\":\"WebPage\",\"@id\":\"https:\/\/staging.latmultilingual.com\/fr\/traduction-de-site-web\/\",\"url\":\"https:\/\/staging.latmultilingual.com\/fr\/traduction-de-site-web\/\",\"name\":\"Traduction de site Web - LAT Multilingue Traduction et Marketing\",\"isPartOf\":{\"@id\":\"https:\/\/staging.latmultilingual.com\/#website\"},\"datePublished\":\"2014-07-30T18:15:32+00:00\",\"dateModified\":\"2022-03-09T17:17:10+00:00\",\"description\":\"Les services professionnels de traduction de site Web accroissent votre visibilit\u00e9 en ligne gr\u00e2ce \u00e0 un contenu adapt\u00e9 \u00e0 votre cible. LAT peut vous aider.\",\"breadcrumb\":{\"@id\":\"https:\/\/staging.latmultilingual.com\/fr\/traduction-de-site-web\/#breadcrumb\"},\"inLanguage\":\"fr-FR\",\"potentialAction\":[{\"@type\":\"ReadAction\",\"target\":[\"https:\/\/staging.latmultilingual.com\/fr\/traduction-de-site-web\/\"]}]},{\"@type\":\"BreadcrumbList\",\"@id\":\"https:\/\/staging.latmultilingual.com\/fr\/traduction-de-site-web\/#breadcrumb\",\"itemListElement\":[{\"@type\":\"ListItem\",\"position\":1,\"name\":\"Home\",\"item\":\"https:\/\/staging.latmultilingual.com\/fr\/\"},{\"@type\":\"ListItem\",\"position\":2,\"name\":\"Traduction de site Web\"}]},{\"@type\":\"WebSite\",\"@id\":\"https:\/\/staging.latmultilingual.com\/#website\",\"url\":\"https:\/\/staging.latmultilingual.com\/\",\"name\":\"LAT Multilingue Traduction et Marketing\",\"description\":\"Reach New Markets with Quality Translation and Cultural Marketing Services\",\"potentialAction\":[{\"@type\":\"SearchAction\",\"target\":{\"@type\":\"EntryPoint\",\"urlTemplate\":\"https:\/\/staging.latmultilingual.com\/?s={search_term_string}\"},\"query-input\":\"required name=search_term_string\"}],\"inLanguage\":\"fr-FR\"}]}<\/script>\n<!-- \/ Yoast SEO plugin. -->","yoast_head_json":{"title":"Traduction de site Web - LAT Multilingue Traduction et Marketing","description":"Les services professionnels de traduction de site Web accroissent votre visibilit\u00e9 en ligne gr\u00e2ce \u00e0 un contenu adapt\u00e9 \u00e0 votre cible. LAT peut vous aider.","robots":{"index":"index","follow":"follow","max-snippet":"max-snippet:-1","max-image-preview":"max-image-preview:large","max-video-preview":"max-video-preview:-1"},"canonical":"https:\/\/staging.latmultilingual.com\/fr\/traduction-de-site-web\/","og_locale":"fr_FR","og_type":"article","og_title":"Traduction de site Web - LAT Multilingue Traduction et Marketing","og_description":"Les services professionnels de traduction de site Web accroissent votre visibilit\u00e9 en ligne gr\u00e2ce \u00e0 un contenu adapt\u00e9 \u00e0 votre cible. LAT peut vous aider.","og_url":"https:\/\/staging.latmultilingual.com\/fr\/traduction-de-site-web\/","og_site_name":"LAT Multilingue Traduction et Marketing","article_publisher":"https:\/\/www.facebook.com\/LATMultilingual\/","article_modified_time":"2022-03-09T17:17:10+00:00","twitter_card":"summary_large_image","twitter_site":"@LATMultilingual","twitter_misc":{"Dur\u00e9e de lecture estim\u00e9e":"10 minutes"},"schema":{"@context":"https:\/\/schema.org","@graph":[{"@type":"WebPage","@id":"https:\/\/staging.latmultilingual.com\/fr\/traduction-de-site-web\/","url":"https:\/\/staging.latmultilingual.com\/fr\/traduction-de-site-web\/","name":"Traduction de site Web - LAT Multilingue Traduction et Marketing","isPartOf":{"@id":"https:\/\/staging.latmultilingual.com\/#website"},"datePublished":"2014-07-30T18:15:32+00:00","dateModified":"2022-03-09T17:17:10+00:00","description":"Les services professionnels de traduction de site Web accroissent votre visibilit\u00e9 en ligne gr\u00e2ce \u00e0 un contenu adapt\u00e9 \u00e0 votre cible. LAT peut vous aider.","breadcrumb":{"@id":"https:\/\/staging.latmultilingual.com\/fr\/traduction-de-site-web\/#breadcrumb"},"inLanguage":"fr-FR","potentialAction":[{"@type":"ReadAction","target":["https:\/\/staging.latmultilingual.com\/fr\/traduction-de-site-web\/"]}]},{"@type":"BreadcrumbList","@id":"https:\/\/staging.latmultilingual.com\/fr\/traduction-de-site-web\/#breadcrumb","itemListElement":[{"@type":"ListItem","position":1,"name":"Home","item":"https:\/\/staging.latmultilingual.com\/fr\/"},{"@type":"ListItem","position":2,"name":"Traduction de site Web"}]},{"@type":"WebSite","@id":"https:\/\/staging.latmultilingual.com\/#website","url":"https:\/\/staging.latmultilingual.com\/","name":"LAT Multilingue Traduction et Marketing","description":"Reach New Markets with Quality Translation and Cultural Marketing Services","potentialAction":[{"@type":"SearchAction","target":{"@type":"EntryPoint","urlTemplate":"https:\/\/staging.latmultilingual.com\/?s={search_term_string}"},"query-input":"required name=search_term_string"}],"inLanguage":"fr-FR"}]}},"_links":{"self":[{"href":"https:\/\/staging.latmultilingual.com\/fr\/wp-json\/wp\/v2\/pages\/9085"}],"collection":[{"href":"https:\/\/staging.latmultilingual.com\/fr\/wp-json\/wp\/v2\/pages"}],"about":[{"href":"https:\/\/staging.latmultilingual.com\/fr\/wp-json\/wp\/v2\/types\/page"}],"author":[{"embeddable":true,"href":"https:\/\/staging.latmultilingual.com\/fr\/wp-json\/wp\/v2\/users\/29"}],"replies":[{"embeddable":true,"href":"https:\/\/staging.latmultilingual.com\/fr\/wp-json\/wp\/v2\/comments?post=9085"}],"version-history":[{"count":15,"href":"https:\/\/staging.latmultilingual.com\/fr\/wp-json\/wp\/v2\/pages\/9085\/revisions"}],"predecessor-version":[{"id":22503,"href":"https:\/\/staging.latmultilingual.com\/fr\/wp-json\/wp\/v2\/pages\/9085\/revisions\/22503"}],"wp:attachment":[{"href":"https:\/\/staging.latmultilingual.com\/fr\/wp-json\/wp\/v2\/media?parent=9085"}],"curies":[{"name":"wp","href":"https:\/\/api.w.org\/{rel}","templated":true}]}}