{"id":9131,"date":"2014-07-30T16:46:10","date_gmt":"2014-07-30T23:46:10","guid":{"rendered":"https:\/\/www.latmultilingual.com\/?page_id=9131"},"modified":"2022-03-07T15:29:39","modified_gmt":"2022-03-07T23:29:39","slug":"a-propos-de-nous","status":"publish","type":"page","link":"https:\/\/staging.latmultilingual.com\/fr\/a-propos-de-nous\/","title":{"rendered":"\u00c0 propos de LAT Multilingue"},"content":{"rendered":"<div class=\"fusion-fullwidth fullwidth-box fusion-builder-row-1 nonhundred-percent-fullwidth non-hundred-percent-height-scrolling\" style=\"background-color: rgba(255,255,255,0);background-position: center center;background-repeat: no-repeat;padding-top:30px;padding-right:0px;padding-bottom:20px;padding-left:0px;margin-bottom: 0px;margin-top: 0px;border-width: 0px 0px 0px 0px;border-color:#eae9e9;border-style:solid;\" ><div class=\"fusion-builder-row fusion-row\"><div class=\"fusion-layout-column fusion_builder_column fusion-builder-column-0 fusion_builder_column_1_1 1_1 fusion-one-full fusion-column-first fusion-column-last fusion-column-no-min-height\" style=\"margin-top:0px;margin-bottom:0px;\"><div class=\"fusion-column-wrapper fusion-flex-column-wrapper-legacy\" style=\"background-position:left top;background-repeat:no-repeat;-webkit-background-size:cover;-moz-background-size:cover;-o-background-size:cover;background-size:cover;padding: 0px 0px 0px 0px;\"><style type=\"text\/css\"><\/style><div class=\"fusion-title title fusion-title-1 fusion-sep-none fusion-title-text fusion-title-size-one\" style=\"margin-top:0px;margin-bottom:15px;\"><h1 class=\"title-heading-left\" style=\"margin:0;\"><h2>Notre mission : aider les entreprises et les organismes \u00e0 rejoindre divers march\u00e9s en leur offrant des services de traduction et de marketing culturel de qualit\u00e9.<\/h2><\/h1><\/div><div class=\"fusion-text fusion-text-1\" style=\"transform:translate3d(0,0,0);\"><p style=\"text-align: left;\" align=\"justify\">En 1999, LAT a \u00e9t\u00e9 fond\u00e9e sous le nom de L.A. Translations &amp; Design. \u00c0 l\u2019\u00e9poque, l\u2019organisation avait \u00e9t\u00e9 cr\u00e9\u00e9e pour offrir des services de traduction de l\u2019anglais au fran\u00e7ais pour les entreprises souhaitant vendre leurs produits sur le march\u00e9 qu\u00e9b\u00e9cois. Au fil des ans, LAT a grandi et \u00e9volu\u00e9 pour offrir des services de traduction dans une multitude de domaines et dans la plupart des langues. Aujourd\u2019hui, nous sommes fiers d\u2019aider les clients \u00e0 percer de nouveaux march\u00e9s partout dans le monde!<\/p>\n<p style=\"text-align: left;\" align=\"justify\">Nous offrons une solution compl\u00e8te et personnalis\u00e9e pour tous vos besoins linguistiques. Nous croyons que la cl\u00e9 des relations humaines repose sur la communication. Notre vision consiste \u00e0 cr\u00e9er des occasions gr\u00e2ce \u00e0 des communications soigneusement con\u00e7ues qui transmettent l\u2019essence du message de nos clients tout en tenant compte de la dimension culturelle du public vis\u00e9.<\/p>\n<p style=\"text-align: left;\" align=\"justify\">\u00c9tant donn\u00e9 l\u2019importance grandissante des m\u00e9dias sociaux et du marketing num\u00e9rique, nous sommes devenus en 2013 LAT Multilingue Traduction et Marketing, pour tenir compte de l\u2019expansion de nos services avec l\u2019arriv\u00e9e du marketing culturel. Nous sommes d\u00e9vou\u00e9s \u00e0 aider nos clients \u00e0 communiquer avec des publics multilingues au moyen de la traduction, de l\u2019adaptation culturelle, du marketing num\u00e9rique et de la localisation.<\/p>\n<p style=\"text-align: left;\" align=\"justify\">Nos traducteurs exp\u00e9riment\u00e9s et sp\u00e9cialistes en marketing multilingue vivent et travaillent dans vos march\u00e9s cibles et adaptent votre documentation aux collectivit\u00e9s que vous souhaitez rejoindre.<\/p>\n<p style=\"text-align: left;\" align=\"justify\">Laissez-nous vous aider \u00e0 communiquer avec vos clients dans leur propre langue.<\/p>\n<\/div><div class=\"fusion-clearfix\"><\/div><\/div><\/div><\/div><style type=\"text\/css\">.fusion-fullwidth.fusion-builder-row-1 { overflow:visible; }<\/style><\/div>\n","protected":false},"excerpt":{"rendered":"","protected":false},"author":61,"featured_media":0,"parent":0,"menu_order":0,"comment_status":"closed","ping_status":"open","template":"100-width.php","meta":[],"acf":[],"yoast_head":"<!-- This site is optimized with the Yoast SEO plugin v19.13 - https:\/\/yoast.com\/wordpress\/plugins\/seo\/ -->\n<title>\u00c0 propos de LAT Multilingue - LAT Multilingue Traduction et Marketing<\/title>\n<meta name=\"description\" content=\"Learn about the LAT Multilingual team based Canada which provides translation and cultural marketing services to clients around the world.\" \/>\n<meta name=\"robots\" content=\"index, follow, max-snippet:-1, max-image-preview:large, max-video-preview:-1\" \/>\n<link rel=\"canonical\" href=\"https:\/\/staging.latmultilingual.com\/fr\/a-propos-de-nous\/\" \/>\n<meta property=\"og:locale\" content=\"fr_FR\" \/>\n<meta property=\"og:type\" content=\"article\" \/>\n<meta property=\"og:title\" content=\"\u00c0 propos de LAT Multilingue - LAT Multilingue Traduction et Marketing\" \/>\n<meta property=\"og:description\" content=\"Learn about the LAT Multilingual team based Canada which provides translation and cultural marketing services to clients around the world.\" \/>\n<meta property=\"og:url\" content=\"https:\/\/staging.latmultilingual.com\/fr\/a-propos-de-nous\/\" \/>\n<meta property=\"og:site_name\" content=\"LAT Multilingue Traduction et Marketing\" \/>\n<meta property=\"article:publisher\" content=\"https:\/\/www.facebook.com\/LATMultilingual\/\" \/>\n<meta property=\"article:modified_time\" content=\"2022-03-07T23:29:39+00:00\" \/>\n<meta name=\"twitter:card\" content=\"summary_large_image\" \/>\n<meta name=\"twitter:site\" content=\"@LATMultilingual\" \/>\n<meta name=\"twitter:label1\" content=\"Dur\u00e9e de lecture estim\u00e9e\" \/>\n\t<meta name=\"twitter:data1\" content=\"5 minutes\" \/>\n<script type=\"application\/ld+json\" class=\"yoast-schema-graph\">{\"@context\":\"https:\/\/schema.org\",\"@graph\":[{\"@type\":\"WebPage\",\"@id\":\"https:\/\/staging.latmultilingual.com\/fr\/a-propos-de-nous\/\",\"url\":\"https:\/\/staging.latmultilingual.com\/fr\/a-propos-de-nous\/\",\"name\":\"\u00c0 propos de LAT Multilingue - LAT Multilingue Traduction et Marketing\",\"isPartOf\":{\"@id\":\"https:\/\/staging.latmultilingual.com\/#website\"},\"datePublished\":\"2014-07-30T23:46:10+00:00\",\"dateModified\":\"2022-03-07T23:29:39+00:00\",\"description\":\"Learn about the LAT Multilingual team based Canada which provides translation and cultural marketing services to clients around the world.\",\"breadcrumb\":{\"@id\":\"https:\/\/staging.latmultilingual.com\/fr\/a-propos-de-nous\/#breadcrumb\"},\"inLanguage\":\"fr-FR\",\"potentialAction\":[{\"@type\":\"ReadAction\",\"target\":[\"https:\/\/staging.latmultilingual.com\/fr\/a-propos-de-nous\/\"]}]},{\"@type\":\"BreadcrumbList\",\"@id\":\"https:\/\/staging.latmultilingual.com\/fr\/a-propos-de-nous\/#breadcrumb\",\"itemListElement\":[{\"@type\":\"ListItem\",\"position\":1,\"name\":\"Home\",\"item\":\"https:\/\/staging.latmultilingual.com\/fr\/\"},{\"@type\":\"ListItem\",\"position\":2,\"name\":\"\u00c0 propos de LAT Multilingue\"}]},{\"@type\":\"WebSite\",\"@id\":\"https:\/\/staging.latmultilingual.com\/#website\",\"url\":\"https:\/\/staging.latmultilingual.com\/\",\"name\":\"LAT Multilingue Traduction et Marketing\",\"description\":\"Reach New Markets with Quality Translation and Cultural Marketing Services\",\"potentialAction\":[{\"@type\":\"SearchAction\",\"target\":{\"@type\":\"EntryPoint\",\"urlTemplate\":\"https:\/\/staging.latmultilingual.com\/?s={search_term_string}\"},\"query-input\":\"required name=search_term_string\"}],\"inLanguage\":\"fr-FR\"}]}<\/script>\n<!-- \/ Yoast SEO plugin. -->","yoast_head_json":{"title":"\u00c0 propos de LAT Multilingue - LAT Multilingue Traduction et Marketing","description":"Learn about the LAT Multilingual team based Canada which provides translation and cultural marketing services to clients around the world.","robots":{"index":"index","follow":"follow","max-snippet":"max-snippet:-1","max-image-preview":"max-image-preview:large","max-video-preview":"max-video-preview:-1"},"canonical":"https:\/\/staging.latmultilingual.com\/fr\/a-propos-de-nous\/","og_locale":"fr_FR","og_type":"article","og_title":"\u00c0 propos de LAT Multilingue - LAT Multilingue Traduction et Marketing","og_description":"Learn about the LAT Multilingual team based Canada which provides translation and cultural marketing services to clients around the world.","og_url":"https:\/\/staging.latmultilingual.com\/fr\/a-propos-de-nous\/","og_site_name":"LAT Multilingue Traduction et Marketing","article_publisher":"https:\/\/www.facebook.com\/LATMultilingual\/","article_modified_time":"2022-03-07T23:29:39+00:00","twitter_card":"summary_large_image","twitter_site":"@LATMultilingual","twitter_misc":{"Dur\u00e9e de lecture estim\u00e9e":"5 minutes"},"schema":{"@context":"https:\/\/schema.org","@graph":[{"@type":"WebPage","@id":"https:\/\/staging.latmultilingual.com\/fr\/a-propos-de-nous\/","url":"https:\/\/staging.latmultilingual.com\/fr\/a-propos-de-nous\/","name":"\u00c0 propos de LAT Multilingue - LAT Multilingue Traduction et Marketing","isPartOf":{"@id":"https:\/\/staging.latmultilingual.com\/#website"},"datePublished":"2014-07-30T23:46:10+00:00","dateModified":"2022-03-07T23:29:39+00:00","description":"Learn about the LAT Multilingual team based Canada which provides translation and cultural marketing services to clients around the world.","breadcrumb":{"@id":"https:\/\/staging.latmultilingual.com\/fr\/a-propos-de-nous\/#breadcrumb"},"inLanguage":"fr-FR","potentialAction":[{"@type":"ReadAction","target":["https:\/\/staging.latmultilingual.com\/fr\/a-propos-de-nous\/"]}]},{"@type":"BreadcrumbList","@id":"https:\/\/staging.latmultilingual.com\/fr\/a-propos-de-nous\/#breadcrumb","itemListElement":[{"@type":"ListItem","position":1,"name":"Home","item":"https:\/\/staging.latmultilingual.com\/fr\/"},{"@type":"ListItem","position":2,"name":"\u00c0 propos de LAT Multilingue"}]},{"@type":"WebSite","@id":"https:\/\/staging.latmultilingual.com\/#website","url":"https:\/\/staging.latmultilingual.com\/","name":"LAT Multilingue Traduction et Marketing","description":"Reach New Markets with Quality Translation and Cultural Marketing Services","potentialAction":[{"@type":"SearchAction","target":{"@type":"EntryPoint","urlTemplate":"https:\/\/staging.latmultilingual.com\/?s={search_term_string}"},"query-input":"required name=search_term_string"}],"inLanguage":"fr-FR"}]}},"_links":{"self":[{"href":"https:\/\/staging.latmultilingual.com\/fr\/wp-json\/wp\/v2\/pages\/9131"}],"collection":[{"href":"https:\/\/staging.latmultilingual.com\/fr\/wp-json\/wp\/v2\/pages"}],"about":[{"href":"https:\/\/staging.latmultilingual.com\/fr\/wp-json\/wp\/v2\/types\/page"}],"author":[{"embeddable":true,"href":"https:\/\/staging.latmultilingual.com\/fr\/wp-json\/wp\/v2\/users\/61"}],"replies":[{"embeddable":true,"href":"https:\/\/staging.latmultilingual.com\/fr\/wp-json\/wp\/v2\/comments?post=9131"}],"version-history":[{"count":14,"href":"https:\/\/staging.latmultilingual.com\/fr\/wp-json\/wp\/v2\/pages\/9131\/revisions"}],"predecessor-version":[{"id":22406,"href":"https:\/\/staging.latmultilingual.com\/fr\/wp-json\/wp\/v2\/pages\/9131\/revisions\/22406"}],"wp:attachment":[{"href":"https:\/\/staging.latmultilingual.com\/fr\/wp-json\/wp\/v2\/media?parent=9131"}],"curies":[{"name":"wp","href":"https:\/\/api.w.org\/{rel}","templated":true}]}}